{"id":36631,"date":"2023-02-07T14:30:25","date_gmt":"2023-02-07T19:30:25","guid":{"rendered":"https:\/\/www.gingerbreadmanor.com\/montreal-le-guide-ultime-pour-les-touristes\/"},"modified":"2026-01-30T12:15:22","modified_gmt":"2026-01-30T17:15:22","slug":"montreal-le-guide-ultime-pour-les-touristes","status":"publish","type":"page","link":"https:\/\/www.gingerbreadmanor.com\/fr\/montreal-le-guide-ultime-pour-les-touristes\/","title":{"rendered":"Montr\u00e9al : le guide ultime pour les touristes"},"content":{"rendered":"\t\t<div data-elementor-type=\"wp-page\" data-elementor-id=\"36631\" class=\"elementor elementor-36631 elementor-36617\" data-elementor-settings=\"{&quot;element_pack_global_tooltip_width&quot;:{&quot;unit&quot;:&quot;px&quot;,&quot;size&quot;:&quot;&quot;,&quot;sizes&quot;:[]},&quot;element_pack_global_tooltip_width_tablet&quot;:{&quot;unit&quot;:&quot;px&quot;,&quot;size&quot;:&quot;&quot;,&quot;sizes&quot;:[]},&quot;element_pack_global_tooltip_width_mobile&quot;:{&quot;unit&quot;:&quot;px&quot;,&quot;size&quot;:&quot;&quot;,&quot;sizes&quot;:[]},&quot;element_pack_global_tooltip_padding&quot;:{&quot;unit&quot;:&quot;px&quot;,&quot;top&quot;:&quot;&quot;,&quot;right&quot;:&quot;&quot;,&quot;bottom&quot;:&quot;&quot;,&quot;left&quot;:&quot;&quot;,&quot;isLinked&quot;:true},&quot;element_pack_global_tooltip_padding_tablet&quot;:{&quot;unit&quot;:&quot;px&quot;,&quot;top&quot;:&quot;&quot;,&quot;right&quot;:&quot;&quot;,&quot;bottom&quot;:&quot;&quot;,&quot;left&quot;:&quot;&quot;,&quot;isLinked&quot;:true},&quot;element_pack_global_tooltip_padding_mobile&quot;:{&quot;unit&quot;:&quot;px&quot;,&quot;top&quot;:&quot;&quot;,&quot;right&quot;:&quot;&quot;,&quot;bottom&quot;:&quot;&quot;,&quot;left&quot;:&quot;&quot;,&quot;isLinked&quot;:true},&quot;element_pack_global_tooltip_border_radius&quot;:{&quot;unit&quot;:&quot;px&quot;,&quot;top&quot;:&quot;&quot;,&quot;right&quot;:&quot;&quot;,&quot;bottom&quot;:&quot;&quot;,&quot;left&quot;:&quot;&quot;,&quot;isLinked&quot;:true},&quot;element_pack_global_tooltip_border_radius_tablet&quot;:{&quot;unit&quot;:&quot;px&quot;,&quot;top&quot;:&quot;&quot;,&quot;right&quot;:&quot;&quot;,&quot;bottom&quot;:&quot;&quot;,&quot;left&quot;:&quot;&quot;,&quot;isLinked&quot;:true},&quot;element_pack_global_tooltip_border_radius_mobile&quot;:{&quot;unit&quot;:&quot;px&quot;,&quot;top&quot;:&quot;&quot;,&quot;right&quot;:&quot;&quot;,&quot;bottom&quot;:&quot;&quot;,&quot;left&quot;:&quot;&quot;,&quot;isLinked&quot;:true}}\">\n\t\t\t\t\t\t<section class=\"elementor-section elementor-top-section elementor-element elementor-element-d211b13 elementor-section-boxed elementor-section-height-default elementor-section-height-default\" data-id=\"d211b13\" data-element_type=\"section\" data-e-type=\"section\" data-settings=\"{&quot;background_background&quot;:&quot;slideshow&quot;,&quot;background_slideshow_gallery&quot;:[],&quot;background_slideshow_loop&quot;:&quot;yes&quot;,&quot;background_slideshow_slide_duration&quot;:5000,&quot;background_slideshow_slide_transition&quot;:&quot;fade&quot;,&quot;background_slideshow_transition_duration&quot;:500}\">\n\t\t\t\t\t\t<div class=\"elementor-container elementor-column-gap-default\">\n\t\t\t\t\t<div class=\"elementor-column elementor-col-100 elementor-top-column elementor-element elementor-element-48b3c25\" data-id=\"48b3c25\" data-element_type=\"column\" data-e-type=\"column\">\n\t\t\t<div class=\"elementor-widget-wrap elementor-element-populated\">\n\t\t\t\t\t\t<div class=\"elementor-element elementor-element-6b5b570 elementor-widget__width-inherit elementor-widget elementor-widget-image\" data-id=\"6b5b570\" data-element_type=\"widget\" data-e-type=\"widget\" data-widget_type=\"image.default\">\n\t\t\t\t<div class=\"elementor-widget-container\">\n\t\t\t\t\t\t\t\t\t\t\t\t\t\t\t<img fetchpriority=\"high\" decoding=\"async\" width=\"950\" height=\"473\" src=\"https:\/\/www.gingerbreadmanor.com\/wp-content\/uploads\/2012\/12\/montreal-66238.jpeg\" class=\"attachment-full size-full wp-image-8528\" alt=\"Le panorama urbain de Montr\u00e9al\" srcset=\"https:\/\/www.gingerbreadmanor.com\/wp-content\/uploads\/2012\/12\/montreal-66238.jpeg 950w, https:\/\/www.gingerbreadmanor.com\/wp-content\/uploads\/2012\/12\/montreal-66238-300x149.jpeg 300w, https:\/\/www.gingerbreadmanor.com\/wp-content\/uploads\/2012\/12\/montreal-66238-768x382.jpeg 768w\" sizes=\"(max-width: 950px) 100vw, 950px\" \/>\t\t\t\t\t\t\t\t\t\t\t\t\t\t\t<\/div>\n\t\t\t\t<\/div>\n\t\t\t\t<div class=\"elementor-element elementor-element-89c79d1 elementor-widget elementor-widget-heading\" data-id=\"89c79d1\" data-element_type=\"widget\" data-e-type=\"widget\" data-widget_type=\"heading.default\">\n\t\t\t\t<div class=\"elementor-widget-container\">\n\t\t\t\t\t<h1 class=\"elementor-heading-title elementor-size-default\">Montr\u00e9al : le guide ultime pour les touristes<\/h1>\t\t\t\t<\/div>\n\t\t\t\t<\/div>\n\t\t\t\t<div class=\"elementor-element elementor-element-6285bf4 elementor-widget elementor-widget-text-editor\" data-id=\"6285bf4\" data-element_type=\"widget\" data-e-type=\"widget\" data-widget_type=\"text-editor.default\">\n\t\t\t\t<div class=\"elementor-widget-container\">\n\t\t\t\t\t\t\t\t\tL&rsquo;inoubliable Montr\u00e9al vous attend ! Cette ville vibrante, riche en histoire et en culture, promet une exp\u00e9rience inoubliable \u00e0 tout voyageur. Plongez dans ce guide du visiteur de Montr\u00e9al, d\u00e9couvrez des joyaux cach\u00e9s et planifiez votre voyage parfait.  \t\t\t\t\t\t\t\t<\/div>\n\t\t\t\t<\/div>\n\t\t\t\t<section class=\"elementor-section elementor-inner-section elementor-element elementor-element-52256ab elementor-section-boxed elementor-section-height-default elementor-section-height-default\" data-id=\"52256ab\" data-element_type=\"section\" data-e-type=\"section\">\n\t\t\t\t\t\t<div class=\"elementor-container elementor-column-gap-default\">\n\t\t\t\t\t<div class=\"elementor-column elementor-col-50 elementor-inner-column elementor-element elementor-element-e3c48db\" data-id=\"e3c48db\" data-element_type=\"column\" data-e-type=\"column\">\n\t\t\t<div class=\"elementor-widget-wrap elementor-element-populated\">\n\t\t\t\t\t\t<div class=\"elementor-element elementor-element-8c25767 elementor-widget elementor-widget-heading\" data-id=\"8c25767\" data-element_type=\"widget\" data-e-type=\"widget\" data-widget_type=\"heading.default\">\n\t\t\t\t<div class=\"elementor-widget-container\">\n\t\t\t\t\t<h2 class=\"elementor-heading-title elementor-size-default\">Histoire et culture<\/h2>\t\t\t\t<\/div>\n\t\t\t\t<\/div>\n\t\t\t\t<div class=\"elementor-element elementor-element-28a5c08 elementor-widget elementor-widget-text-editor\" data-id=\"28a5c08\" data-element_type=\"widget\" data-e-type=\"widget\" data-widget_type=\"text-editor.default\">\n\t\t\t\t<div class=\"elementor-widget-container\">\n\t\t\t\t\t\t\t\t\t<p>Les colons fran\u00e7ais ont fond\u00e9 Montr\u00e9al comme poste de traite des fourrures au 17e si\u00e8cle. Aujourd&rsquo;hui, c&rsquo;est une plaque tournante de la culture et du commerce et met en valeur son patrimoine europ\u00e9en \u00e0 travers son architecture, sa cuisine et sa sc\u00e8ne artistique. La ville compte de nombreux mus\u00e9es, th\u00e9\u00e2tres et galeries et est une plaque tournante pour les activit\u00e9s culturelles.<\/p><p>La basilique Notre-Dame, un magnifique exemple d&rsquo;architecture n\u00e9o-gothique, est l&rsquo;un des monuments les plus embl\u00e9matiques de Montr\u00e9al. Construit au 19e si\u00e8cle, c&rsquo;est l&rsquo;un des plus beaux exemples d&rsquo;architecture religieuse en Am\u00e9rique du Nord. Les visiteurs peuvent admirer ses magnifiques vitraux et ses sculptures complexes en faisant une visite.<\/p><p>La sc\u00e8ne musicale anim\u00e9e de Montr\u00e9al compte de nombreux clubs de jazz, salles de concert et festivals de musique tout au long de l&rsquo;ann\u00e9e, dont le Festival international de jazz de Montr\u00e9al, l&rsquo;un des plus importants au monde. Le festival attire les meilleurs musiciens du monde entier.<\/p>\t\t\t\t\t\t\t\t<\/div>\n\t\t\t\t<\/div>\n\t\t\t\t\t<\/div>\n\t\t<\/div>\n\t\t\t\t<div class=\"elementor-column elementor-col-50 elementor-inner-column elementor-element elementor-element-b02d2f3\" data-id=\"b02d2f3\" data-element_type=\"column\" data-e-type=\"column\">\n\t\t\t<div class=\"elementor-widget-wrap elementor-element-populated\">\n\t\t\t\t\t\t<div class=\"elementor-element elementor-element-c25d8fa elementor-widget elementor-widget-image\" data-id=\"c25d8fa\" data-element_type=\"widget\" data-e-type=\"widget\" data-widget_type=\"image.default\">\n\t\t\t\t<div class=\"elementor-widget-container\">\n\t\t\t\t\t\t\t\t\t\t\t\t\t\t\t<img decoding=\"async\" width=\"300\" height=\"225\" src=\"https:\/\/www.gingerbreadmanor.com\/wp-content\/uploads\/2021\/05\/GingerbreadManor_Exterior1-300x225.jpeg\" class=\"attachment-medium size-medium wp-image-8313\" alt=\"Manoir au Pains d&#039;Epice Ext\u00e9rieur\" srcset=\"https:\/\/www.gingerbreadmanor.com\/wp-content\/uploads\/2021\/05\/GingerbreadManor_Exterior1-300x225.jpeg 300w, https:\/\/www.gingerbreadmanor.com\/wp-content\/uploads\/2021\/05\/GingerbreadManor_Exterior1-768x576.jpeg 768w, https:\/\/www.gingerbreadmanor.com\/wp-content\/uploads\/2021\/05\/GingerbreadManor_Exterior1.jpeg 940w\" sizes=\"(max-width: 300px) 100vw, 300px\" \/>\t\t\t\t\t\t\t\t\t\t\t\t\t\t\t<\/div>\n\t\t\t\t<\/div>\n\t\t\t\t<div class=\"elementor-element elementor-element-3934ea9 elementor-widget elementor-widget-image\" data-id=\"3934ea9\" data-element_type=\"widget\" data-e-type=\"widget\" data-widget_type=\"image.default\">\n\t\t\t\t<div class=\"elementor-widget-container\">\n\t\t\t\t\t\t\t\t\t\t\t\t\t\t\t<img decoding=\"async\" width=\"300\" height=\"225\" src=\"https:\/\/www.gingerbreadmanor.com\/wp-content\/uploads\/2018\/06\/champlain-4-300x225.jpg\" class=\"attachment-medium size-medium wp-image-8221\" alt=\"Champlain\" srcset=\"https:\/\/www.gingerbreadmanor.com\/wp-content\/uploads\/2018\/06\/champlain-4-300x225.jpg 300w, https:\/\/www.gingerbreadmanor.com\/wp-content\/uploads\/2018\/06\/champlain-4-768x576.jpg 768w, https:\/\/www.gingerbreadmanor.com\/wp-content\/uploads\/2018\/06\/champlain-4.jpg 1024w\" sizes=\"(max-width: 300px) 100vw, 300px\" \/>\t\t\t\t\t\t\t\t\t\t\t\t\t\t\t<\/div>\n\t\t\t\t<\/div>\n\t\t\t\t<div class=\"elementor-element elementor-element-3b0f297 elementor-align-right elementor-widget elementor-widget-button\" data-id=\"3b0f297\" data-element_type=\"widget\" data-e-type=\"widget\" data-widget_type=\"button.default\">\n\t\t\t\t<div class=\"elementor-widget-container\">\n\t\t\t\t\t\t\t\t\t<div class=\"elementor-button-wrapper\">\n\t\t\t\t\t<a class=\"elementor-button elementor-button-link elementor-size-sm\" href=\"https:\/\/v2.reservationkey.com\/Gingerbread\/fr\" target=\"_blank\" rel=\"noopener\">\n\t\t\t\t\t\t<span class=\"elementor-button-content-wrapper\">\n\t\t\t\t\t\t<span class=\"elementor-button-icon\">\n\t\t\t\t<i aria-hidden=\"true\" class=\"far fa-calendar-alt\"><\/i>\t\t\t<\/span>\n\t\t\t\t\t\t\t\t\t<span class=\"elementor-button-text\">V\u00e9rifier disponibilit\u00e9<\/span>\n\t\t\t\t\t<\/span>\n\t\t\t\t\t<\/a>\n\t\t\t\t<\/div>\n\t\t\t\t\t\t\t\t<\/div>\n\t\t\t\t<\/div>\n\t\t\t\t\t<\/div>\n\t\t<\/div>\n\t\t\t\t\t<\/div>\n\t\t<\/section>\n\t\t\t\t\t<\/div>\n\t\t<\/div>\n\t\t\t\t\t<\/div>\n\t\t<\/section>\n\t\t\t\t<section class=\"elementor-section elementor-top-section elementor-element elementor-element-79a63a6 elementor-section-boxed elementor-section-height-default elementor-section-height-default\" data-id=\"79a63a6\" data-element_type=\"section\" data-e-type=\"section\">\n\t\t\t\t\t\t<div class=\"elementor-container elementor-column-gap-default\">\n\t\t\t\t\t<div class=\"elementor-column elementor-col-100 elementor-top-column elementor-element elementor-element-8ab5f7d\" data-id=\"8ab5f7d\" data-element_type=\"column\" data-e-type=\"column\">\n\t\t\t<div class=\"elementor-widget-wrap elementor-element-populated\">\n\t\t\t\t\t\t<div class=\"elementor-element elementor-element-89cef65 elementor-widget elementor-widget-heading\" data-id=\"89cef65\" data-element_type=\"widget\" data-e-type=\"widget\" data-widget_type=\"heading.default\">\n\t\t\t\t<div class=\"elementor-widget-container\">\n\t\t\t\t\t<h2 class=\"elementor-heading-title elementor-size-default\">Nourriture et Gastronomie<\/h2>\t\t\t\t<\/div>\n\t\t\t\t<\/div>\n\t\t\t\t<div class=\"elementor-element elementor-element-a492760 elementor-widget elementor-widget-text-editor\" data-id=\"a492760\" data-element_type=\"widget\" data-e-type=\"widget\" data-widget_type=\"text-editor.default\">\n\t\t\t\t<div class=\"elementor-widget-container\">\n\t\t\t\t\t\t\t\t\t<p>Les gourmands trouveront le paradis \u00e0 Montr\u00e9al, o\u00f9 une cuisine diversifi\u00e9e et \u00e9clectique refl\u00e8te l&rsquo;histoire multiculturelle de la ville. Des plats fran\u00e7ais traditionnels \u00e0 la cuisine de rue savoureuse, il y en a pour tous les go\u00fbts.<\/p><p>La poutine, une d\u00e9licieuse combinaison de frites, de sauce et de fromage en grains, est l&rsquo;un des plats les plus c\u00e9l\u00e8bres de Montr\u00e9al. Vous pouvez le trouver dans les diners et les restaurants de toute la ville. La viande fum\u00e9e, une charcuterie populaire similaire au pastrami, mais \u00e0 base de poitrine, est souvent servie sur des sandwichs.<\/p><p>De nombreuses boulangeries, caf\u00e9s et p\u00e2tisseries \u00e0 Montr\u00e9al offrent une gamme de friandises et de produits de boulangerie. Vous pourrez d\u00e9guster les c\u00e9l\u00e8bres bagels de la ville, cuits dans des fours \u00e0 bois, ou vous offrir un croissant feuillet\u00e9 ou un macaron.<\/p>\t\t\t\t\t\t\t\t<\/div>\n\t\t\t\t<\/div>\n\t\t\t\t<div class=\"elementor-element elementor-element-3d21b7f elementor-widget elementor-widget-heading\" data-id=\"3d21b7f\" data-element_type=\"widget\" data-e-type=\"widget\" data-widget_type=\"heading.default\">\n\t\t\t\t<div class=\"elementor-widget-container\">\n\t\t\t\t\t<h2 class=\"elementor-heading-title elementor-size-default\">H\u00e9bergement<\/h2>\t\t\t\t<\/div>\n\t\t\t\t<\/div>\n\t\t\t\t<div class=\"elementor-element elementor-element-dec6d36 elementor-widget elementor-widget-text-editor\" data-id=\"dec6d36\" data-element_type=\"widget\" data-e-type=\"widget\" data-widget_type=\"text-editor.default\">\n\t\t\t\t<div class=\"elementor-widget-container\">\n\t\t\t\t\t\t\t\t\t<p>Les visiteurs de Montr\u00e9al ont une vari\u00e9t\u00e9 d&rsquo;options d&rsquo;h\u00e9bergement, des h\u00f4tels de luxe aux auberges \u00e9conomiques. La ville compte de nombreux h\u00f4tels, dont beaucoup sont situ\u00e9s au c\u0153ur du centre-ville, \u00e0 proximit\u00e9 des attractions touristiques et des zones commer\u00e7antes.<\/p><p>Les voyageurs soucieux de leur budget peuvent trouver des options confortables et abordables sous la forme d&rsquo;auberges et d&rsquo;h\u00f4tels \u00e9conomiques.<\/p><p>L&rsquo;une des meilleures options est le Gingerbread Manor Bed and Breakfast, qui se trouve \u00e0 distance de marche du centre-ville, du Vieux-Montr\u00e9al et du <a href=\"https:\/\/www.gingerbreadmanor.com\/fr\/plateau-mont-royal-2\/\">Plateau<\/a>, et offre un acc\u00e8s facile au m\u00e9tro et aux bus.<\/p>\t\t\t\t\t\t\t\t<\/div>\n\t\t\t\t<\/div>\n\t\t\t\t<div class=\"elementor-element elementor-element-42758f9 elementor-widget elementor-widget-heading\" data-id=\"42758f9\" data-element_type=\"widget\" data-e-type=\"widget\" data-widget_type=\"heading.default\">\n\t\t\t\t<div class=\"elementor-widget-container\">\n\t\t\t\t\t<h2 class=\"elementor-heading-title elementor-size-default\">Transport<\/h2>\t\t\t\t<\/div>\n\t\t\t\t<\/div>\n\t\t\t\t<div class=\"elementor-element elementor-element-6c06a11 elementor-widget elementor-widget-text-editor\" data-id=\"6c06a11\" data-element_type=\"widget\" data-e-type=\"widget\" data-widget_type=\"text-editor.default\">\n\t\t\t\t<div class=\"elementor-widget-container\">\n\t\t\t\t\t\t\t\t\t<p>Se d\u00e9placer \u00e0 Montr\u00e9al est pratique gr\u00e2ce aux diverses options de transport offertes aux visiteurs. La ville dispose d&rsquo;un syst\u00e8me de transport en commun efficace, comprenant des bus, des m\u00e9tros et des taxis, ce qui facilite les d\u00e9placements d&rsquo;un endroit \u00e0 un autre.<\/p><p>Les visiteurs qui pr\u00e9f\u00e8rent explorer la ville par eux-m\u00eames peuvent louer un v\u00e9lo gr\u00e2ce \u00e0 l&rsquo;un des nombreux services de location de v\u00e9los et profiter des parcs et des pistes cyclables de la ville.<\/p>\t\t\t\t\t\t\t\t<\/div>\n\t\t\t\t<\/div>\n\t\t\t\t\t<\/div>\n\t\t<\/div>\n\t\t\t\t\t<\/div>\n\t\t<\/section>\n\t\t\t\t<\/div>\n\t\t","protected":false},"excerpt":{"rendered":"<p>Montr\u00e9al : le guide ultime pour les touristes L&rsquo;inoubliable Montr\u00e9al vous attend ! Cette ville vibrante, riche en histoire et [&hellip;]<\/p>\n","protected":false},"author":2,"featured_media":8528,"parent":0,"menu_order":0,"comment_status":"closed","ping_status":"closed","template":"elementor_header_footer","meta":{"_monsterinsights_skip_tracking":false,"_monsterinsights_sitenote_active":false,"_monsterinsights_sitenote_note":"","_monsterinsights_sitenote_category":0,"site-sidebar-layout":"default","site-content-layout":"","ast-site-content-layout":"default","site-content-style":"default","site-sidebar-style":"default","ast-global-header-display":"","ast-banner-title-visibility":"","ast-main-header-display":"","ast-hfb-above-header-display":"","ast-hfb-below-header-display":"","ast-hfb-mobile-header-display":"","site-post-title":"disabled","ast-breadcrumbs-content":"","ast-featured-img":"","footer-sml-layout":"","ast-disable-related-posts":"","theme-transparent-header-meta":"","adv-header-id-meta":"","stick-header-meta":"","header-above-stick-meta":"","header-main-stick-meta":"","header-below-stick-meta":"","astra-migrate-meta-layouts":"default","ast-page-background-enabled":"default","ast-page-background-meta":{"desktop":{"background-color":"var(--ast-global-color-5)","background-image":"","background-repeat":"repeat","background-position":"center center","background-size":"auto","background-attachment":"scroll","background-type":"","background-media":"","overlay-type":"","overlay-color":"","overlay-opacity":"","overlay-gradient":""},"tablet":{"background-color":"","background-image":"","background-repeat":"repeat","background-position":"center center","background-size":"auto","background-attachment":"scroll","background-type":"","background-media":"","overlay-type":"","overlay-color":"","overlay-opacity":"","overlay-gradient":""},"mobile":{"background-color":"","background-image":"","background-repeat":"repeat","background-position":"center center","background-size":"auto","background-attachment":"scroll","background-type":"","background-media":"","overlay-type":"","overlay-color":"","overlay-opacity":"","overlay-gradient":""}},"ast-content-background-meta":{"desktop":{"background-color":"var(--ast-global-color-4)","background-image":"","background-repeat":"repeat","background-position":"center center","background-size":"auto","background-attachment":"scroll","background-type":"","background-media":"","overlay-type":"","overlay-color":"","overlay-opacity":"","overlay-gradient":""},"tablet":{"background-color":"var(--ast-global-color-4)","background-image":"","background-repeat":"repeat","background-position":"center center","background-size":"auto","background-attachment":"scroll","background-type":"","background-media":"","overlay-type":"","overlay-color":"","overlay-opacity":"","overlay-gradient":""},"mobile":{"background-color":"var(--ast-global-color-4)","background-image":"","background-repeat":"repeat","background-position":"center center","background-size":"auto","background-attachment":"scroll","background-type":"","background-media":"","overlay-type":"","overlay-color":"","overlay-opacity":"","overlay-gradient":""}},"footnotes":""},"class_list":["post-36631","page","type-page","status-publish","has-post-thumbnail","hentry"],"_links":{"self":[{"href":"https:\/\/www.gingerbreadmanor.com\/fr\/wp-json\/wp\/v2\/pages\/36631","targetHints":{"allow":["GET"]}}],"collection":[{"href":"https:\/\/www.gingerbreadmanor.com\/fr\/wp-json\/wp\/v2\/pages"}],"about":[{"href":"https:\/\/www.gingerbreadmanor.com\/fr\/wp-json\/wp\/v2\/types\/page"}],"author":[{"embeddable":true,"href":"https:\/\/www.gingerbreadmanor.com\/fr\/wp-json\/wp\/v2\/users\/2"}],"replies":[{"embeddable":true,"href":"https:\/\/www.gingerbreadmanor.com\/fr\/wp-json\/wp\/v2\/comments?post=36631"}],"version-history":[{"count":3,"href":"https:\/\/www.gingerbreadmanor.com\/fr\/wp-json\/wp\/v2\/pages\/36631\/revisions"}],"predecessor-version":[{"id":42287,"href":"https:\/\/www.gingerbreadmanor.com\/fr\/wp-json\/wp\/v2\/pages\/36631\/revisions\/42287"}],"wp:featuredmedia":[{"embeddable":true,"href":"https:\/\/www.gingerbreadmanor.com\/fr\/wp-json\/wp\/v2\/media\/8528"}],"wp:attachment":[{"href":"https:\/\/www.gingerbreadmanor.com\/fr\/wp-json\/wp\/v2\/media?parent=36631"}],"curies":[{"name":"wp","href":"https:\/\/api.w.org\/{rel}","templated":true}]}}