{"id":36780,"date":"2023-02-24T15:07:30","date_gmt":"2023-02-24T20:07:30","guid":{"rendered":"https:\/\/www.gingerbreadmanor.com\/ou-est-le-meilleur-endroit-ou-sejourner-a-montreal\/"},"modified":"2026-01-30T12:26:06","modified_gmt":"2026-01-30T17:26:06","slug":"ou-est-le-meilleur-endroit-ou-sejourner-a-montreal","status":"publish","type":"page","link":"https:\/\/www.gingerbreadmanor.com\/fr\/ou-est-le-meilleur-endroit-ou-sejourner-a-montreal\/","title":{"rendered":"O\u00f9 est le meilleur endroit o\u00f9 s\u00e9journer \u00e0 Montr\u00e9al?"},"content":{"rendered":"\t\t<div data-elementor-type=\"wp-page\" data-elementor-id=\"36780\" class=\"elementor elementor-36780 elementor-6169\" data-elementor-settings=\"{&quot;element_pack_global_tooltip_width&quot;:{&quot;unit&quot;:&quot;px&quot;,&quot;size&quot;:&quot;&quot;,&quot;sizes&quot;:[]},&quot;element_pack_global_tooltip_width_tablet&quot;:{&quot;unit&quot;:&quot;px&quot;,&quot;size&quot;:&quot;&quot;,&quot;sizes&quot;:[]},&quot;element_pack_global_tooltip_width_mobile&quot;:{&quot;unit&quot;:&quot;px&quot;,&quot;size&quot;:&quot;&quot;,&quot;sizes&quot;:[]},&quot;element_pack_global_tooltip_padding&quot;:{&quot;unit&quot;:&quot;px&quot;,&quot;top&quot;:&quot;&quot;,&quot;right&quot;:&quot;&quot;,&quot;bottom&quot;:&quot;&quot;,&quot;left&quot;:&quot;&quot;,&quot;isLinked&quot;:true},&quot;element_pack_global_tooltip_padding_tablet&quot;:{&quot;unit&quot;:&quot;px&quot;,&quot;top&quot;:&quot;&quot;,&quot;right&quot;:&quot;&quot;,&quot;bottom&quot;:&quot;&quot;,&quot;left&quot;:&quot;&quot;,&quot;isLinked&quot;:true},&quot;element_pack_global_tooltip_padding_mobile&quot;:{&quot;unit&quot;:&quot;px&quot;,&quot;top&quot;:&quot;&quot;,&quot;right&quot;:&quot;&quot;,&quot;bottom&quot;:&quot;&quot;,&quot;left&quot;:&quot;&quot;,&quot;isLinked&quot;:true},&quot;element_pack_global_tooltip_border_radius&quot;:{&quot;unit&quot;:&quot;px&quot;,&quot;top&quot;:&quot;&quot;,&quot;right&quot;:&quot;&quot;,&quot;bottom&quot;:&quot;&quot;,&quot;left&quot;:&quot;&quot;,&quot;isLinked&quot;:true},&quot;element_pack_global_tooltip_border_radius_tablet&quot;:{&quot;unit&quot;:&quot;px&quot;,&quot;top&quot;:&quot;&quot;,&quot;right&quot;:&quot;&quot;,&quot;bottom&quot;:&quot;&quot;,&quot;left&quot;:&quot;&quot;,&quot;isLinked&quot;:true},&quot;element_pack_global_tooltip_border_radius_mobile&quot;:{&quot;unit&quot;:&quot;px&quot;,&quot;top&quot;:&quot;&quot;,&quot;right&quot;:&quot;&quot;,&quot;bottom&quot;:&quot;&quot;,&quot;left&quot;:&quot;&quot;,&quot;isLinked&quot;:true}}\">\n\t\t\t\t\t\t<section class=\"elementor-section elementor-top-section elementor-element elementor-element-12117b3c elementor-section-boxed elementor-section-height-default elementor-section-height-default\" data-id=\"12117b3c\" data-element_type=\"section\" data-e-type=\"section\">\n\t\t\t\t\t\t<div class=\"elementor-container elementor-column-gap-default\">\n\t\t\t\t\t<div class=\"elementor-column elementor-col-100 elementor-top-column elementor-element elementor-element-587480d4\" data-id=\"587480d4\" data-element_type=\"column\" data-e-type=\"column\">\n\t\t\t<div class=\"elementor-widget-wrap elementor-element-populated\">\n\t\t\t\t\t\t<div class=\"elementor-element elementor-element-27972c4 elementor-widget elementor-widget-heading\" data-id=\"27972c4\" data-element_type=\"widget\" data-e-type=\"widget\" data-widget_type=\"heading.default\">\n\t\t\t\t<div class=\"elementor-widget-container\">\n\t\t\t\t\t<h1 class=\"elementor-heading-title elementor-size-default\">O\u00f9 est le meilleur endroit o\u00f9 s\u00e9journer \u00e0 Montr\u00e9al?<\/h1>\t\t\t\t<\/div>\n\t\t\t\t<\/div>\n\t\t\t\t<div class=\"elementor-element elementor-element-6d9def4 elementor-widget elementor-widget-text-editor\" data-id=\"6d9def4\" data-element_type=\"widget\" data-e-type=\"widget\" data-widget_type=\"text-editor.default\">\n\t\t\t\t<div class=\"elementor-widget-container\">\n\t\t\t\t\t\t\t\t\t<p>Si vous vous demandez quel est le meilleur endroit o\u00f9 s\u00e9journer \u00e0 Montr\u00e9al, voici une r\u00e9ponse de la part des gens du coin : le Manoir aux Pains d&rsquo;\u00c9pices, un g\u00eete situ\u00e9 dans le Plateau Mont-Royal. C&rsquo;est un quartier calme et central, regorgeant de caf\u00e9s et de parcs, avec un acc\u00e8s facile au centre-ville, au Vieux-Montr\u00e9al, \u00e0 McGill, au m\u00e9tro et aux principales attractions. Profitez d&rsquo;une maison victorienne historique, d&rsquo;un petit-d\u00e9jeuner fait maison et d&rsquo;un point de d\u00e9part tranquille, d&rsquo;o\u00f9 vous pouvez tout explorer \u00e0 pied.  <\/p>\t\t\t\t\t\t\t\t<\/div>\n\t\t\t\t<\/div>\n\t\t\t\t<div class=\"elementor-element elementor-element-b70563f elementor-widget elementor-widget-image\" data-id=\"b70563f\" data-element_type=\"widget\" data-e-type=\"widget\" data-widget_type=\"image.default\">\n\t\t\t\t<div class=\"elementor-widget-container\">\n\t\t\t\t\t\t\t\t\t\t\t\t\t\t\t<img fetchpriority=\"high\" decoding=\"async\" width=\"950\" height=\"473\" src=\"https:\/\/www.gingerbreadmanor.com\/wp-content\/uploads\/2012\/12\/montreal-66238.jpeg\" class=\"attachment-large size-large wp-image-8528\" alt=\"Le panorama urbain de Montr\u00e9al\" srcset=\"https:\/\/www.gingerbreadmanor.com\/wp-content\/uploads\/2012\/12\/montreal-66238.jpeg 950w, https:\/\/www.gingerbreadmanor.com\/wp-content\/uploads\/2012\/12\/montreal-66238-300x149.jpeg 300w, https:\/\/www.gingerbreadmanor.com\/wp-content\/uploads\/2012\/12\/montreal-66238-768x382.jpeg 768w\" sizes=\"(max-width: 950px) 100vw, 950px\" \/>\t\t\t\t\t\t\t\t\t\t\t\t\t\t\t<\/div>\n\t\t\t\t<\/div>\n\t\t\t\t<section class=\"elementor-section elementor-inner-section elementor-element elementor-element-71f8462 elementor-section-boxed elementor-section-height-default elementor-section-height-default\" data-id=\"71f8462\" data-element_type=\"section\" data-e-type=\"section\">\n\t\t\t\t\t\t<div class=\"elementor-container elementor-column-gap-default\">\n\t\t\t\t\t<div class=\"elementor-column elementor-col-50 elementor-inner-column elementor-element elementor-element-ba7cc0c\" data-id=\"ba7cc0c\" data-element_type=\"column\" data-e-type=\"column\">\n\t\t\t<div class=\"elementor-widget-wrap elementor-element-populated\">\n\t\t\t\t\t\t<div class=\"elementor-element elementor-element-ca3b213 elementor-widget elementor-widget-heading\" data-id=\"ca3b213\" data-element_type=\"widget\" data-e-type=\"widget\" data-widget_type=\"heading.default\">\n\t\t\t\t<div class=\"elementor-widget-container\">\n\t\t\t\t\t<h2 class=\"elementor-heading-title elementor-size-default\">Pourquoi les gens viennent-ils aux Manoir aux pains d'\u00e9pices?<\/h2>\t\t\t\t<\/div>\n\t\t\t\t<\/div>\n\t\t\t\t<div class=\"elementor-element elementor-element-a8770dc elementor-widget elementor-widget-text-editor\" data-id=\"a8770dc\" data-element_type=\"widget\" data-e-type=\"widget\" data-widget_type=\"text-editor.default\">\n\t\t\t\t<div class=\"elementor-widget-container\">\n\t\t\t\t\t\t\t\t\t<p>Diff\u00e9rentes personnes viennent pour diff\u00e9rentes raisons, mais je dirais que les principaux attraits sont l&#8217;emplacement, nous sommes en quelque sorte dans un emplacement id\u00e9al, \u00e0 distance de marche du Vieux-Montr\u00e9al, \u00e0 distance de marche du centre-ville, mais dans un quartier r\u00e9sidentiel plus calme (et r\u00e9el) quartier. Une petite recherche vous montrera que ce quartier est consid\u00e9r\u00e9 comme l&rsquo;un des meilleurs quartiers d&rsquo;Am\u00e9rique du Nord o\u00f9 vivre. Mais la maison est vraiment sp\u00e9ciale aussi. Nous avons beaucoup de d\u00e9tails victoriens d&rsquo;\u00e9poque, mais avec quelques touches modernes. Les salles de bains sont enti\u00e8rement neuves.<\/p>\t\t\t\t\t\t\t\t<\/div>\n\t\t\t\t<\/div>\n\t\t\t\t\t<\/div>\n\t\t<\/div>\n\t\t\t\t<div class=\"elementor-column elementor-col-50 elementor-inner-column elementor-element elementor-element-dab5842\" data-id=\"dab5842\" data-element_type=\"column\" data-e-type=\"column\">\n\t\t\t<div class=\"elementor-widget-wrap elementor-element-populated\">\n\t\t\t\t\t\t<div class=\"elementor-element elementor-element-557ebf3 elementor-widget elementor-widget-image\" data-id=\"557ebf3\" data-element_type=\"widget\" data-e-type=\"widget\" data-widget_type=\"image.default\">\n\t\t\t\t<div class=\"elementor-widget-container\">\n\t\t\t\t\t\t\t\t\t\t\t\t\t\t\t<img decoding=\"async\" width=\"300\" height=\"225\" src=\"https:\/\/www.gingerbreadmanor.com\/wp-content\/uploads\/2021\/05\/GingerbreadManor_Exterior1-300x225.jpeg\" class=\"attachment-medium size-medium wp-image-8313\" alt=\"Manoir au Pains d&#039;Epice Ext\u00e9rieur\" srcset=\"https:\/\/www.gingerbreadmanor.com\/wp-content\/uploads\/2021\/05\/GingerbreadManor_Exterior1-300x225.jpeg 300w, https:\/\/www.gingerbreadmanor.com\/wp-content\/uploads\/2021\/05\/GingerbreadManor_Exterior1-768x576.jpeg 768w, https:\/\/www.gingerbreadmanor.com\/wp-content\/uploads\/2021\/05\/GingerbreadManor_Exterior1.jpeg 940w\" sizes=\"(max-width: 300px) 100vw, 300px\" \/>\t\t\t\t\t\t\t\t\t\t\t\t\t\t\t<\/div>\n\t\t\t\t<\/div>\n\t\t\t\t\t<\/div>\n\t\t<\/div>\n\t\t\t\t\t<\/div>\n\t\t<\/section>\n\t\t\t\t\t<\/div>\n\t\t<\/div>\n\t\t\t\t\t<\/div>\n\t\t<\/section>\n\t\t\t\t<section class=\"elementor-section elementor-top-section elementor-element elementor-element-00a89df elementor-section-boxed elementor-section-height-default elementor-section-height-default\" data-id=\"00a89df\" data-element_type=\"section\" data-e-type=\"section\">\n\t\t\t\t\t\t<div class=\"elementor-container elementor-column-gap-default\">\n\t\t\t\t\t<div class=\"elementor-column elementor-col-100 elementor-top-column elementor-element elementor-element-ad261d0\" data-id=\"ad261d0\" data-element_type=\"column\" data-e-type=\"column\">\n\t\t\t<div class=\"elementor-widget-wrap elementor-element-populated\">\n\t\t\t\t\t\t<div class=\"elementor-element elementor-element-ab182ce elementor-widget elementor-widget-heading\" data-id=\"ab182ce\" data-element_type=\"widget\" data-e-type=\"widget\" data-widget_type=\"heading.default\">\n\t\t\t\t<div class=\"elementor-widget-container\">\n\t\t\t\t\t<h2 class=\"elementor-heading-title elementor-size-default\">Pourquoi le Plateau Mont-Royal est le meilleur endroit o\u00f9 s\u00e9journer \u00e0 Montr\u00e9al<\/h2>\t\t\t\t<\/div>\n\t\t\t\t<\/div>\n\t\t\t\t<div class=\"elementor-element elementor-element-38ac348 elementor-widget elementor-widget-text-editor\" data-id=\"38ac348\" data-element_type=\"widget\" data-e-type=\"widget\" data-widget_type=\"text-editor.default\">\n\t\t\t\t<div class=\"elementor-widget-container\">\n\t\t\t\t\t\t\t\t\t<ul><li class=\"ml-4\">Central, mais r\u00e9sidentiel : Dormez sur une rue bord\u00e9e d&rsquo;arbres et marchez jusqu&rsquo;au centre-ville, au Quartier latin et au Vieux-Montr\u00e9al.<\/li><li class=\"ml-4\">Transport facile : M\u00e9tro Sherbrooke \u00e0 proximit\u00e9; autobus 144 vers McGill; Berri-UQAM \u00e0 quelques minutes.<\/li><li class=\"ml-4\">De la nourriture et des caf\u00e9s partout : Les rues Saint-Denis et Saint-Laurent pour les restaurants, la rue Prince-Arthur pour la restauration pi\u00e9tonne.<\/li><li class=\"ml-4\">Parcs et architecture : Le square Saint-Louis, les maisons classiques en pierre grise et de belles rues \u00e0 explorer.<\/li><\/ul>\t\t\t\t\t\t\t\t<\/div>\n\t\t\t\t<\/div>\n\t\t\t\t\t<\/div>\n\t\t<\/div>\n\t\t\t\t\t<\/div>\n\t\t<\/section>\n\t\t\t\t<section class=\"elementor-section elementor-top-section elementor-element elementor-element-d06f158 elementor-section-boxed elementor-section-height-default elementor-section-height-default\" data-id=\"d06f158\" data-element_type=\"section\" data-e-type=\"section\">\n\t\t\t\t\t\t<div class=\"elementor-container elementor-column-gap-default\">\n\t\t\t\t\t<div class=\"elementor-column elementor-col-33 elementor-top-column elementor-element elementor-element-c861593\" data-id=\"c861593\" data-element_type=\"column\" data-e-type=\"column\">\n\t\t\t<div class=\"elementor-widget-wrap elementor-element-populated\">\n\t\t\t\t\t\t<div class=\"elementor-element elementor-element-9a0c63b elementor-widget elementor-widget-image\" data-id=\"9a0c63b\" data-element_type=\"widget\" data-e-type=\"widget\" data-widget_type=\"image.default\">\n\t\t\t\t<div class=\"elementor-widget-container\">\n\t\t\t\t\t\t\t\t\t\t\t\t\t\t\t<img decoding=\"async\" width=\"2560\" height=\"1440\" src=\"https:\/\/www.gingerbreadmanor.com\/wp-content\/uploads\/2024\/02\/champlain-bed-2023.webp\" class=\"attachment-full size-full wp-image-38393\" alt=\"Champlain\" \/>\t\t\t\t\t\t\t\t\t\t\t\t\t\t\t<\/div>\n\t\t\t\t<\/div>\n\t\t\t\t\t<\/div>\n\t\t<\/div>\n\t\t\t\t<div class=\"elementor-column elementor-col-66 elementor-top-column elementor-element elementor-element-d03408d\" data-id=\"d03408d\" data-element_type=\"column\" data-e-type=\"column\">\n\t\t\t<div class=\"elementor-widget-wrap elementor-element-populated\">\n\t\t\t\t\t\t<div class=\"elementor-element elementor-element-ad5ab41 elementor-widget elementor-widget-heading\" data-id=\"ad5ab41\" data-element_type=\"widget\" data-e-type=\"widget\" data-widget_type=\"heading.default\">\n\t\t\t\t<div class=\"elementor-widget-container\">\n\t\t\t\t\t<h2 class=\"elementor-heading-title elementor-size-default\">Le Manoir aux Pains d'\u00c9pices par rapport aux h\u00f4tels typiques de Montr\u00e9al<\/h2>\t\t\t\t<\/div>\n\t\t\t\t<\/div>\n\t\t\t\t<div class=\"elementor-element elementor-element-4561026 elementor-widget elementor-widget-text-editor\" data-id=\"4561026\" data-element_type=\"widget\" data-e-type=\"widget\" data-widget_type=\"text-editor.default\">\n\t\t\t\t<div class=\"elementor-widget-container\">\n\t\t\t\t\t\t\t\t\t<ul><li class=\"ml-4\">Emplacement propice \u00e0 la marche vers les principales attractions et McGill (environ 18 minutes de marche).<\/li><li class=\"ml-4\">Breakfast included daily.<\/li><li class=\"ml-4\">Maison victorienne historique datant de 1885, avec de hauts plafonds, des fen\u00eatres en baie et l&rsquo;accueil personnalis\u00e9 des h\u00f4tes.<\/li><li class=\"ml-4\">Chambres calmes avec literie de qualit\u00e9, Wi-Fi rapide et t\u00e9l\u00e9visions intelligentes..<\/li><li class=\"ml-4\">Options de stationnement : places de garage \u00e0 r\u00e9server \u00e0 l&rsquo;avance, stationnement dans la rue limit\u00e9, garages int\u00e9rieurs \u00e0 proximit\u00e9 et vignettes r\u00e9sidentielles de courte dur\u00e9e \u00e0 un co\u00fbt raisonnable.<\/li><\/ul>\t\t\t\t\t\t\t\t<\/div>\n\t\t\t\t<\/div>\n\t\t\t\t\t<\/div>\n\t\t<\/div>\n\t\t\t\t\t<\/div>\n\t\t<\/section>\n\t\t\t\t<section class=\"elementor-section elementor-top-section elementor-element elementor-element-4ea7c8f elementor-section-boxed elementor-section-height-default elementor-section-height-default\" data-id=\"4ea7c8f\" data-element_type=\"section\" data-e-type=\"section\">\n\t\t\t\t\t\t<div class=\"elementor-container elementor-column-gap-default\">\n\t\t\t\t\t<div class=\"elementor-column elementor-col-100 elementor-top-column elementor-element elementor-element-ee0870e\" data-id=\"ee0870e\" data-element_type=\"column\" data-e-type=\"column\">\n\t\t\t<div class=\"elementor-widget-wrap elementor-element-populated\">\n\t\t\t\t\t\t<div class=\"elementor-element elementor-element-cae4b09 elementor-widget elementor-widget-heading\" data-id=\"cae4b09\" data-element_type=\"widget\" data-e-type=\"widget\" data-widget_type=\"heading.default\">\n\t\t\t\t<div class=\"elementor-widget-container\">\n\t\t\t\t\t<h2 class=\"elementor-heading-title elementor-size-default\">Se d\u00e9placer \u00e0 partir du Manoir aux Pains d'\u00c9pices<\/h2>\t\t\t\t<\/div>\n\t\t\t\t<\/div>\n\t\t\t\t<div class=\"elementor-element elementor-element-78ee34b elementor-widget elementor-widget-text-editor\" data-id=\"78ee34b\" data-element_type=\"widget\" data-e-type=\"widget\" data-widget_type=\"text-editor.default\">\n\t\t\t\t<div class=\"elementor-widget-container\">\n\t\t\t\t\t\t\t\t\t<ul><li class=\"ml-4\">Marche : 15 \u00e0 25 minutes jusqu&rsquo;au centre-ville et au Vieux-Montr\u00e9al.<\/li><li class=\"ml-4\">M\u00e9tro : Station Sherbrooke jusqu&rsquo;\u00e0 McGill\/Peel en quelques minutes.<\/li><li class=\"ml-4\">Autobus : Les lignes 24 et 55 sont \u00e0 proximit\u00e9; la ligne 144 se rend directement \u00e0 McGill.<\/li><li class=\"ml-4\">V\u00e9lo : Stations BIXI \u00e0 proximit\u00e9; pistes cyclables prot\u00e9g\u00e9es sur la rue Rachel et ailleurs.<\/li><\/ul>\t\t\t\t\t\t\t\t<\/div>\n\t\t\t\t<\/div>\n\t\t\t\t<div class=\"elementor-element elementor-element-a4f2f59 elementor-widget elementor-widget-heading\" data-id=\"a4f2f59\" data-element_type=\"widget\" data-e-type=\"widget\" data-widget_type=\"heading.default\">\n\t\t\t\t<div class=\"elementor-widget-container\">\n\t\t\t\t\t<h2 class=\"elementor-heading-title elementor-size-default\">\u00c0 proximit\u00e9<\/h2>\t\t\t\t<\/div>\n\t\t\t\t<\/div>\n\t\t\t\t<div class=\"elementor-element elementor-element-8e49eff elementor-widget elementor-widget-text-editor\" data-id=\"8e49eff\" data-element_type=\"widget\" data-e-type=\"widget\" data-widget_type=\"text-editor.default\">\n\t\t\t\t<div class=\"elementor-widget-container\">\n\t\t\t\t\t\t\t\t\t<p>S\u00e9journer au Manoir aux Pains d&rsquo;\u00c9pices vous place au c\u0153ur des attraits classiques, des caf\u00e9s et des parcs de Montr\u00e9al, la plupart \u00e9tant facilement accessibles \u00e0 pied.<\/p><ul><li>Square Saint-Louis : Une place victorienne verdoyante avec une fontaine, des maisons en rang\u00e9e color\u00e9es et des bancs pour observer les gens. Parfait pour un caf\u00e9 matinal ou une promenade en soir\u00e9e. <\/li><li>Rue Saint-Denis : Une rue anim\u00e9e de restaurants, de caf\u00e9s et de boutiques qui traverse le Plateau et le Quartier latin. Id\u00e9ale pour les repas en terrasse et les desserts de fin de soir\u00e9e. <\/li><li>Boulevard Saint-Laurent (\u00ab The Main \u00bb) : Une art\u00e8re historique nord-sud bord\u00e9e de bars, de restos, de boutiques vintage et de murales. Ne manquez pas la viande fum\u00e9e sur cette art\u00e8re. <\/li><li>Rue Prince-Arthur Est : Une rue pi\u00e9tonne qui relie le boulevard Saint-Laurent au Carr\u00e9 Saint-Louis. On y trouve des restaurants d\u00e9contract\u00e9s et des terrasses.<\/li><li><a href=\"https:\/\/www.banq.qc.ca\/\" target=\"_blank\" rel=\"noopener\">BAnQ<\/a> \u2013 Biblioth\u00e8que et Archives nationales du Qu\u00e9bec : Un p\u00f4le culturel majeur comprenant une vaste biblioth\u00e8que publique, des expositions et des espaces d&rsquo;\u00e9tude, \u00e0 quelques pas seulement de la station Berri-UQAM.<\/li><\/ul><p> <\/p>\t\t\t\t\t\t\t\t<\/div>\n\t\t\t\t<\/div>\n\t\t\t\t<div class=\"elementor-element elementor-element-fed6121 elementor-widget elementor-widget-heading\" data-id=\"fed6121\" data-element_type=\"widget\" data-e-type=\"widget\" data-widget_type=\"heading.default\">\n\t\t\t\t<div class=\"elementor-widget-container\">\n\t\t\t\t\t<h2 class=\"elementor-heading-title elementor-size-default\">Planifiez votre visite :<\/h2>\t\t\t\t<\/div>\n\t\t\t\t<\/div>\n\t\t\t\t<div class=\"elementor-element elementor-element-2149096 elementor-widget elementor-widget-text-editor\" data-id=\"2149096\" data-element_type=\"widget\" data-e-type=\"widget\" data-widget_type=\"text-editor.default\">\n\t\t\t\t<div class=\"elementor-widget-container\">\n\t\t\t\t\t\t\t\t\t<p>Explorez d&rsquo;autres attraits \u00e0 proximit\u00e9 sur notre page <a href=\"https:\/\/www.gingerbreadmanor.com\/home\/plateau-mont-royal\/nearby-attractions\/\">Attractions<\/a>.<br>Choisissez votre chambre id\u00e9ale sur notre page <a href=\"https:\/\/www.gingerbreadmanor.com\/fr\/chambres\/\">Chambres<\/a>.<\/p>\t\t\t\t\t\t\t\t<\/div>\n\t\t\t\t<\/div>\n\t\t\t\t<div class=\"elementor-element elementor-element-cda36da elementor-widget elementor-widget-heading\" data-id=\"cda36da\" data-element_type=\"widget\" data-e-type=\"widget\" data-widget_type=\"heading.default\">\n\t\t\t\t<div class=\"elementor-widget-container\">\n\t\t\t\t\t<h2 class=\"elementor-heading-title elementor-size-default\">Les H\u00f4tes<\/h2>\t\t\t\t<\/div>\n\t\t\t\t<\/div>\n\t\t\t\t<div class=\"elementor-element elementor-element-80b59f9 elementor-widget elementor-widget-text-editor\" data-id=\"80b59f9\" data-element_type=\"widget\" data-e-type=\"widget\" data-widget_type=\"text-editor.default\">\n\t\t\t\t<div class=\"elementor-widget-container\">\n\t\t\t\t\t\t\t\t\t<p>Les propri\u00e9taires et h\u00f4tes du Manoir aux pains d&rsquo;\u00e9pices sont tr\u00e8s fiers de leur g\u00eetes et donneront toujours 100% \u00e0 leurs invit\u00e9s. Ils sont sympathiques et ont un grand sens de l&rsquo;humour. Non seulement ils r\u00e9pondront \u00e0 toutes vos demandes de petit-d\u00e9jeuner sp\u00e9cialis\u00e9 et de couchage, mais ils serviront de guides pour d\u00e9couvrir leur ville et ses environs fascinants. Si vous voulez une saveur locale, ils discuteront de la politique, de la culture et de l&rsquo;histoire de la ville en profondeur, et vous donneront de petits conseils de visite en cours de route. Ils font vraiment de votre voyage \u00e0 Montr\u00e9al une exp\u00e9rience m\u00e9morable. Vous reviendrez certainement chez eux lors de votre prochain voyage dans la r\u00e9gion.<\/p>\t\t\t\t\t\t\t\t<\/div>\n\t\t\t\t<\/div>\n\t\t\t\t\t<\/div>\n\t\t<\/div>\n\t\t\t\t\t<\/div>\n\t\t<\/section>\n\t\t\t\t<\/div>\n\t\t","protected":false},"excerpt":{"rendered":"<p>O\u00f9 est le meilleur endroit o\u00f9 s\u00e9journer \u00e0 Montr\u00e9al? Si vous vous demandez quel est le meilleur endroit o\u00f9 s\u00e9journer [&hellip;]<\/p>\n","protected":false},"author":1,"featured_media":0,"parent":0,"menu_order":0,"comment_status":"closed","ping_status":"open","template":"elementor_header_footer","meta":{"_monsterinsights_skip_tracking":false,"_monsterinsights_sitenote_active":false,"_monsterinsights_sitenote_note":"","_monsterinsights_sitenote_category":0,"site-sidebar-layout":"default","site-content-layout":"","ast-site-content-layout":"default","site-content-style":"default","site-sidebar-style":"default","ast-global-header-display":"","ast-banner-title-visibility":"","ast-main-header-display":"","ast-hfb-above-header-display":"","ast-hfb-below-header-display":"","ast-hfb-mobile-header-display":"","site-post-title":"","ast-breadcrumbs-content":"","ast-featured-img":"","footer-sml-layout":"","ast-disable-related-posts":"","theme-transparent-header-meta":"","adv-header-id-meta":"","stick-header-meta":"","header-above-stick-meta":"","header-main-stick-meta":"","header-below-stick-meta":"","astra-migrate-meta-layouts":"default","ast-page-background-enabled":"default","ast-page-background-meta":{"desktop":{"background-color":"var(--ast-global-color-5)","background-image":"","background-repeat":"repeat","background-position":"center center","background-size":"auto","background-attachment":"scroll","background-type":"","background-media":"","overlay-type":"","overlay-color":"","overlay-opacity":"","overlay-gradient":""},"tablet":{"background-color":"","background-image":"","background-repeat":"repeat","background-position":"center center","background-size":"auto","background-attachment":"scroll","background-type":"","background-media":"","overlay-type":"","overlay-color":"","overlay-opacity":"","overlay-gradient":""},"mobile":{"background-color":"","background-image":"","background-repeat":"repeat","background-position":"center center","background-size":"auto","background-attachment":"scroll","background-type":"","background-media":"","overlay-type":"","overlay-color":"","overlay-opacity":"","overlay-gradient":""}},"ast-content-background-meta":{"desktop":{"background-color":"var(--ast-global-color-4)","background-image":"","background-repeat":"repeat","background-position":"center center","background-size":"auto","background-attachment":"scroll","background-type":"","background-media":"","overlay-type":"","overlay-color":"","overlay-opacity":"","overlay-gradient":""},"tablet":{"background-color":"var(--ast-global-color-4)","background-image":"","background-repeat":"repeat","background-position":"center center","background-size":"auto","background-attachment":"scroll","background-type":"","background-media":"","overlay-type":"","overlay-color":"","overlay-opacity":"","overlay-gradient":""},"mobile":{"background-color":"var(--ast-global-color-4)","background-image":"","background-repeat":"repeat","background-position":"center center","background-size":"auto","background-attachment":"scroll","background-type":"","background-media":"","overlay-type":"","overlay-color":"","overlay-opacity":"","overlay-gradient":""}},"footnotes":""},"class_list":["post-36780","page","type-page","status-publish","hentry"],"_links":{"self":[{"href":"https:\/\/www.gingerbreadmanor.com\/fr\/wp-json\/wp\/v2\/pages\/36780","targetHints":{"allow":["GET"]}}],"collection":[{"href":"https:\/\/www.gingerbreadmanor.com\/fr\/wp-json\/wp\/v2\/pages"}],"about":[{"href":"https:\/\/www.gingerbreadmanor.com\/fr\/wp-json\/wp\/v2\/types\/page"}],"author":[{"embeddable":true,"href":"https:\/\/www.gingerbreadmanor.com\/fr\/wp-json\/wp\/v2\/users\/1"}],"replies":[{"embeddable":true,"href":"https:\/\/www.gingerbreadmanor.com\/fr\/wp-json\/wp\/v2\/comments?post=36780"}],"version-history":[{"count":2,"href":"https:\/\/www.gingerbreadmanor.com\/fr\/wp-json\/wp\/v2\/pages\/36780\/revisions"}],"predecessor-version":[{"id":42291,"href":"https:\/\/www.gingerbreadmanor.com\/fr\/wp-json\/wp\/v2\/pages\/36780\/revisions\/42291"}],"wp:attachment":[{"href":"https:\/\/www.gingerbreadmanor.com\/fr\/wp-json\/wp\/v2\/media?parent=36780"}],"curies":[{"name":"wp","href":"https:\/\/api.w.org\/{rel}","templated":true}]}}