{"id":36782,"date":"2023-02-24T15:18:52","date_gmt":"2023-02-24T20:18:52","guid":{"rendered":"https:\/\/www.gingerbreadmanor.com\/tarifs-des-chambres-dhotes-a-montreal\/"},"modified":"2026-01-30T19:40:17","modified_gmt":"2026-01-31T00:40:17","slug":"tarifs-des-chambres-dhotes-a-montreal","status":"publish","type":"page","link":"https:\/\/www.gingerbreadmanor.com\/fr\/tarifs-des-chambres-dhotes-a-montreal\/","title":{"rendered":"Tarifs des chambres d&rsquo;h\u00f4tes \u00e0 Montr\u00e9al"},"content":{"rendered":"\t\t<div data-elementor-type=\"wp-page\" data-elementor-id=\"36782\" class=\"elementor elementor-36782 elementor-6339\" data-elementor-settings=\"{&quot;element_pack_global_tooltip_width&quot;:{&quot;unit&quot;:&quot;px&quot;,&quot;size&quot;:&quot;&quot;,&quot;sizes&quot;:[]},&quot;element_pack_global_tooltip_width_tablet&quot;:{&quot;unit&quot;:&quot;px&quot;,&quot;size&quot;:&quot;&quot;,&quot;sizes&quot;:[]},&quot;element_pack_global_tooltip_width_mobile&quot;:{&quot;unit&quot;:&quot;px&quot;,&quot;size&quot;:&quot;&quot;,&quot;sizes&quot;:[]},&quot;element_pack_global_tooltip_padding&quot;:{&quot;unit&quot;:&quot;px&quot;,&quot;top&quot;:&quot;&quot;,&quot;right&quot;:&quot;&quot;,&quot;bottom&quot;:&quot;&quot;,&quot;left&quot;:&quot;&quot;,&quot;isLinked&quot;:true},&quot;element_pack_global_tooltip_padding_tablet&quot;:{&quot;unit&quot;:&quot;px&quot;,&quot;top&quot;:&quot;&quot;,&quot;right&quot;:&quot;&quot;,&quot;bottom&quot;:&quot;&quot;,&quot;left&quot;:&quot;&quot;,&quot;isLinked&quot;:true},&quot;element_pack_global_tooltip_padding_mobile&quot;:{&quot;unit&quot;:&quot;px&quot;,&quot;top&quot;:&quot;&quot;,&quot;right&quot;:&quot;&quot;,&quot;bottom&quot;:&quot;&quot;,&quot;left&quot;:&quot;&quot;,&quot;isLinked&quot;:true},&quot;element_pack_global_tooltip_border_radius&quot;:{&quot;unit&quot;:&quot;px&quot;,&quot;top&quot;:&quot;&quot;,&quot;right&quot;:&quot;&quot;,&quot;bottom&quot;:&quot;&quot;,&quot;left&quot;:&quot;&quot;,&quot;isLinked&quot;:true},&quot;element_pack_global_tooltip_border_radius_tablet&quot;:{&quot;unit&quot;:&quot;px&quot;,&quot;top&quot;:&quot;&quot;,&quot;right&quot;:&quot;&quot;,&quot;bottom&quot;:&quot;&quot;,&quot;left&quot;:&quot;&quot;,&quot;isLinked&quot;:true},&quot;element_pack_global_tooltip_border_radius_mobile&quot;:{&quot;unit&quot;:&quot;px&quot;,&quot;top&quot;:&quot;&quot;,&quot;right&quot;:&quot;&quot;,&quot;bottom&quot;:&quot;&quot;,&quot;left&quot;:&quot;&quot;,&quot;isLinked&quot;:true}}\">\n\t\t\t\t\t\t<section class=\"elementor-section elementor-top-section elementor-element elementor-element-379d579a elementor-section-boxed elementor-section-height-default elementor-section-height-default\" data-id=\"379d579a\" data-element_type=\"section\" data-e-type=\"section\">\n\t\t\t\t\t\t<div class=\"elementor-container elementor-column-gap-default\">\n\t\t\t\t\t<div class=\"elementor-column elementor-col-100 elementor-top-column elementor-element elementor-element-2b925988\" data-id=\"2b925988\" data-element_type=\"column\" data-e-type=\"column\">\n\t\t\t<div class=\"elementor-widget-wrap elementor-element-populated\">\n\t\t\t\t\t\t<div class=\"elementor-element elementor-element-ce98708 elementor-widget elementor-widget-heading\" data-id=\"ce98708\" data-element_type=\"widget\" data-e-type=\"widget\" data-widget_type=\"heading.default\">\n\t\t\t\t<div class=\"elementor-widget-container\">\n\t\t\t\t\t<h1 class=\"elementor-heading-title elementor-size-default\">Tarifs du Manoir aux Pains d'\u00c9pices.<\/h1>\t\t\t\t<\/div>\n\t\t\t\t<\/div>\n\t\t\t\t<div class=\"elementor-element elementor-element-79e59f8 elementor-widget elementor-widget-eael-image-accordion\" data-id=\"79e59f8\" data-element_type=\"widget\" data-e-type=\"widget\" data-widget_type=\"eael-image-accordion.default\">\n\t\t\t\t<div class=\"elementor-widget-container\">\n\t\t\t\t\t    <div class=\"eael-img-accordion accordion-direction-horizontal eael-img-accordion-horizontal-align-center eael-img-accordion-vertical-align-center\" id=\"eael-img-accordion-79e59f8\" data-img-accordion-id=\"79e59f8\" data-img-accordion-type=\"on-hover\">\n                    \n            <div class=\"eael-image-accordion-hover eael-image-accordion-item\" style=\"background-image: url(https:\/\/www.gingerbreadmanor.com\/wp-content\/uploads\/2012\/12\/GingerbreadManor_Exterior.jpeg);\"  tabindex=\"0\">\n                <div class=\"overlay\">\n                                        <div class=\"overlay-inner \">\n                        <h2 class=\"img-accordion-title\">Manoir aux Pains d'\u00c9pices<\/h2>                    <\/div>\n                <\/div>\n            <\/div>\n                    \n            <div class=\"eael-image-accordion-hover eael-image-accordion-item\" style=\"background-image: url(https:\/\/www.gingerbreadmanor.com\/wp-content\/uploads\/2013\/08\/carre-st-louis.jpg);\"  tabindex=\"0\">\n                <div class=\"overlay\">\n                                        <div class=\"overlay-inner \">\n                        <h2 class=\"img-accordion-title\">Square St-Louis (Carr\u00e9 St-Louis)<\/h2>                    <\/div>\n                <\/div>\n            <\/div>\n                <\/div>\n        <style typr=\"text\/css\">\n                    #eael-img-accordion-79e59f8 .eael-image-accordion-hover:hover {\n                        flex: 3 1 0% !important;\n                    }\n                    #eael-img-accordion-79e59f8 .eael-image-accordion-hover:hover:hover .overlay-inner * {\n                        opacity: 1;\n                        visibility: visible;\n                        transform: none;\n                        transition: all .3s .3s;\n                    }\n                <\/style>\t\t\t\t<\/div>\n\t\t\t\t<\/div>\n\t\t\t\t<div class=\"elementor-element elementor-element-6cff9e3 elementor-widget elementor-widget-text-editor\" data-id=\"6cff9e3\" data-element_type=\"widget\" data-e-type=\"widget\" data-widget_type=\"text-editor.default\">\n\t\t\t\t<div class=\"elementor-widget-container\">\n\t\t\t\t\t\t\t\t\tLes propri\u00e9taires et les h\u00f4tes du Manoir aux Pains d&rsquo;\u00c9pices \u00e0 Montr\u00e9al, Canada sont tr\u00e8s fiers de leurs chambres d&rsquo;h\u00f4tes ainsi que des services qu&rsquo;ils offrent \u00e0 leurs invit\u00e9s.\t\t\t\t\t\t\t\t<\/div>\n\t\t\t\t<\/div>\n\t\t\t\t<div class=\"elementor-element elementor-element-4b0bd8a elementor-widget elementor-widget-heading\" data-id=\"4b0bd8a\" data-element_type=\"widget\" data-e-type=\"widget\" data-widget_type=\"heading.default\">\n\t\t\t\t<div class=\"elementor-widget-container\">\n\t\t\t\t\t<h2 class=\"elementor-heading-title elementor-size-default\">Le Manoir aux Pains d\u2019\u00c9pices, chambres d\u2019h\u00f4tes \u00e0 Montr\u00e9al<\/h2>\t\t\t\t<\/div>\n\t\t\t\t<\/div>\n\t\t\t\t<div class=\"elementor-element elementor-element-cf16929 elementor-widget elementor-widget-text-editor\" data-id=\"cf16929\" data-element_type=\"widget\" data-e-type=\"widget\" data-widget_type=\"text-editor.default\">\n\t\t\t\t<div class=\"elementor-widget-container\">\n\t\t\t\t\t\t\t\t\t<p><b>Vivez l&rsquo;exp\u00e9rience<\/b>: Profitez d&rsquo;un s\u00e9jour f\u00e9\u00e9rique au <a href=\"https:\/\/www.gingerbreadmanor.com\/fr\/\">G\u00eete du Manoir Pain d&rsquo;\u00c9pices<\/a>, nich\u00e9 dans une maison de ville classique de style montr\u00e9alais pr\u00e8s du Square Saint-Louis. Plongez-vous dans un d\u00e9cor douillet et savourez l&#8217;emplacement de choix sur une rue tranquille, en plein c\u0153ur de la ville. Strat\u00e9giquement situ\u00e9 \u00e0 deux pas des grandes art\u00e8res, des caf\u00e9s, du Vieux-Montr\u00e9al et du Mont-Royal, notre g\u00eete vous offre le point de d\u00e9part id\u00e9al pour explorer les charmes de la ville. <\/p><p><b>Montr\u00e9al authentique vous attend<\/b>: Vivez une exp\u00e9rience unique en s\u00e9journant dans un authentique g\u00eete montr\u00e9alais. Nos h\u00f4tes chaleureux et attentionn\u00e9s se feront un plaisir de vous guider vers les restaurants et attraits locaux. Le Manoir aux Pains d&rsquo;\u00c9pices n&rsquo;est pas qu&rsquo;un simple h\u00e9bergement; c&rsquo;est un point d&rsquo;acc\u00e8s privil\u00e9gi\u00e9 \u00e0 la richesse culturelle et \u00e0 l&rsquo;\u00e9nergie effervescente de la ville.<\/p><p><b>R\u00e9galez vos papilles<\/b>: Vivez une exp\u00e9rience gourmande au Manoir aux Pains d&rsquo;\u00c9pices, o\u00f9 de d\u00e9licieux d\u00e9jeuners vous attendent. R\u00e9veillez-vous avec l&rsquo;ar\u00f4me du caf\u00e9 fra\u00eechement infus\u00e9 et savourez les c\u00e9l\u00e8bres bagels de Montr\u00e9al. Nous nous assurons que les clients repartent satisfaits en leur offrant un petit-d\u00e9jeuner maison pour bien commencer la journ\u00e9e.<\/p><p><b>Partez \u00e0 la d\u00e9couverte et cr\u00e9ez des souvenirs inoubliables<\/b>: Explorez le charme incomparable de Montr\u00e9al avec le Manoir aux Pains d&rsquo;\u00c9pices. Votre s\u00e9jour sera m\u00e9morable gr\u00e2ce \u00e0 notre ambiance chaleureuse, notre emplacement strat\u00e9gique et notre hospitalit\u00e9 hors pair. Profitez de nos tarifs exceptionnels au Manoir aux Pains d&rsquo;\u00c9pices pour vivre une exp\u00e9rience montr\u00e9alaise inoubliable. Ne ratez pas cette occasion!<\/p>\t\t\t\t\t\t\t\t<\/div>\n\t\t\t\t<\/div>\n\t\t\t\t<div class=\"elementor-element elementor-element-dd7d383 elementor-widget elementor-widget-heading\" data-id=\"dd7d383\" data-element_type=\"widget\" data-e-type=\"widget\" data-widget_type=\"heading.default\">\n\t\t\t\t<div class=\"elementor-widget-container\">\n\t\t\t\t\t<h2 class=\"elementor-heading-title elementor-size-default\">Tarifs actuels du Manoir aux Pains d\u2019\u00c9pices et disponibilit\u00e9s<\/h2>\t\t\t\t<\/div>\n\t\t\t\t<\/div>\n\t\t\t\t<section class=\"elementor-section elementor-inner-section elementor-element elementor-element-eb9a309 elementor-section-boxed elementor-section-height-default elementor-section-height-default\" data-id=\"eb9a309\" data-element_type=\"section\" data-e-type=\"section\">\n\t\t\t\t\t\t<div class=\"elementor-container elementor-column-gap-default\">\n\t\t\t\t\t<div class=\"elementor-column elementor-col-50 elementor-inner-column elementor-element elementor-element-ac3bcb1\" data-id=\"ac3bcb1\" data-element_type=\"column\" data-e-type=\"column\">\n\t\t\t<div class=\"elementor-widget-wrap elementor-element-populated\">\n\t\t\t\t\t\t<div class=\"elementor-element elementor-element-d327a16 elementor-widget elementor-widget-text-editor\" data-id=\"d327a16\" data-element_type=\"widget\" data-e-type=\"widget\" data-widget_type=\"text-editor.default\">\n\t\t\t\t<div class=\"elementor-widget-container\">\n\t\t\t\t\t\t\t\t\t<p>Cliquez sur <a class=\"rk-book-now\" href=\"https:\/\/v2.reservationkey.com\/Gingerbread\/fr\" target=\"_blank\" rel=\"noopener\">Tarifs du Manoir aux Pains d\u2019\u00c9pices<\/a> pour trouver vos dates id\u00e9ales (jusqu&rsquo;\u00e0 180 jours \u00e0 l&rsquo;avance).<\/p><p><strong>D\u00e9tails importants pour la r\u00e9servation<\/strong><\/p><ul><li><strong>S\u00e9jour minimum<\/strong> : Minimum de 2 nuits. Les s\u00e9jours plus courts, si disponibles, entra\u00eenent des frais suppl\u00e9mentaires. <\/li><li><strong>Inclus<\/strong> : Tous les tarifs incluent un d\u00e9licieux petit-d\u00e9jeuner complet.<\/li><li><strong>Rabais hebdomadaire<\/strong> : Appliqu\u00e9 automatiquement en ligne!<\/li><\/ul><p><strong>Politique d&rsquo;annulation :<\/strong><\/p><ul><li>8 jours d&rsquo;avis pour annuler sans frais<\/li><li>Frais journaliers pour annulations \u00e0 7 jours ou moins<\/li><li>Non-pr\u00e9sentation\/24h: Plein tarif<\/li><li>Frais garage non remboursables<\/li><\/ul><p><strong>Taxes et devise<\/strong> : Les prix sont en dollars canadiens et n&rsquo;incluent pas les taxes.<br><strong>Taxes totales<\/strong> : 19 % (3,5 % taxe d&rsquo;h\u00e9bergement + 5 % TPS + 9,975 % TVQ).<\/p>\t\t\t\t\t\t\t\t<\/div>\n\t\t\t\t<\/div>\n\t\t\t\t\t<\/div>\n\t\t<\/div>\n\t\t\t\t<div class=\"elementor-column elementor-col-50 elementor-inner-column elementor-element elementor-element-cdb2291\" data-id=\"cdb2291\" data-element_type=\"column\" data-e-type=\"column\">\n\t\t\t<div class=\"elementor-widget-wrap elementor-element-populated\">\n\t\t\t\t\t\t<div class=\"elementor-element elementor-element-1dbb320 elementor-align-right rk-book-now elementor-widget elementor-widget-button\" data-id=\"1dbb320\" data-element_type=\"widget\" data-e-type=\"widget\" data-widget_type=\"button.default\">\n\t\t\t\t<div class=\"elementor-widget-container\">\n\t\t\t\t\t\t\t\t\t<div class=\"elementor-button-wrapper\">\n\t\t\t\t\t<a class=\"elementor-button elementor-button-link elementor-size-sm\" href=\"https:\/\/v2.reservationkey.com\/Gingerbread\/fr\" target=\"_blank\" rel=\"noopener\">\n\t\t\t\t\t\t<span class=\"elementor-button-content-wrapper\">\n\t\t\t\t\t\t<span class=\"elementor-button-icon\">\n\t\t\t\t<i aria-hidden=\"true\" class=\"far fa-calendar-alt\"><\/i>\t\t\t<\/span>\n\t\t\t\t\t\t\t\t\t<span class=\"elementor-button-text\">Tarifs du Manoir aux Pains d'\u00c9pices.<\/span>\n\t\t\t\t\t<\/span>\n\t\t\t\t\t<\/a>\n\t\t\t\t<\/div>\n\t\t\t\t\t\t\t\t<\/div>\n\t\t\t\t<\/div>\n\t\t\t\t<div class=\"elementor-element elementor-element-b29ada2 elementor-widget elementor-widget-image\" data-id=\"b29ada2\" data-element_type=\"widget\" data-e-type=\"widget\" data-widget_type=\"image.default\">\n\t\t\t\t<div class=\"elementor-widget-container\">\n\t\t\t\t\t\t\t\t\t\t\t\t\t\t\t<img fetchpriority=\"high\" decoding=\"async\" width=\"300\" height=\"225\" src=\"https:\/\/www.gingerbreadmanor.com\/wp-content\/uploads\/2025\/09\/breakfast-300x225.jpg\" class=\"attachment-medium size-medium wp-image-40490\" alt=\"Les excellents tarifs du Manoir aux Pains d\u2019\u00c9pices incluent notre petit-d\u00e9jeuner maison signature.\" srcset=\"https:\/\/www.gingerbreadmanor.com\/wp-content\/uploads\/2025\/09\/breakfast-300x225.jpg 300w, https:\/\/www.gingerbreadmanor.com\/wp-content\/uploads\/2025\/09\/breakfast-768x576.jpg 768w, https:\/\/www.gingerbreadmanor.com\/wp-content\/uploads\/2025\/09\/breakfast.jpg 1000w\" sizes=\"(max-width: 300px) 100vw, 300px\" \/>\t\t\t\t\t\t\t\t\t\t\t\t\t\t\t<\/div>\n\t\t\t\t<\/div>\n\t\t\t\t\t<\/div>\n\t\t<\/div>\n\t\t\t\t\t<\/div>\n\t\t<\/section>\n\t\t\t\t\t<\/div>\n\t\t<\/div>\n\t\t\t\t\t<\/div>\n\t\t<\/section>\n\t\t\t\t<\/div>\n\t\t","protected":false},"excerpt":{"rendered":"<p>Tarifs du Manoir aux Pains d&rsquo;\u00c9pices. Manoir aux Pains d&rsquo;\u00c9pices Square St-Louis (Carr\u00e9 St-Louis) Les propri\u00e9taires et les h\u00f4tes du [&hellip;]<\/p>\n","protected":false},"author":1,"featured_media":8873,"parent":0,"menu_order":0,"comment_status":"closed","ping_status":"closed","template":"elementor_header_footer","meta":{"_monsterinsights_skip_tracking":false,"_monsterinsights_sitenote_active":false,"_monsterinsights_sitenote_note":"","_monsterinsights_sitenote_category":0,"site-sidebar-layout":"default","site-content-layout":"","ast-site-content-layout":"default","site-content-style":"default","site-sidebar-style":"default","ast-global-header-display":"","ast-banner-title-visibility":"","ast-main-header-display":"","ast-hfb-above-header-display":"","ast-hfb-below-header-display":"","ast-hfb-mobile-header-display":"","site-post-title":"disabled","ast-breadcrumbs-content":"","ast-featured-img":"","footer-sml-layout":"","ast-disable-related-posts":"","theme-transparent-header-meta":"","adv-header-id-meta":"","stick-header-meta":"","header-above-stick-meta":"","header-main-stick-meta":"","header-below-stick-meta":"","astra-migrate-meta-layouts":"default","ast-page-background-enabled":"default","ast-page-background-meta":{"desktop":{"background-color":"var(--ast-global-color-5)","background-image":"","background-repeat":"repeat","background-position":"center center","background-size":"auto","background-attachment":"scroll","background-type":"","background-media":"","overlay-type":"","overlay-color":"","overlay-opacity":"","overlay-gradient":""},"tablet":{"background-color":"","background-image":"","background-repeat":"repeat","background-position":"center center","background-size":"auto","background-attachment":"scroll","background-type":"","background-media":"","overlay-type":"","overlay-color":"","overlay-opacity":"","overlay-gradient":""},"mobile":{"background-color":"","background-image":"","background-repeat":"repeat","background-position":"center center","background-size":"auto","background-attachment":"scroll","background-type":"","background-media":"","overlay-type":"","overlay-color":"","overlay-opacity":"","overlay-gradient":""}},"ast-content-background-meta":{"desktop":{"background-color":"var(--ast-global-color-4)","background-image":"","background-repeat":"repeat","background-position":"center center","background-size":"auto","background-attachment":"scroll","background-type":"","background-media":"","overlay-type":"","overlay-color":"","overlay-opacity":"","overlay-gradient":""},"tablet":{"background-color":"var(--ast-global-color-4)","background-image":"","background-repeat":"repeat","background-position":"center center","background-size":"auto","background-attachment":"scroll","background-type":"","background-media":"","overlay-type":"","overlay-color":"","overlay-opacity":"","overlay-gradient":""},"mobile":{"background-color":"var(--ast-global-color-4)","background-image":"","background-repeat":"repeat","background-position":"center center","background-size":"auto","background-attachment":"scroll","background-type":"","background-media":"","overlay-type":"","overlay-color":"","overlay-opacity":"","overlay-gradient":""}},"footnotes":""},"class_list":["post-36782","page","type-page","status-publish","has-post-thumbnail","hentry"],"_links":{"self":[{"href":"https:\/\/www.gingerbreadmanor.com\/fr\/wp-json\/wp\/v2\/pages\/36782","targetHints":{"allow":["GET"]}}],"collection":[{"href":"https:\/\/www.gingerbreadmanor.com\/fr\/wp-json\/wp\/v2\/pages"}],"about":[{"href":"https:\/\/www.gingerbreadmanor.com\/fr\/wp-json\/wp\/v2\/types\/page"}],"author":[{"embeddable":true,"href":"https:\/\/www.gingerbreadmanor.com\/fr\/wp-json\/wp\/v2\/users\/1"}],"replies":[{"embeddable":true,"href":"https:\/\/www.gingerbreadmanor.com\/fr\/wp-json\/wp\/v2\/comments?post=36782"}],"version-history":[{"count":3,"href":"https:\/\/www.gingerbreadmanor.com\/fr\/wp-json\/wp\/v2\/pages\/36782\/revisions"}],"predecessor-version":[{"id":42446,"href":"https:\/\/www.gingerbreadmanor.com\/fr\/wp-json\/wp\/v2\/pages\/36782\/revisions\/42446"}],"wp:featuredmedia":[{"embeddable":true,"href":"https:\/\/www.gingerbreadmanor.com\/fr\/wp-json\/wp\/v2\/media\/8873"}],"wp:attachment":[{"href":"https:\/\/www.gingerbreadmanor.com\/fr\/wp-json\/wp\/v2\/media?parent=36782"}],"curies":[{"name":"wp","href":"https:\/\/api.w.org\/{rel}","templated":true}]}}