{"id":36786,"date":"2023-02-24T15:51:03","date_gmt":"2023-02-24T20:51:03","guid":{"rendered":"https:\/\/www.gingerbreadmanor.com\/attractions-de-montreal\/"},"modified":"2026-01-30T12:00:27","modified_gmt":"2026-01-30T17:00:27","slug":"attractions-de-montreal","status":"publish","type":"page","link":"https:\/\/www.gingerbreadmanor.com\/fr\/attractions-de-montreal\/","title":{"rendered":"Attractions de Montr\u00e9al"},"content":{"rendered":"\t\t<div data-elementor-type=\"wp-page\" data-elementor-id=\"36786\" class=\"elementor elementor-36786 elementor-6110\" data-elementor-settings=\"{&quot;element_pack_global_tooltip_width&quot;:{&quot;unit&quot;:&quot;px&quot;,&quot;size&quot;:&quot;&quot;,&quot;sizes&quot;:[]},&quot;element_pack_global_tooltip_width_tablet&quot;:{&quot;unit&quot;:&quot;px&quot;,&quot;size&quot;:&quot;&quot;,&quot;sizes&quot;:[]},&quot;element_pack_global_tooltip_width_mobile&quot;:{&quot;unit&quot;:&quot;px&quot;,&quot;size&quot;:&quot;&quot;,&quot;sizes&quot;:[]},&quot;element_pack_global_tooltip_padding&quot;:{&quot;unit&quot;:&quot;px&quot;,&quot;top&quot;:&quot;&quot;,&quot;right&quot;:&quot;&quot;,&quot;bottom&quot;:&quot;&quot;,&quot;left&quot;:&quot;&quot;,&quot;isLinked&quot;:true},&quot;element_pack_global_tooltip_padding_tablet&quot;:{&quot;unit&quot;:&quot;px&quot;,&quot;top&quot;:&quot;&quot;,&quot;right&quot;:&quot;&quot;,&quot;bottom&quot;:&quot;&quot;,&quot;left&quot;:&quot;&quot;,&quot;isLinked&quot;:true},&quot;element_pack_global_tooltip_padding_mobile&quot;:{&quot;unit&quot;:&quot;px&quot;,&quot;top&quot;:&quot;&quot;,&quot;right&quot;:&quot;&quot;,&quot;bottom&quot;:&quot;&quot;,&quot;left&quot;:&quot;&quot;,&quot;isLinked&quot;:true},&quot;element_pack_global_tooltip_border_radius&quot;:{&quot;unit&quot;:&quot;px&quot;,&quot;top&quot;:&quot;&quot;,&quot;right&quot;:&quot;&quot;,&quot;bottom&quot;:&quot;&quot;,&quot;left&quot;:&quot;&quot;,&quot;isLinked&quot;:true},&quot;element_pack_global_tooltip_border_radius_tablet&quot;:{&quot;unit&quot;:&quot;px&quot;,&quot;top&quot;:&quot;&quot;,&quot;right&quot;:&quot;&quot;,&quot;bottom&quot;:&quot;&quot;,&quot;left&quot;:&quot;&quot;,&quot;isLinked&quot;:true},&quot;element_pack_global_tooltip_border_radius_mobile&quot;:{&quot;unit&quot;:&quot;px&quot;,&quot;top&quot;:&quot;&quot;,&quot;right&quot;:&quot;&quot;,&quot;bottom&quot;:&quot;&quot;,&quot;left&quot;:&quot;&quot;,&quot;isLinked&quot;:true}}\">\n\t\t\t\t\t\t<section class=\"elementor-section elementor-top-section elementor-element elementor-element-628fd8eb elementor-section-boxed elementor-section-height-default elementor-section-height-default\" data-id=\"628fd8eb\" data-element_type=\"section\" data-e-type=\"section\">\n\t\t\t\t\t\t<div class=\"elementor-container elementor-column-gap-default\">\n\t\t\t\t\t<div class=\"elementor-column elementor-col-100 elementor-top-column elementor-element elementor-element-522031cb\" data-id=\"522031cb\" data-element_type=\"column\" data-e-type=\"column\">\n\t\t\t<div class=\"elementor-widget-wrap elementor-element-populated\">\n\t\t\t\t\t\t<div class=\"elementor-element elementor-element-4d444e4 elementor-widget elementor-widget-heading\" data-id=\"4d444e4\" data-element_type=\"widget\" data-e-type=\"widget\" data-widget_type=\"heading.default\">\n\t\t\t\t<div class=\"elementor-widget-container\">\n\t\t\t\t\t<h1 class=\"elementor-heading-title elementor-size-default\">Attractions de Montr\u00e9al et o\u00f9 s\u00e9journer<\/h1>\t\t\t\t<\/div>\n\t\t\t\t<\/div>\n\t\t\t\t<div class=\"elementor-element elementor-element-5412a5d elementor-widget elementor-widget-image\" data-id=\"5412a5d\" data-element_type=\"widget\" data-e-type=\"widget\" data-widget_type=\"image.default\">\n\t\t\t\t<div class=\"elementor-widget-container\">\n\t\t\t\t\t\t\t\t\t\t\t\t\t\t\t<img fetchpriority=\"high\" decoding=\"async\" width=\"950\" height=\"473\" src=\"https:\/\/www.gingerbreadmanor.com\/wp-content\/uploads\/2012\/12\/montreal-66238.jpeg\" class=\"attachment-large size-large wp-image-8528\" alt=\"Le panorama urbain de Montr\u00e9al\" srcset=\"https:\/\/www.gingerbreadmanor.com\/wp-content\/uploads\/2012\/12\/montreal-66238.jpeg 950w, https:\/\/www.gingerbreadmanor.com\/wp-content\/uploads\/2012\/12\/montreal-66238-300x149.jpeg 300w, https:\/\/www.gingerbreadmanor.com\/wp-content\/uploads\/2012\/12\/montreal-66238-768x382.jpeg 768w\" sizes=\"(max-width: 950px) 100vw, 950px\" \/>\t\t\t\t\t\t\t\t\t\t\t\t\t\t\t<\/div>\n\t\t\t\t<\/div>\n\t\t\t\t<section class=\"elementor-section elementor-inner-section elementor-element elementor-element-79badc2 elementor-section-boxed elementor-section-height-default elementor-section-height-default\" data-id=\"79badc2\" data-element_type=\"section\" data-e-type=\"section\">\n\t\t\t\t\t\t<div class=\"elementor-container elementor-column-gap-default\">\n\t\t\t\t\t<div class=\"elementor-column elementor-col-50 elementor-inner-column elementor-element elementor-element-af3e811\" data-id=\"af3e811\" data-element_type=\"column\" data-e-type=\"column\">\n\t\t\t<div class=\"elementor-widget-wrap elementor-element-populated\">\n\t\t\t\t\t\t<div class=\"elementor-element elementor-element-5429719 elementor-widget elementor-widget-heading\" data-id=\"5429719\" data-element_type=\"widget\" data-e-type=\"widget\" data-widget_type=\"heading.default\">\n\t\t\t\t<div class=\"elementor-widget-container\">\n\t\t\t\t\t<h2 class=\"elementor-heading-title elementor-size-default\">Attractions de Montr\u00e9al \u00e0 proximit\u00e9<\/h2>\t\t\t\t<\/div>\n\t\t\t\t<\/div>\n\t\t\t\t<div class=\"elementor-element elementor-element-b760cec elementor-widget elementor-widget-text-editor\" data-id=\"b760cec\" data-element_type=\"widget\" data-e-type=\"widget\" data-widget_type=\"text-editor.default\">\n\t\t\t\t<div class=\"elementor-widget-container\">\n\t\t\t\t\t\t\t\t\t<ul><li class=\"ml-4\">Square Saint-Louis (parc, fontaine, kiosque \u00e0 glaces d&rsquo;\u00e9t\u00e9)<\/li><li class=\"ml-4\">Rue Prince-Arthur Est (rue pi\u00e9tonne avec restaurants et caf\u00e9s)<\/li><li class=\"ml-4\">Rue Saint-Denis (restaurants, caf\u00e9s, magasins)<\/li><li class=\"ml-4\">Boulevard Saint-Laurent \u00ab\u00a0The Main\u00a0\u00bb (restaurants, bars, boutiques)<\/li><li class=\"ml-4\">Gare d&rsquo;autocars de Montr\u00e9al \/ Central Bus Station (secteur Berri-UQAM)<\/li><li class=\"ml-4\">C\u00e9gep du Vieux-Montr\u00e9al<\/li><li class=\"ml-4\">Cin\u00e9math\u00e8que qu\u00e9b\u00e9coise<\/li><li class=\"ml-4\">The Village (Quartier gai \/ Gay Village)<\/li><li class=\"ml-4\">CHUM &#8211; H\u00f4pital Saint-Luc (site int\u00e9gr\u00e9 au CHUM)<\/li><li class=\"ml-4\">CIUSSS &#8211; H\u00f4pital H\u00f4tel-Dieu (ancien site du CHUM ; services partag\u00e9s)<\/li><li class=\"ml-4\">Place Dupuis (magasins, services)<\/li><li class=\"ml-4\">Place \u00c9milie-Gamelin (parc urbain)<\/li><li class=\"ml-4\">Cin\u00e9mas du Quartier latin<\/li><li class=\"ml-4\">Biblioth\u00e8que et Archives nationales du Qu\u00e9bec (BAnQ)<\/li><li class=\"ml-4\">Th\u00e9\u00e2tre St-Denis (complexe)<\/li><li class=\"ml-4\">Th\u00e9\u00e2tre de Quat\u2019Sous<\/li><li class=\"ml-4\">Th\u00e9\u00e2tre d\u2019Aujourd\u2019hui<\/li><li class=\"ml-4\">Excentris (ancien complexe cin\u00e9ma ; secteur culturel \u00e0 proximit\u00e9)<\/li><li class=\"ml-4\">UQAM &#8211; Universit\u00e9 du Qu\u00e9bec \u00e0 Montr\u00e9al (campus central)<\/li><li class=\"ml-4\">Schwartz&rsquo;s Deli (viande fum\u00e9e embl\u00e9matique sur Saint-Laurent)<\/li><li class=\"ml-4\">Quartier latin<\/li><\/ul>\t\t\t\t\t\t\t\t<\/div>\n\t\t\t\t<\/div>\n\t\t\t\t\t<\/div>\n\t\t<\/div>\n\t\t\t\t<div class=\"elementor-column elementor-col-50 elementor-inner-column elementor-element elementor-element-3261c1c\" data-id=\"3261c1c\" data-element_type=\"column\" data-e-type=\"column\">\n\t\t\t<div class=\"elementor-widget-wrap elementor-element-populated\">\n\t\t\t\t\t\t<div class=\"elementor-element elementor-element-83af51d elementor-widget elementor-widget-heading\" data-id=\"83af51d\" data-element_type=\"widget\" data-e-type=\"widget\" data-widget_type=\"heading.default\">\n\t\t\t\t<div class=\"elementor-widget-container\">\n\t\t\t\t\t<h2 class=\"elementor-heading-title elementor-size-default\">\u00c0 quelques pas<\/h2>\t\t\t\t<\/div>\n\t\t\t\t<\/div>\n\t\t\t\t<div class=\"elementor-element elementor-element-a97e3cf elementor-widget elementor-widget-text-editor\" data-id=\"a97e3cf\" data-element_type=\"widget\" data-e-type=\"widget\" data-widget_type=\"text-editor.default\">\n\t\t\t\t<div class=\"elementor-widget-container\">\n\t\t\t\t\t\t\t\t\t<ul><li>Centre-Ville Montr\u00e9al (15 minutes \u00e0 pied)<\/li><li>Vieux-Montr\u00e9al, le Vieux-Port et la Basilique Notre-Dame (20-25 minutes \u00e0 pied)<\/li><li>Universit\u00e9 McGill (18 minutes \u00e0 pied)<\/li><\/ul>\t\t\t\t\t\t\t\t<\/div>\n\t\t\t\t<\/div>\n\t\t\t\t<div class=\"elementor-element elementor-element-9ac5c65 elementor-widget elementor-widget-heading\" data-id=\"9ac5c65\" data-element_type=\"widget\" data-e-type=\"widget\" data-widget_type=\"heading.default\">\n\t\t\t\t<div class=\"elementor-widget-container\">\n\t\t\t\t\t<h2 class=\"elementor-heading-title elementor-size-default\">Un trajet rapide<\/h2>\t\t\t\t<\/div>\n\t\t\t\t<\/div>\n\t\t\t\t<div class=\"elementor-element elementor-element-aa92700 elementor-widget elementor-widget-text-editor\" data-id=\"aa92700\" data-element_type=\"widget\" data-e-type=\"widget\" data-widget_type=\"text-editor.default\">\n\t\t\t\t<div class=\"elementor-widget-container\">\n\t\t\t\t\t\t\t\t\t<ul><li>La Ronde (Six Flags)<\/li><li>Casino de Montr\u00e9al<\/li><li>Jardin botanique de Montr\u00e9al (Montreal Botanical Garden)<\/li><li>Insectarium de Montr\u00e9al<\/li><li>Biosph\u00e8re (Biosph\u00e8re, Mus\u00e9e de l&rsquo;environnement)<\/li><li>Biodome (Biod\u00f4me de Montr\u00e9al)<\/li><li>Parc olympique (Olympic Park)<\/li><li>Stade IGA (Stade IGA)<\/li><li>Universit\u00e9 Concordia (campus du centre-ville et de Loyola)<\/li><li style=\"background-color: transparent;\">Oratoire Saint-Joseph (Saint Joseph&rsquo;s Oratory)<\/li><li style=\"background-color: transparent;\">Parc Jean-Drapeau (y compris l&rsquo;\u00eele Sainte-H\u00e9l\u00e8ne et l&rsquo;\u00eele Notre-Dame)<\/li><li style=\"background-color: transparent;\">March\u00e9 Atwater et march\u00e9 Jean-Talon<\/li><\/ul>\t\t\t\t\t\t\t\t<\/div>\n\t\t\t\t<\/div>\n\t\t\t\t\t<\/div>\n\t\t<\/div>\n\t\t\t\t\t<\/div>\n\t\t<\/section>\n\t\t\t\t<div class=\"elementor-element elementor-element-a76ad63 elementor-widget elementor-widget-heading\" data-id=\"a76ad63\" data-element_type=\"widget\" data-e-type=\"widget\" data-widget_type=\"heading.default\">\n\t\t\t\t<div class=\"elementor-widget-container\">\n\t\t\t\t\t<h2 class=\"elementor-heading-title elementor-size-default\">Gingerbread Manor - Attractions de Montr\u00e9al \u00e0 proximit\u00e9<\/h2>\t\t\t\t<\/div>\n\t\t\t\t<\/div>\n\t\t\t\t<div class=\"elementor-element elementor-element-72f80e6 elementor-widget elementor-widget-text-editor\" data-id=\"72f80e6\" data-element_type=\"widget\" data-e-type=\"widget\" data-widget_type=\"text-editor.default\">\n\t\t\t\t<div class=\"elementor-widget-container\">\n\t\t\t\t\t\t\t\t\t<p>Faites l&rsquo;exp\u00e9rience d&rsquo;un s\u00e9jour confortable au Gingerbread Manor B&amp;B, \u00e0 quelques pas du m\u00e9tro Sherbrooke et \u00e0 deux pas des stations Berri-UQAM et St-Laurent. Id\u00e9al pour explorer Montr\u00e9al ! Les lignes de bus 24 et 55 sont \u00e0 proximit\u00e9, et le bus 144 vous emm\u00e8ne \u00e0 McGill, aux escaliers Peel et au m\u00e9tro Atwater.  <\/p>\t\t\t\t\t\t\t\t<\/div>\n\t\t\t\t<\/div>\n\t\t\t\t<div class=\"elementor-element elementor-element-ded910a elementor-widget elementor-widget-heading\" data-id=\"ded910a\" data-element_type=\"widget\" data-e-type=\"widget\" data-widget_type=\"heading.default\">\n\t\t\t\t<div class=\"elementor-widget-container\">\n\t\t\t\t\t<h2 class=\"elementor-heading-title elementor-size-default\">Points d'Internet \u00e0 proximit\u00e9<\/h2>\t\t\t\t<\/div>\n\t\t\t\t<\/div>\n\t\t\t\t<div class=\"elementor-element elementor-element-7a0f0c7 elementor-widget elementor-widget-text-editor\" data-id=\"7a0f0c7\" data-element_type=\"widget\" data-e-type=\"widget\" data-widget_type=\"text-editor.default\">\n\t\t\t\t<div class=\"elementor-widget-container\">\n\t\t\t\t\t\t\t\t\t<p>L&#8217;emplacement est parfait pour tout! Le bed and breakfast se trouve \u00e0 proximit\u00e9 d&rsquo;un magnifique petit parc (Carr\u00e9 St-Louis), du <a href=\"https:\/\/www.stm.info\/fr\/infos\/reseaux\/metro\/sherbrooke\" target=\"_blank\" rel=\"noopener\">m\u00e9tro<\/a> et de centaines de restaurants.<\/p><p>Venez \u00e0 Montr\u00e9al pour une escapade d&rsquo;un week-end et profitez de votre s\u00e9jour dans notre merveilleux B&amp;B. L&#8217;emplacement de ce chambre d&rsquo;h\u00f4tes est peut-\u00eatre \u00e0 5 minutes \u00e0 pied du m\u00e9tro. Vous ne croirez pas le prix d&rsquo;un si bon emplacement, surtout une fois que vous aurez vu \u00e0 quel point le b\u00e2timent est beau et dans quel quartier charmant il se trouve. Vous vous sentirez comme chez vous et tomberez amoureux des b\u00e2timent de gr\u00e8s brun de la rue. Les propri\u00e9taires et les h\u00f4tes sont merveilleux et tr\u00e8s serviables et informatifs et sont disponibles pour toute question. Les petits d\u00e9jeuners sont incroyables.<\/p><p>Le Gingerbread Manor est fortement recommand\u00e9 aux voyageurs, en particulier \u00e0 ceux qui aiment les touches personnelles. Des petits d\u00e9jeuners faits maison, de belles chambres et des touches personnelles par des h\u00f4tes sympathiques vous aident \u00e0 vous d\u00e9placer pour voir le meilleur de Montr\u00e9al et sa belle architecture. Vous allez adorer cet endroit si vous visitez Montr\u00e9al et souhaitez \u00eatre \u00e0 proximit\u00e9 du m\u00e9tro. Les h\u00f4tes ne vous laisseront rien manquer!<\/p>\t\t\t\t\t\t\t\t<\/div>\n\t\t\t\t<\/div>\n\t\t\t\t<div class=\"elementor-element elementor-element-09ff775 elementor-widget elementor-widget-eael-image-accordion\" data-id=\"09ff775\" data-element_type=\"widget\" data-e-type=\"widget\" data-widget_type=\"eael-image-accordion.default\">\n\t\t\t\t<div class=\"elementor-widget-container\">\n\t\t\t\t\t    <div class=\"eael-img-accordion accordion-direction-horizontal eael-img-accordion-horizontal-align-center eael-img-accordion-vertical-align-center\" id=\"eael-img-accordion-09ff775\" data-img-accordion-id=\"09ff775\" data-img-accordion-type=\"on-hover\">\n                    \n            <div class=\"eael-image-accordion-hover eael-image-accordion-item overlay-active\" style=\"background-image: url(https:\/\/www.gingerbreadmanor.com\/wp-content\/uploads\/2021\/05\/GingerbreadManor_Exterior1.jpeg); flex: 3 1 0%;\"  tabindex=\"0\">\n                <div class=\"overlay\">\n                                        <div class=\"overlay-inner  overlay-inner-show\">\n                        <h2 class=\"img-accordion-title\">Manoir aux Pains d'\u00c9pices<\/h2>                    <\/div>\n                <\/div>\n            <\/div>\n                    \n            <div class=\"eael-image-accordion-hover eael-image-accordion-item\" style=\"background-image: url(https:\/\/www.gingerbreadmanor.com\/wp-content\/uploads\/2012\/12\/Breakfast_Table_2.jpeg);\"  tabindex=\"0\">\n                <div class=\"overlay\">\n                                        <div class=\"overlay-inner \">\n                        <h2 class=\"img-accordion-title\">Petit-d\u00e9jeuner<\/h2>                    <\/div>\n                <\/div>\n            <\/div>\n                <\/div>\n        <style typr=\"text\/css\">\n                    #eael-img-accordion-09ff775 .eael-image-accordion-hover:hover {\n                        flex: 3 1 0% !important;\n                    }\n                    #eael-img-accordion-09ff775 .eael-image-accordion-hover:hover:hover .overlay-inner * {\n                        opacity: 1;\n                        visibility: visible;\n                        transform: none;\n                        transition: all .3s .3s;\n                    }\n                <\/style>\t\t\t\t<\/div>\n\t\t\t\t<\/div>\n\t\t\t\t<div class=\"elementor-element elementor-element-54e8ebb elementor-widget elementor-widget-heading\" data-id=\"54e8ebb\" data-element_type=\"widget\" data-e-type=\"widget\" data-widget_type=\"heading.default\">\n\t\t\t\t<div class=\"elementor-widget-container\">\n\t\t\t\t\t<h2 class=\"elementor-heading-title elementor-size-default\">Stationnement (Parking)<\/h2>\t\t\t\t<\/div>\n\t\t\t\t<\/div>\n\t\t\t\t<div class=\"elementor-element elementor-element-9ec6a39 elementor-widget elementor-widget-text-editor\" data-id=\"9ec6a39\" data-element_type=\"widget\" data-e-type=\"widget\" data-widget_type=\"text-editor.default\">\n\t\t\t\t<div class=\"elementor-widget-container\">\n\t\t\t\t\t\t\t\t\t<p>Vous n&rsquo;aurez pas \u00e0 vous soucier du stationnement \u00e0 Gingerbread Manor. Nous proposons <a href=\"https:\/\/www.gingerbreadmanor.com\/home\/the-manor\/parking\/\">deux places de garage \u00e0 r\u00e9server \u00e0 l&rsquo;avance<\/a>, ainsi qu&rsquo;un nombre limit\u00e9 de places de stationnement dans la rue \u00e0 proximit\u00e9. Il existe \u00e9galement des garages publics couverts dans le quartier, et la ville propose des permis de courte dur\u00e9e permettant aux clients de se garer dans les zones r\u00e9sidentielles moyennant une redevance raisonnable. Une fois gar\u00e9, il est facile d&rsquo;explorer la ville \u00e0 pied ou en transport en commun.   <\/p>\t\t\t\t\t\t\t\t<\/div>\n\t\t\t\t<\/div>\n\t\t\t\t<div class=\"elementor-element elementor-element-bab2c39 elementor-widget elementor-widget-heading\" data-id=\"bab2c39\" data-element_type=\"widget\" data-e-type=\"widget\" data-widget_type=\"heading.default\">\n\t\t\t\t<div class=\"elementor-widget-container\">\n\t\t\t\t\t<h2 class=\"elementor-heading-title elementor-size-default\">Chambres<\/h2>\t\t\t\t<\/div>\n\t\t\t\t<\/div>\n\t\t\t\t<div class=\"elementor-element elementor-element-ba8074f elementor-widget elementor-widget-text-editor\" data-id=\"ba8074f\" data-element_type=\"widget\" data-e-type=\"widget\" data-widget_type=\"text-editor.default\">\n\t\t\t\t<div class=\"elementor-widget-container\">\n\t\t\t\t\t\t\t\t\t<p>Les chambres du Gingerbread Manor sont v\u00e9ritablement belles et am\u00e9nag\u00e9es avec soin. Attendez-vous \u00e0 de grandes baies vitr\u00e9es qui inondent l&rsquo;espace de lumi\u00e8re naturelle, \u00e0 de hauts plafonds et \u00e0 des d\u00e9tails d&rsquo;\u00e9poque chaleureux qui soulignent le caract\u00e8re victorien de la maison. Chaque chambre est spacieuse, d&rsquo;une propret\u00e9 irr\u00e9prochable et dot\u00e9e de lits confortables. Vous y trouverez tout ce dont vous avez besoin : une connexion Wi-Fi rapide, une t\u00e9l\u00e9vision \u00e0 \u00e9cran plat, des prises de courant au chevet du lit, des chargeurs USB, une salle de bains bien \u00e9quip\u00e9e avec des serviettes fra\u00eeches et un s\u00e8che-cheveux, ainsi que des petites attentions comme un bureau ou une coiffeuse, des verres \u00e0 vin, un fer \u00e0 repasser et une planche \u00e0 repasser. C&rsquo;est un endroit calme et confortable pour se d\u00e9tendre apr\u00e8s une journ\u00e9e d&rsquo;exploration de Montr\u00e9al.    <\/p>\t\t\t\t\t\t\t\t<\/div>\n\t\t\t\t<\/div>\n\t\t\t\t<div class=\"elementor-element elementor-element-81ab7a3 elementor-widget elementor-widget-heading\" data-id=\"81ab7a3\" data-element_type=\"widget\" data-e-type=\"widget\" data-widget_type=\"heading.default\">\n\t\t\t\t<div class=\"elementor-widget-container\">\n\t\t\t\t\t<h2 class=\"elementor-heading-title elementor-size-default\">Vos h\u00f4tes<\/h2>\t\t\t\t<\/div>\n\t\t\t\t<\/div>\n\t\t\t\t<div class=\"elementor-element elementor-element-08d2c75 elementor-widget elementor-widget-text-editor\" data-id=\"08d2c75\" data-element_type=\"widget\" data-e-type=\"widget\" data-widget_type=\"text-editor.default\">\n\t\t\t\t<div class=\"elementor-widget-container\">\n\t\t\t\t\t\t\t\t\t<p>Plongez dans la chaleur de nos h\u00f4tes accueillants au Gingerbread Manor B&amp;B, o\u00f9 l&rsquo;hospitalit\u00e9 rencontre l&rsquo;expertise locale. Nos h\u00f4tes sympathiques sont une mine d&rsquo;informations, pr\u00eats \u00e0 vous recommander leurs restaurants pr\u00e9f\u00e9r\u00e9s, pour que vous puissiez go\u00fbter aux meilleurs d\u00e9lices culinaires de la r\u00e9gion. Ce qui nous distingue, c&rsquo;est notre capacit\u00e9 \u00e0 aller au-del\u00e0 des suggestions &#8211; nous pouvons effectuer des r\u00e9servations en votre nom. B\u00e9n\u00e9ficiez de nos relations \u00e9tablies avec de nombreux restaurants locaux, ce qui vous permettra de vous restaurer sans probl\u00e8me et d&rsquo;agr\u00e9menter votre s\u00e9jour. Faites-nous confiance pour rehausser votre visite avec des conseils d&rsquo;initi\u00e9s et une assistance personnalis\u00e9e, cr\u00e9ant ainsi des souvenirs durables de votre s\u00e9jour \u00e0 Montr\u00e9al. Laissez-nous vous guider vers les meilleures attractions de Montr\u00e9al qui conviennent \u00e0 votre style et \u00e0 vos int\u00e9r\u00eats.     <\/p>\t\t\t\t\t\t\t\t<\/div>\n\t\t\t\t<\/div>\n\t\t\t\t\t<\/div>\n\t\t<\/div>\n\t\t\t\t\t<\/div>\n\t\t<\/section>\n\t\t\t\t<\/div>\n\t\t","protected":false},"excerpt":{"rendered":"<p>Attractions de Montr\u00e9al et o\u00f9 s\u00e9journer Attractions de Montr\u00e9al \u00e0 proximit\u00e9 Square Saint-Louis (parc, fontaine, kiosque \u00e0 glaces d&rsquo;\u00e9t\u00e9) Rue [&hellip;]<\/p>\n","protected":false},"author":1,"featured_media":8528,"parent":0,"menu_order":0,"comment_status":"closed","ping_status":"closed","template":"elementor_header_footer","meta":{"_monsterinsights_skip_tracking":false,"_monsterinsights_sitenote_active":false,"_monsterinsights_sitenote_note":"","_monsterinsights_sitenote_category":0,"site-sidebar-layout":"default","site-content-layout":"","ast-site-content-layout":"default","site-content-style":"default","site-sidebar-style":"default","ast-global-header-display":"","ast-banner-title-visibility":"","ast-main-header-display":"","ast-hfb-above-header-display":"","ast-hfb-below-header-display":"","ast-hfb-mobile-header-display":"","site-post-title":"disabled","ast-breadcrumbs-content":"","ast-featured-img":"","footer-sml-layout":"","ast-disable-related-posts":"","theme-transparent-header-meta":"","adv-header-id-meta":"","stick-header-meta":"","header-above-stick-meta":"","header-main-stick-meta":"","header-below-stick-meta":"","astra-migrate-meta-layouts":"default","ast-page-background-enabled":"default","ast-page-background-meta":{"desktop":{"background-color":"var(--ast-global-color-5)","background-image":"","background-repeat":"repeat","background-position":"center center","background-size":"auto","background-attachment":"scroll","background-type":"","background-media":"","overlay-type":"","overlay-color":"","overlay-opacity":"","overlay-gradient":""},"tablet":{"background-color":"","background-image":"","background-repeat":"repeat","background-position":"center center","background-size":"auto","background-attachment":"scroll","background-type":"","background-media":"","overlay-type":"","overlay-color":"","overlay-opacity":"","overlay-gradient":""},"mobile":{"background-color":"","background-image":"","background-repeat":"repeat","background-position":"center center","background-size":"auto","background-attachment":"scroll","background-type":"","background-media":"","overlay-type":"","overlay-color":"","overlay-opacity":"","overlay-gradient":""}},"ast-content-background-meta":{"desktop":{"background-color":"var(--ast-global-color-4)","background-image":"","background-repeat":"repeat","background-position":"center center","background-size":"auto","background-attachment":"scroll","background-type":"","background-media":"","overlay-type":"","overlay-color":"","overlay-opacity":"","overlay-gradient":""},"tablet":{"background-color":"var(--ast-global-color-4)","background-image":"","background-repeat":"repeat","background-position":"center center","background-size":"auto","background-attachment":"scroll","background-type":"","background-media":"","overlay-type":"","overlay-color":"","overlay-opacity":"","overlay-gradient":""},"mobile":{"background-color":"var(--ast-global-color-4)","background-image":"","background-repeat":"repeat","background-position":"center center","background-size":"auto","background-attachment":"scroll","background-type":"","background-media":"","overlay-type":"","overlay-color":"","overlay-opacity":"","overlay-gradient":""}},"footnotes":""},"class_list":["post-36786","page","type-page","status-publish","has-post-thumbnail","hentry"],"_links":{"self":[{"href":"https:\/\/www.gingerbreadmanor.com\/fr\/wp-json\/wp\/v2\/pages\/36786","targetHints":{"allow":["GET"]}}],"collection":[{"href":"https:\/\/www.gingerbreadmanor.com\/fr\/wp-json\/wp\/v2\/pages"}],"about":[{"href":"https:\/\/www.gingerbreadmanor.com\/fr\/wp-json\/wp\/v2\/types\/page"}],"author":[{"embeddable":true,"href":"https:\/\/www.gingerbreadmanor.com\/fr\/wp-json\/wp\/v2\/users\/1"}],"replies":[{"embeddable":true,"href":"https:\/\/www.gingerbreadmanor.com\/fr\/wp-json\/wp\/v2\/comments?post=36786"}],"version-history":[{"count":2,"href":"https:\/\/www.gingerbreadmanor.com\/fr\/wp-json\/wp\/v2\/pages\/36786\/revisions"}],"predecessor-version":[{"id":42282,"href":"https:\/\/www.gingerbreadmanor.com\/fr\/wp-json\/wp\/v2\/pages\/36786\/revisions\/42282"}],"wp:featuredmedia":[{"embeddable":true,"href":"https:\/\/www.gingerbreadmanor.com\/fr\/wp-json\/wp\/v2\/media\/8528"}],"wp:attachment":[{"href":"https:\/\/www.gingerbreadmanor.com\/fr\/wp-json\/wp\/v2\/media?parent=36786"}],"curies":[{"name":"wp","href":"https:\/\/api.w.org\/{rel}","templated":true}]}}