{"id":36804,"date":"2023-02-24T18:39:11","date_gmt":"2023-02-24T23:39:11","guid":{"rendered":"https:\/\/www.gingerbreadmanor.com\/hotels-a-montreal-pres-du-centre-bell\/"},"modified":"2026-01-30T12:24:44","modified_gmt":"2026-01-30T17:24:44","slug":"hotels-a-montreal-pres-du-centre-bell","status":"publish","type":"page","link":"https:\/\/www.gingerbreadmanor.com\/fr\/hotels-a-montreal-pres-du-centre-bell\/","title":{"rendered":"Restez au Plateau pour les \u00e9v\u00e9nements du Centre Bell"},"content":{"rendered":"\t\t<div data-elementor-type=\"wp-page\" data-elementor-id=\"36804\" class=\"elementor elementor-36804 elementor-6193\" data-elementor-settings=\"{&quot;element_pack_global_tooltip_width&quot;:{&quot;unit&quot;:&quot;px&quot;,&quot;size&quot;:&quot;&quot;,&quot;sizes&quot;:[]},&quot;element_pack_global_tooltip_width_tablet&quot;:{&quot;unit&quot;:&quot;px&quot;,&quot;size&quot;:&quot;&quot;,&quot;sizes&quot;:[]},&quot;element_pack_global_tooltip_width_mobile&quot;:{&quot;unit&quot;:&quot;px&quot;,&quot;size&quot;:&quot;&quot;,&quot;sizes&quot;:[]},&quot;element_pack_global_tooltip_padding&quot;:{&quot;unit&quot;:&quot;px&quot;,&quot;top&quot;:&quot;&quot;,&quot;right&quot;:&quot;&quot;,&quot;bottom&quot;:&quot;&quot;,&quot;left&quot;:&quot;&quot;,&quot;isLinked&quot;:true},&quot;element_pack_global_tooltip_padding_tablet&quot;:{&quot;unit&quot;:&quot;px&quot;,&quot;top&quot;:&quot;&quot;,&quot;right&quot;:&quot;&quot;,&quot;bottom&quot;:&quot;&quot;,&quot;left&quot;:&quot;&quot;,&quot;isLinked&quot;:true},&quot;element_pack_global_tooltip_padding_mobile&quot;:{&quot;unit&quot;:&quot;px&quot;,&quot;top&quot;:&quot;&quot;,&quot;right&quot;:&quot;&quot;,&quot;bottom&quot;:&quot;&quot;,&quot;left&quot;:&quot;&quot;,&quot;isLinked&quot;:true},&quot;element_pack_global_tooltip_border_radius&quot;:{&quot;unit&quot;:&quot;px&quot;,&quot;top&quot;:&quot;&quot;,&quot;right&quot;:&quot;&quot;,&quot;bottom&quot;:&quot;&quot;,&quot;left&quot;:&quot;&quot;,&quot;isLinked&quot;:true},&quot;element_pack_global_tooltip_border_radius_tablet&quot;:{&quot;unit&quot;:&quot;px&quot;,&quot;top&quot;:&quot;&quot;,&quot;right&quot;:&quot;&quot;,&quot;bottom&quot;:&quot;&quot;,&quot;left&quot;:&quot;&quot;,&quot;isLinked&quot;:true},&quot;element_pack_global_tooltip_border_radius_mobile&quot;:{&quot;unit&quot;:&quot;px&quot;,&quot;top&quot;:&quot;&quot;,&quot;right&quot;:&quot;&quot;,&quot;bottom&quot;:&quot;&quot;,&quot;left&quot;:&quot;&quot;,&quot;isLinked&quot;:true}}\">\n\t\t\t\t\t\t<section class=\"elementor-section elementor-top-section elementor-element elementor-element-64d86a6 elementor-section-boxed elementor-section-height-default elementor-section-height-default\" data-id=\"64d86a6\" data-element_type=\"section\" data-e-type=\"section\">\n\t\t\t\t\t\t<div class=\"elementor-container elementor-column-gap-default\">\n\t\t\t\t\t<div class=\"elementor-column elementor-col-100 elementor-top-column elementor-element elementor-element-7b2e865\" data-id=\"7b2e865\" data-element_type=\"column\" data-e-type=\"column\" data-settings=\"{&quot;background_background&quot;:&quot;classic&quot;}\">\n\t\t\t<div class=\"elementor-widget-wrap elementor-element-populated\">\n\t\t\t\t\t\t<div class=\"elementor-element elementor-element-455ec1b elementor-widget elementor-widget-heading\" data-id=\"455ec1b\" data-element_type=\"widget\" data-e-type=\"widget\" data-widget_type=\"heading.default\">\n\t\t\t\t<div class=\"elementor-widget-container\">\n\t\t\t\t\t<h1 class=\"elementor-heading-title elementor-size-default\">La meilleure fa\u00e7on de s\u00e9journer pour les \u00e9v\u00e9nements du Centre Bell<\/h1>\t\t\t\t<\/div>\n\t\t\t\t<\/div>\n\t\t\t\t<section class=\"elementor-section elementor-inner-section elementor-element elementor-element-de25298 elementor-section-boxed elementor-section-height-default elementor-section-height-default\" data-id=\"de25298\" data-element_type=\"section\" data-e-type=\"section\">\n\t\t\t\t\t\t<div class=\"elementor-container elementor-column-gap-default\">\n\t\t\t\t\t<div class=\"elementor-column elementor-col-50 elementor-inner-column elementor-element elementor-element-b5857e2\" data-id=\"b5857e2\" data-element_type=\"column\" data-e-type=\"column\" data-settings=\"{&quot;background_background&quot;:&quot;classic&quot;}\">\n\t\t\t<div class=\"elementor-widget-wrap elementor-element-populated\">\n\t\t\t\t\t\t<div class=\"elementor-element elementor-element-7c47991 elementor-widget__width-inherit elementor-widget elementor-widget-image\" data-id=\"7c47991\" data-element_type=\"widget\" data-e-type=\"widget\" data-widget_type=\"image.default\">\n\t\t\t\t<div class=\"elementor-widget-container\">\n\t\t\t\t\t\t\t\t\t\t\t\t<figure class=\"wp-caption\">\n\t\t\t\t\t\t\t\t\t\t\t<a href=\"https:\/\/unsplash.com\/@seb_crdt?utm_content=creditCopyText&#038;utm_medium=referral&#038;utm_source=unsplash&gt;sebastien%20cordat\/a%20on%20%20a%20href=https:\/\/unsplash.com\/photos\/selective-focus-photography-of-ice-hockey-player-statues-ui36XI-fX2o?utm_content=creditCopyText&#038;utm_medium=referral&#038;utm_source=unsplash&lt;\/div&gt;\/a\" target=\"_blank\" rel=\"noopener\">\n\t\t\t\t\t\t\t<img fetchpriority=\"high\" decoding=\"async\" width=\"300\" height=\"200\" src=\"https:\/\/www.gingerbreadmanor.com\/wp-content\/uploads\/2024\/01\/sebastien-cordat-ui36XI-fX2o-unsplash-300x200.jpg\" class=\"attachment-medium size-medium wp-image-37622\" alt=\"H\u00f4tels \u00e0 Montr\u00e9al pr\u00e8s du Centre Bell\" srcset=\"https:\/\/www.gingerbreadmanor.com\/wp-content\/uploads\/2024\/01\/sebastien-cordat-ui36XI-fX2o-unsplash-300x200.jpg 300w, https:\/\/www.gingerbreadmanor.com\/wp-content\/uploads\/2024\/01\/sebastien-cordat-ui36XI-fX2o-unsplash-1024x683.jpg 1024w, https:\/\/www.gingerbreadmanor.com\/wp-content\/uploads\/2024\/01\/sebastien-cordat-ui36XI-fX2o-unsplash-768x512.jpg 768w, https:\/\/www.gingerbreadmanor.com\/wp-content\/uploads\/2024\/01\/sebastien-cordat-ui36XI-fX2o-unsplash-1536x1024.jpg 1536w, https:\/\/www.gingerbreadmanor.com\/wp-content\/uploads\/2024\/01\/sebastien-cordat-ui36XI-fX2o-unsplash.jpg 1920w\" sizes=\"(max-width: 300px) 100vw, 300px\" \/>\t\t\t\t\t\t\t\t<\/a>\n\t\t\t\t\t\t\t\t\t\t\t<figcaption class=\"widget-image-caption wp-caption-text\">H\u00f4tels \u00e0 Montr\u00e9al pr\u00e8s du Centre Bell<\/figcaption>\n\t\t\t\t\t\t\t\t\t\t<\/figure>\n\t\t\t\t\t\t\t\t\t<\/div>\n\t\t\t\t<\/div>\n\t\t\t\t\t<\/div>\n\t\t<\/div>\n\t\t\t\t<div class=\"elementor-column elementor-col-50 elementor-inner-column elementor-element elementor-element-d0a2d37\" data-id=\"d0a2d37\" data-element_type=\"column\" data-e-type=\"column\" data-settings=\"{&quot;background_background&quot;:&quot;classic&quot;}\">\n\t\t\t<div class=\"elementor-widget-wrap elementor-element-populated\">\n\t\t\t\t\t<div class=\"elementor-background-overlay\"><\/div>\n\t\t\t\t\t\t<div class=\"elementor-element elementor-element-f5b4b97 elementor-widget elementor-widget-heading\" data-id=\"f5b4b97\" data-element_type=\"widget\" data-e-type=\"widget\" data-widget_type=\"heading.default\">\n\t\t\t\t<div class=\"elementor-widget-container\">\n\t\t\t\t\t<h2 class=\"elementor-heading-title elementor-size-default\">La meilleure fa\u00e7on de s\u00e9journer pour les \u00e9v\u00e9nements du Centre Bell<\/h2>\t\t\t\t<\/div>\n\t\t\t\t<\/div>\n\t\t\t\t<div class=\"elementor-element elementor-element-3f94544 elementor-widget elementor-widget-text-editor\" data-id=\"3f94544\" data-element_type=\"widget\" data-e-type=\"widget\" data-widget_type=\"text-editor.default\">\n\t\t\t\t<div class=\"elementor-widget-container\">\n\t\t\t\t\t\t\t\t\t<p>Vous allez voir un match ou un concert au <a href=\"https:\/\/centrebell.ca\" target=\"_blank\" rel=\"noopener\">Centre Bell<\/a>? Vous pourriez s\u00e9journer dans une tour anonyme du centre-ville, ou choisir le calme d&rsquo;un <a href=\"https:\/\/www.gingerbreadmanor.com\/fr\/chambres\/\">manoir victorien historique<\/a> au c\u0153ur du Plateau pour vivre une exp\u00e9rience plus locale et plus authentique. Nous sommes situ\u00e9s \u00e0 seulement quelques minutes de trajet, vous offrant une exp\u00e9rience montr\u00e9alaise plus locale, loin du bruit du centre-ville et des stationnements co\u00fbteux.<\/p>\t\t\t\t\t\t\t\t<\/div>\n\t\t\t\t<\/div>\n\t\t\t\t<div class=\"elementor-element elementor-element-fca9b80 elementor-widget elementor-widget-heading\" data-id=\"fca9b80\" data-element_type=\"widget\" data-e-type=\"widget\" data-widget_type=\"heading.default\">\n\t\t\t\t<div class=\"elementor-widget-container\">\n\t\t\t\t\t<h2 class=\"elementor-heading-title elementor-size-default\">\u00c9vitez les embouteillages du centre-ville<\/h2>\t\t\t\t<\/div>\n\t\t\t\t<\/div>\n\t\t\t\t<div class=\"elementor-element elementor-element-6e84450 elementor-widget elementor-widget-text-editor\" data-id=\"6e84450\" data-element_type=\"widget\" data-e-type=\"widget\" data-widget_type=\"text-editor.default\">\n\t\t\t\t<div class=\"elementor-widget-container\">\n\t\t\t\t\t\t\t\t\t<p data-path-to-node=\"7\">Le Centre Bell est le c\u0153ur de la sc\u00e8ne sportive et musicale de Montr\u00e9al, mais le quartier qui l&rsquo;entoure peut \u00eatre chaotique les soirs d&rsquo;\u00e9v\u00e9nements. La circulation est dense et le stationnement est \u00e0 la fois difficile \u00e0 trouver et co\u00fbteux. <\/p><p data-path-to-node=\"8\">En s\u00e9journant au Manoir aux Pains d\u2019\u00c9pices sur le Plateau, vous b\u00e9n\u00e9ficiez du meilleur des deux mondes : une nuit de sommeil paisible dans un quartier historique et un trajet sans encombre jusqu&rsquo;\u00e0 l&rsquo;ar\u00e9na par le m\u00e9tro. Vous \u00eates suffisamment proche pour ressentir l&rsquo;\u00e9nergie de la ville, mais suffisamment \u00e9loign\u00e9 pour \u00e9viter les embouteillages. <\/p>\t\t\t\t\t\t\t\t<\/div>\n\t\t\t\t<\/div>\n\t\t\t\t\t<\/div>\n\t\t<\/div>\n\t\t\t\t\t<\/div>\n\t\t<\/section>\n\t\t\t\t<section class=\"elementor-section elementor-inner-section elementor-element elementor-element-1260f51 elementor-section-boxed elementor-section-height-default elementor-section-height-default\" data-id=\"1260f51\" data-element_type=\"section\" data-e-type=\"section\">\n\t\t\t\t\t\t<div class=\"elementor-container elementor-column-gap-default\">\n\t\t\t\t\t<div class=\"elementor-column elementor-col-50 elementor-inner-column elementor-element elementor-element-dbfccb9\" data-id=\"dbfccb9\" data-element_type=\"column\" data-e-type=\"column\" data-settings=\"{&quot;background_background&quot;:&quot;classic&quot;}\">\n\t\t\t<div class=\"elementor-widget-wrap elementor-element-populated\">\n\t\t\t\t\t\t<div class=\"elementor-element elementor-element-e5563d4 elementor-widget elementor-widget-image\" data-id=\"e5563d4\" data-element_type=\"widget\" data-e-type=\"widget\" data-widget_type=\"image.default\">\n\t\t\t\t<div class=\"elementor-widget-container\">\n\t\t\t\t\t\t\t\t\t\t\t\t\t\t\t<img decoding=\"async\" width=\"300\" height=\"225\" src=\"https:\/\/www.gingerbreadmanor.com\/wp-content\/uploads\/2021\/05\/GingerbreadManor_Exterior1-300x225.jpeg\" class=\"attachment-medium size-medium wp-image-8313\" alt=\"Manoir au Pains d&#039;Epice Ext\u00e9rieur\" srcset=\"https:\/\/www.gingerbreadmanor.com\/wp-content\/uploads\/2021\/05\/GingerbreadManor_Exterior1-300x225.jpeg 300w, https:\/\/www.gingerbreadmanor.com\/wp-content\/uploads\/2021\/05\/GingerbreadManor_Exterior1-768x576.jpeg 768w, https:\/\/www.gingerbreadmanor.com\/wp-content\/uploads\/2021\/05\/GingerbreadManor_Exterior1.jpeg 940w\" sizes=\"(max-width: 300px) 100vw, 300px\" \/>\t\t\t\t\t\t\t\t\t\t\t\t\t\t\t<\/div>\n\t\t\t\t<\/div>\n\t\t\t\t<div class=\"elementor-element elementor-element-315b22f elementor-widget elementor-widget-image\" data-id=\"315b22f\" data-element_type=\"widget\" data-e-type=\"widget\" data-widget_type=\"image.default\">\n\t\t\t\t<div class=\"elementor-widget-container\">\n\t\t\t\t\t\t\t\t\t\t\t\t\t\t\t<img decoding=\"async\" width=\"300\" height=\"200\" src=\"https:\/\/www.gingerbreadmanor.com\/wp-content\/uploads\/2012\/12\/Breakfast_Table_2-300x200.jpeg\" class=\"attachment-medium size-medium wp-image-8135\" alt=\"Petit-d\u00e9jeuner\" srcset=\"https:\/\/www.gingerbreadmanor.com\/wp-content\/uploads\/2012\/12\/Breakfast_Table_2-300x200.jpeg 300w, https:\/\/www.gingerbreadmanor.com\/wp-content\/uploads\/2012\/12\/Breakfast_Table_2.jpeg 540w\" sizes=\"(max-width: 300px) 100vw, 300px\" \/>\t\t\t\t\t\t\t\t\t\t\t\t\t\t\t<\/div>\n\t\t\t\t<\/div>\n\t\t\t\t\t<\/div>\n\t\t<\/div>\n\t\t\t\t<div class=\"elementor-column elementor-col-50 elementor-inner-column elementor-element elementor-element-b3080cf\" data-id=\"b3080cf\" data-element_type=\"column\" data-e-type=\"column\" data-settings=\"{&quot;background_background&quot;:&quot;classic&quot;}\">\n\t\t\t<div class=\"elementor-widget-wrap elementor-element-populated\">\n\t\t\t\t\t<div class=\"elementor-background-overlay\"><\/div>\n\t\t\t\t\t\t<div class=\"elementor-element elementor-element-2693484 elementor-widget elementor-widget-heading\" data-id=\"2693484\" data-element_type=\"widget\" data-e-type=\"widget\" data-widget_type=\"heading.default\">\n\t\t\t\t<div class=\"elementor-widget-container\">\n\t\t\t\t\t<h2 class=\"elementor-heading-title elementor-size-default\">Une exp\u00e9rience locale dans le Plateau<\/h2>\t\t\t\t<\/div>\n\t\t\t\t<\/div>\n\t\t\t\t<div class=\"elementor-element elementor-element-9d0d7a8 elementor-widget elementor-widget-text-editor\" data-id=\"9d0d7a8\" data-element_type=\"widget\" data-e-type=\"widget\" data-widget_type=\"text-editor.default\">\n\t\t\t\t<div class=\"elementor-widget-container\">\n\t\t\t\t\t\t\t\t\t<p data-path-to-node=\"10\">Pourquoi se contenter d\u2019une chambre d\u2019h\u00f4tel exigu\u00eb quand on peut loger dans un manoir du 19e si\u00e8cle ? Apr\u00e8s le match ou le spectacle, marchez vers les restos-bars sympathiques de la rue Prince-Arthur ou explorez les boutiques de la Main (boulevard Saint-Laurent). Le Vieux-Montr\u00e9al et les boutiques du centre-ville ne sont qu\u2019\u00e0 15 ou 20 minutes de marche.  <\/p><p data-path-to-node=\"11\">\u00c0 votre r\u00e9veil, un <a href=\"https:\/\/www.gingerbreadmanor.com\/fr\/le-manoir\/petits-dejeuners\/\">copieux petit-d\u00e9jeuner<\/a> compos\u00e9 de plusieurs services vous attendra. Nous sommes fiers de notre menu : vous ne mangerez jamais la m\u00eame chose deux fois pendant votre s\u00e9jour.<\/p>\t\t\t\t\t\t\t\t<\/div>\n\t\t\t\t<\/div>\n\t\t\t\t<div class=\"elementor-element elementor-element-fc8279e elementor-widget elementor-widget-heading\" data-id=\"fc8279e\" data-element_type=\"widget\" data-e-type=\"widget\" data-widget_type=\"heading.default\">\n\t\t\t\t<div class=\"elementor-widget-container\">\n\t\t\t\t\t<h2 class=\"elementor-heading-title elementor-size-default\">Il est facile de venir ici<\/h2>\t\t\t\t<\/div>\n\t\t\t\t<\/div>\n\t\t\t\t<div class=\"elementor-element elementor-element-3ba3a77 elementor-widget elementor-widget-text-editor\" data-id=\"3ba3a77\" data-element_type=\"widget\" data-e-type=\"widget\" data-widget_type=\"text-editor.default\">\n\t\t\t\t<div class=\"elementor-widget-container\">\n\t\t\t\t\t\t\t\t\t<p data-path-to-node=\"8\">Vous n\u2019aurez pas besoin de voiture pour votre s\u00e9jour.<\/p><ul data-path-to-node=\"9\"><li><p data-path-to-node=\"9,0,0\"><b data-path-to-node=\"9,0,0\" data-index-in-node=\"0\">En autocar<\/b> : Si vous arrivez de l&rsquo;ext\u00e9rieur, la <b data-path-to-node=\"9,0,0\" data-index-in-node=\"49\">Gare d\u2019autocars de Montr\u00e9al<\/b> se trouve \u00e0 seulement 10 minutes \u00e0 pied de notre porte.<\/p><\/li><li><p data-path-to-node=\"9,1,0\"><b data-path-to-node=\"9,1,0\" data-index-in-node=\"0\">En m\u00e9tro :<\/b> Nous sommes \u00e0 deux pas de la station <a href=\"https:\/\/www.stm.info\/fr\/infos\/reseaux\/metro\/sherbrooke\" target=\"_blank\" rel=\"noopener\">Sherbrooke<\/a> (<b data-path-to-node=\"9,1,0\" data-index-in-node=\"32\">ligne orange<\/b>), vous donnant acc\u00e8s \u00e0 toute la ville.<\/p><\/li><\/ul>\t\t\t\t\t\t\t\t<\/div>\n\t\t\t\t<\/div>\n\t\t\t\t<div class=\"elementor-element elementor-element-dfe167c elementor-widget elementor-widget-heading\" data-id=\"dfe167c\" data-element_type=\"widget\" data-e-type=\"widget\" data-widget_type=\"heading.default\">\n\t\t\t\t<div class=\"elementor-widget-container\">\n\t\t\t\t\t<h2 class=\"elementor-heading-title elementor-size-default\">Temps de trajet<\/h2>\t\t\t\t<\/div>\n\t\t\t\t<\/div>\n\t\t\t\t<div class=\"elementor-element elementor-element-e9dac97 elementor-widget elementor-widget-text-editor\" data-id=\"e9dac97\" data-element_type=\"widget\" data-e-type=\"widget\" data-widget_type=\"text-editor.default\">\n\t\t\t\t<div class=\"elementor-widget-container\">\n\t\t\t\t\t\t\t\t\t<p data-path-to-node=\"11,0,0\"><b data-path-to-node=\"11,0,0\" data-index-in-node=\"7\">Comment s\u2019y rendre (sans voiture)<\/b> Oubliez le trafic et les frais de stationnement de 40 $. Notre emplacement sur la ligne orange facilite grandement vos d\u00e9placements vers le Centre Bell : <\/p><ul data-path-to-node=\"11,0,1\"><li><p data-path-to-node=\"11,0,1,0,0\"><b data-path-to-node=\"11,0,1,0,0\" data-index-in-node=\"0\">En m\u00e9tro<\/b> : Marchez 5 minutes jusqu&rsquo;\u00e0 la station Sherbrooke, prenez la ligne orange et descendez \u00e0 la station <a href=\"https:\/\/www.stm.info\/fr\/infos\/reseaux\/metro\/lucien-l-allier\" target=\"_blank\" rel=\"noopener\">Lucien-L&rsquo;Allier<\/a>. Vous serez devant les portes en moins de 20 minutes.<\/p><\/li><li><p data-path-to-node=\"11,0,1,0,0\"><b style=\"font-style: inherit;\" data-path-to-node=\"11,0,1,1,0\" data-index-in-node=\"0\">\u00c0 pied :<\/b><span style=\"font-style: inherit; font-weight: inherit;\"> S\u2019il fait beau, c\u2019est une magnifique promenade de 30 minutes \u00e0 travers la ville.<\/span><\/p><\/li><li><p data-path-to-node=\"11,0,1,2,0\"><b data-path-to-node=\"11,0,1,2,0\" data-index-in-node=\"0\">En covoiturage\/taxi :<\/b> Le trajet dure g\u00e9n\u00e9ralement de 10 \u00e0 15 minutes, selon la circulation les soirs d&rsquo;\u00e9v\u00e9nement.<\/p><\/li><\/ul>\t\t\t\t\t\t\t\t<\/div>\n\t\t\t\t<\/div>\n\t\t\t\t<div class=\"elementor-element elementor-element-e2090d9 elementor-align-right elementor-widget elementor-widget-button\" data-id=\"e2090d9\" data-element_type=\"widget\" data-e-type=\"widget\" data-widget_type=\"button.default\">\n\t\t\t\t<div class=\"elementor-widget-container\">\n\t\t\t\t\t\t\t\t\t<div class=\"elementor-button-wrapper\">\n\t\t\t\t\t<a class=\"elementor-button elementor-button-link elementor-size-sm\" href=\"https:\/\/v2.reservationkey.com\/Gingerbread\/fr\" target=\"_blank\" rel=\"noopener\">\n\t\t\t\t\t\t<span class=\"elementor-button-content-wrapper\">\n\t\t\t\t\t\t\t\t\t<span class=\"elementor-button-text\">R\u00e9servez maintenant!<\/span>\n\t\t\t\t\t<\/span>\n\t\t\t\t\t<\/a>\n\t\t\t\t<\/div>\n\t\t\t\t\t\t\t\t<\/div>\n\t\t\t\t<\/div>\n\t\t\t\t\t<\/div>\n\t\t<\/div>\n\t\t\t\t\t<\/div>\n\t\t<\/section>\n\t\t\t\t\t<\/div>\n\t\t<\/div>\n\t\t\t\t\t<\/div>\n\t\t<\/section>\n\t\t\t\t<\/div>\n\t\t","protected":false},"excerpt":{"rendered":"<p>La meilleure fa\u00e7on de s\u00e9journer pour les \u00e9v\u00e9nements du Centre Bell H\u00f4tels \u00e0 Montr\u00e9al pr\u00e8s du Centre Bell La meilleure [&hellip;]<\/p>\n","protected":false},"author":1,"featured_media":37622,"parent":0,"menu_order":0,"comment_status":"closed","ping_status":"closed","template":"elementor_header_footer","meta":{"_monsterinsights_skip_tracking":false,"_monsterinsights_sitenote_active":false,"_monsterinsights_sitenote_note":"","_monsterinsights_sitenote_category":0,"site-sidebar-layout":"default","site-content-layout":"","ast-site-content-layout":"default","site-content-style":"default","site-sidebar-style":"default","ast-global-header-display":"","ast-banner-title-visibility":"","ast-main-header-display":"","ast-hfb-above-header-display":"","ast-hfb-below-header-display":"","ast-hfb-mobile-header-display":"","site-post-title":"disabled","ast-breadcrumbs-content":"","ast-featured-img":"","footer-sml-layout":"","ast-disable-related-posts":"","theme-transparent-header-meta":"","adv-header-id-meta":"","stick-header-meta":"","header-above-stick-meta":"","header-main-stick-meta":"","header-below-stick-meta":"","astra-migrate-meta-layouts":"default","ast-page-background-enabled":"default","ast-page-background-meta":{"desktop":{"background-color":"var(--ast-global-color-5)","background-image":"","background-repeat":"repeat","background-position":"center center","background-size":"auto","background-attachment":"scroll","background-type":"","background-media":"","overlay-type":"","overlay-color":"","overlay-opacity":"","overlay-gradient":""},"tablet":{"background-color":"","background-image":"","background-repeat":"repeat","background-position":"center center","background-size":"auto","background-attachment":"scroll","background-type":"","background-media":"","overlay-type":"","overlay-color":"","overlay-opacity":"","overlay-gradient":""},"mobile":{"background-color":"","background-image":"","background-repeat":"repeat","background-position":"center center","background-size":"auto","background-attachment":"scroll","background-type":"","background-media":"","overlay-type":"","overlay-color":"","overlay-opacity":"","overlay-gradient":""}},"ast-content-background-meta":{"desktop":{"background-color":"var(--ast-global-color-4)","background-image":"","background-repeat":"repeat","background-position":"center center","background-size":"auto","background-attachment":"scroll","background-type":"","background-media":"","overlay-type":"","overlay-color":"","overlay-opacity":"","overlay-gradient":""},"tablet":{"background-color":"var(--ast-global-color-4)","background-image":"","background-repeat":"repeat","background-position":"center center","background-size":"auto","background-attachment":"scroll","background-type":"","background-media":"","overlay-type":"","overlay-color":"","overlay-opacity":"","overlay-gradient":""},"mobile":{"background-color":"var(--ast-global-color-4)","background-image":"","background-repeat":"repeat","background-position":"center center","background-size":"auto","background-attachment":"scroll","background-type":"","background-media":"","overlay-type":"","overlay-color":"","overlay-opacity":"","overlay-gradient":""}},"footnotes":""},"class_list":["post-36804","page","type-page","status-publish","has-post-thumbnail","hentry"],"_links":{"self":[{"href":"https:\/\/www.gingerbreadmanor.com\/fr\/wp-json\/wp\/v2\/pages\/36804","targetHints":{"allow":["GET"]}}],"collection":[{"href":"https:\/\/www.gingerbreadmanor.com\/fr\/wp-json\/wp\/v2\/pages"}],"about":[{"href":"https:\/\/www.gingerbreadmanor.com\/fr\/wp-json\/wp\/v2\/types\/page"}],"author":[{"embeddable":true,"href":"https:\/\/www.gingerbreadmanor.com\/fr\/wp-json\/wp\/v2\/users\/1"}],"replies":[{"embeddable":true,"href":"https:\/\/www.gingerbreadmanor.com\/fr\/wp-json\/wp\/v2\/comments?post=36804"}],"version-history":[{"count":9,"href":"https:\/\/www.gingerbreadmanor.com\/fr\/wp-json\/wp\/v2\/pages\/36804\/revisions"}],"predecessor-version":[{"id":42290,"href":"https:\/\/www.gingerbreadmanor.com\/fr\/wp-json\/wp\/v2\/pages\/36804\/revisions\/42290"}],"wp:featuredmedia":[{"embeddable":true,"href":"https:\/\/www.gingerbreadmanor.com\/fr\/wp-json\/wp\/v2\/media\/37622"}],"wp:attachment":[{"href":"https:\/\/www.gingerbreadmanor.com\/fr\/wp-json\/wp\/v2\/media?parent=36804"}],"curies":[{"name":"wp","href":"https:\/\/api.w.org\/{rel}","templated":true}]}}