{"id":36827,"date":"2023-02-24T20:06:10","date_gmt":"2023-02-25T01:06:10","guid":{"rendered":"https:\/\/www.gingerbreadmanor.com\/hebergements-a-montreal\/"},"modified":"2026-01-31T17:55:51","modified_gmt":"2026-01-31T22:55:51","slug":"hebergements-a-montreal","status":"publish","type":"page","link":"https:\/\/www.gingerbreadmanor.com\/fr\/hebergements-a-montreal\/","title":{"rendered":"O\u00f9 dormir \u00e0 Montr\u00e9al"},"content":{"rendered":"\t\t<div data-elementor-type=\"wp-page\" data-elementor-id=\"36827\" class=\"elementor elementor-36827 elementor-6280\" data-elementor-settings=\"{&quot;element_pack_global_tooltip_width&quot;:{&quot;unit&quot;:&quot;px&quot;,&quot;size&quot;:&quot;&quot;,&quot;sizes&quot;:[]},&quot;element_pack_global_tooltip_width_tablet&quot;:{&quot;unit&quot;:&quot;px&quot;,&quot;size&quot;:&quot;&quot;,&quot;sizes&quot;:[]},&quot;element_pack_global_tooltip_width_mobile&quot;:{&quot;unit&quot;:&quot;px&quot;,&quot;size&quot;:&quot;&quot;,&quot;sizes&quot;:[]},&quot;element_pack_global_tooltip_padding&quot;:{&quot;unit&quot;:&quot;px&quot;,&quot;top&quot;:&quot;&quot;,&quot;right&quot;:&quot;&quot;,&quot;bottom&quot;:&quot;&quot;,&quot;left&quot;:&quot;&quot;,&quot;isLinked&quot;:true},&quot;element_pack_global_tooltip_padding_tablet&quot;:{&quot;unit&quot;:&quot;px&quot;,&quot;top&quot;:&quot;&quot;,&quot;right&quot;:&quot;&quot;,&quot;bottom&quot;:&quot;&quot;,&quot;left&quot;:&quot;&quot;,&quot;isLinked&quot;:true},&quot;element_pack_global_tooltip_padding_mobile&quot;:{&quot;unit&quot;:&quot;px&quot;,&quot;top&quot;:&quot;&quot;,&quot;right&quot;:&quot;&quot;,&quot;bottom&quot;:&quot;&quot;,&quot;left&quot;:&quot;&quot;,&quot;isLinked&quot;:true},&quot;element_pack_global_tooltip_border_radius&quot;:{&quot;unit&quot;:&quot;px&quot;,&quot;top&quot;:&quot;&quot;,&quot;right&quot;:&quot;&quot;,&quot;bottom&quot;:&quot;&quot;,&quot;left&quot;:&quot;&quot;,&quot;isLinked&quot;:true},&quot;element_pack_global_tooltip_border_radius_tablet&quot;:{&quot;unit&quot;:&quot;px&quot;,&quot;top&quot;:&quot;&quot;,&quot;right&quot;:&quot;&quot;,&quot;bottom&quot;:&quot;&quot;,&quot;left&quot;:&quot;&quot;,&quot;isLinked&quot;:true},&quot;element_pack_global_tooltip_border_radius_mobile&quot;:{&quot;unit&quot;:&quot;px&quot;,&quot;top&quot;:&quot;&quot;,&quot;right&quot;:&quot;&quot;,&quot;bottom&quot;:&quot;&quot;,&quot;left&quot;:&quot;&quot;,&quot;isLinked&quot;:true}}\">\n\t\t\t\t\t\t<section class=\"elementor-section elementor-top-section elementor-element elementor-element-40c7dc4e elementor-section-boxed elementor-section-height-default elementor-section-height-default\" data-id=\"40c7dc4e\" data-element_type=\"section\" data-e-type=\"section\">\n\t\t\t\t\t\t<div class=\"elementor-container elementor-column-gap-default\">\n\t\t\t\t\t<div class=\"elementor-column elementor-col-100 elementor-top-column elementor-element elementor-element-629087f3\" data-id=\"629087f3\" data-element_type=\"column\" data-e-type=\"column\">\n\t\t\t<div class=\"elementor-widget-wrap elementor-element-populated\">\n\t\t\t\t\t\t<section class=\"elementor-section elementor-inner-section elementor-element elementor-element-cf3456d elementor-section-boxed elementor-section-height-default elementor-section-height-default\" data-id=\"cf3456d\" data-element_type=\"section\" data-e-type=\"section\">\n\t\t\t\t\t\t<div class=\"elementor-container elementor-column-gap-default\">\n\t\t\t\t\t<div class=\"elementor-column elementor-col-50 elementor-inner-column elementor-element elementor-element-474c814\" data-id=\"474c814\" data-element_type=\"column\" data-e-type=\"column\">\n\t\t\t<div class=\"elementor-widget-wrap elementor-element-populated\">\n\t\t\t\t\t\t<div class=\"elementor-element elementor-element-223e241 elementor-widget elementor-widget-heading\" data-id=\"223e241\" data-element_type=\"widget\" data-e-type=\"widget\" data-widget_type=\"heading.default\">\n\t\t\t\t<div class=\"elementor-widget-container\">\n\t\t\t\t\t<h1 class=\"elementor-heading-title elementor-size-default\">O\u00f9 dormir \u00e0 Montr\u00e9al<\/h1>\t\t\t\t<\/div>\n\t\t\t\t<\/div>\n\t\t\t\t<div class=\"elementor-element elementor-element-d3aa96a elementor-widget elementor-widget-heading\" data-id=\"d3aa96a\" data-element_type=\"widget\" data-e-type=\"widget\" data-widget_type=\"heading.default\">\n\t\t\t\t<div class=\"elementor-widget-container\">\n\t\t\t\t\t<h2 class=\"elementor-heading-title elementor-size-default\">Votre guide pour un s\u00e9jour parfait<\/h2>\t\t\t\t<\/div>\n\t\t\t\t<\/div>\n\t\t\t\t<div class=\"elementor-element elementor-element-b27486d elementor-widget elementor-widget-text-editor\" data-id=\"b27486d\" data-element_type=\"widget\" data-e-type=\"widget\" data-widget_type=\"text-editor.default\">\n\t\t\t\t<div class=\"elementor-widget-container\">\n\t\t\t\t\t\t\t\t\t<p>Pour trouver le meilleur h\u00e9bergement \u00e0 Montr\u00e9al, tournez-vous vers le quartier historique du square Saint-Louis et d\u00e9couvrez le charme du Manoir aux Pains d&rsquo;\u00c9pices. Le g\u00eetes Manoir aux Pains d&rsquo;\u00c9pices est situ\u00e9 sur l&rsquo;une des plus belles rues de Montr\u00e9al, Canada. Pour trouver le meilleur h\u00e9bergement \u00e0 Montr\u00e9al, tournez-vous vers le quartier historique du square Saint-Louis et d\u00e9couvrez le charme du Manoir aux Pains d&rsquo;\u00c9pices. Id\u00e9alement situ\u00e9 \u00e0 quelques pas du centre-ville et du Vieux-Montr\u00e9al, notre g\u00eete offre une exp\u00e9rience authentique dans l&rsquo;un des plus beaux secteurs de l&rsquo;Am\u00e9rique du Nord. <\/p>\t\t\t\t\t\t\t\t<\/div>\n\t\t\t\t<\/div>\n\t\t\t\t\t<\/div>\n\t\t<\/div>\n\t\t\t\t<div class=\"elementor-column elementor-col-50 elementor-inner-column elementor-element elementor-element-d5665ab\" data-id=\"d5665ab\" data-element_type=\"column\" data-e-type=\"column\">\n\t\t\t<div class=\"elementor-widget-wrap elementor-element-populated\">\n\t\t\t\t\t\t<div class=\"elementor-element elementor-element-0d68b7c elementor-widget elementor-widget-image\" data-id=\"0d68b7c\" data-element_type=\"widget\" data-e-type=\"widget\" data-widget_type=\"image.default\">\n\t\t\t\t<div class=\"elementor-widget-container\">\n\t\t\t\t\t\t\t\t\t\t\t\t\t\t\t<img decoding=\"async\" width=\"300\" height=\"128\" src=\"https:\/\/www.gingerbreadmanor.com\/wp-content\/uploads\/2025\/09\/GBM-Exterior-Hero-300x128.webp\" class=\"attachment-medium size-medium wp-image-40143\" alt=\"Le Manoir aux Pains d&#039;\u00c9pices, l&#039;une des meilleures chambres d&#039;h\u00f4tes \u00e0 Montr\u00e9al.\" srcset=\"https:\/\/www.gingerbreadmanor.com\/wp-content\/uploads\/2025\/09\/GBM-Exterior-Hero-300x128.webp 300w, https:\/\/www.gingerbreadmanor.com\/wp-content\/uploads\/2025\/09\/GBM-Exterior-Hero-768x327.webp 768w, https:\/\/www.gingerbreadmanor.com\/wp-content\/uploads\/2025\/09\/GBM-Exterior-Hero.webp 940w\" sizes=\"(max-width: 300px) 100vw, 300px\" \/>\t\t\t\t\t\t\t\t\t\t\t\t\t\t\t<\/div>\n\t\t\t\t<\/div>\n\t\t\t\t<div class=\"elementor-element elementor-element-70909bf elementor-align-right rk-book-now elementor-widget elementor-widget-button\" data-id=\"70909bf\" data-element_type=\"widget\" data-e-type=\"widget\" data-widget_type=\"button.default\">\n\t\t\t\t<div class=\"elementor-widget-container\">\n\t\t\t\t\t\t\t\t\t<div class=\"elementor-button-wrapper\">\n\t\t\t\t\t<a class=\"elementor-button elementor-button-link elementor-size-sm\" href=\"https:\/\/v2.reservationkey.com\/Gingerbread\/fr\" target=\"_blank\" rel=\"noopener\">\n\t\t\t\t\t\t<span class=\"elementor-button-content-wrapper\">\n\t\t\t\t\t\t<span class=\"elementor-button-icon\">\n\t\t\t\t<i aria-hidden=\"true\" class=\"far fa-calendar-alt\"><\/i>\t\t\t<\/span>\n\t\t\t\t\t\t\t\t\t<span class=\"elementor-button-text\">V\u00e9rifier disponibilit\u00e9<\/span>\n\t\t\t\t\t<\/span>\n\t\t\t\t\t<\/a>\n\t\t\t\t<\/div>\n\t\t\t\t\t\t\t\t<\/div>\n\t\t\t\t<\/div>\n\t\t\t\t\t<\/div>\n\t\t<\/div>\n\t\t\t\t\t<\/div>\n\t\t<\/section>\n\t\t\t\t<section class=\"elementor-section elementor-inner-section elementor-element elementor-element-14f0213 elementor-section-boxed elementor-section-height-default elementor-section-height-default\" data-id=\"14f0213\" data-element_type=\"section\" data-e-type=\"section\">\n\t\t\t\t\t\t<div class=\"elementor-container elementor-column-gap-default\">\n\t\t\t\t\t<div class=\"elementor-column elementor-col-50 elementor-inner-column elementor-element elementor-element-1fb64ff\" data-id=\"1fb64ff\" data-element_type=\"column\" data-e-type=\"column\">\n\t\t\t<div class=\"elementor-widget-wrap elementor-element-populated\">\n\t\t\t\t\t\t<div class=\"elementor-element elementor-element-8255f13 elementor-widget elementor-widget-image\" data-id=\"8255f13\" data-element_type=\"widget\" data-e-type=\"widget\" data-widget_type=\"image.default\">\n\t\t\t\t<div class=\"elementor-widget-container\">\n\t\t\t\t\t\t\t\t\t\t\t\t\t\t\t<img fetchpriority=\"high\" decoding=\"async\" width=\"683\" height=\"1024\" src=\"https:\/\/www.gingerbreadmanor.com\/wp-content\/uploads\/2024\/01\/the-bialons-x_CEJ7kn4w4-unsplash-683x1024.jpg\" class=\"attachment-large size-large wp-image-37857\" alt=\"Le Plateau-Mont-Royal : le quartier id\u00e9al pour vos chambres d&#039;h\u00f4tes au centre-ville de Montr\u00e9al\" srcset=\"https:\/\/www.gingerbreadmanor.com\/wp-content\/uploads\/2024\/01\/the-bialons-x_CEJ7kn4w4-unsplash-683x1024.jpg 683w, https:\/\/www.gingerbreadmanor.com\/wp-content\/uploads\/2024\/01\/the-bialons-x_CEJ7kn4w4-unsplash-200x300.jpg 200w, https:\/\/www.gingerbreadmanor.com\/wp-content\/uploads\/2024\/01\/the-bialons-x_CEJ7kn4w4-unsplash-768x1152.jpg 768w, https:\/\/www.gingerbreadmanor.com\/wp-content\/uploads\/2024\/01\/the-bialons-x_CEJ7kn4w4-unsplash-1024x1536.jpg 1024w, https:\/\/www.gingerbreadmanor.com\/wp-content\/uploads\/2024\/01\/the-bialons-x_CEJ7kn4w4-unsplash-1365x2048.jpg 1365w, https:\/\/www.gingerbreadmanor.com\/wp-content\/uploads\/2024\/01\/the-bialons-x_CEJ7kn4w4-unsplash-scaled.jpg 1707w\" sizes=\"(max-width: 683px) 100vw, 683px\" \/>\t\t\t\t\t\t\t\t\t\t\t\t\t\t\t<\/div>\n\t\t\t\t<\/div>\n\t\t\t\t\t<\/div>\n\t\t<\/div>\n\t\t\t\t<div class=\"elementor-column elementor-col-50 elementor-inner-column elementor-element elementor-element-9257e38\" data-id=\"9257e38\" data-element_type=\"column\" data-e-type=\"column\">\n\t\t\t<div class=\"elementor-widget-wrap elementor-element-populated\">\n\t\t\t\t\t\t<div class=\"elementor-element elementor-element-ebfaf6a elementor-widget elementor-widget-heading\" data-id=\"ebfaf6a\" data-element_type=\"widget\" data-e-type=\"widget\" data-widget_type=\"heading.default\">\n\t\t\t\t<div class=\"elementor-widget-container\">\n\t\t\t\t\t<h2 class=\"elementor-heading-title elementor-size-default\">Vivre l'exp\u00e9rience du Manoir<\/h2>\t\t\t\t<\/div>\n\t\t\t\t<\/div>\n\t\t\t\t<div class=\"elementor-element elementor-element-d504045 elementor-widget elementor-widget-text-editor\" data-id=\"d504045\" data-element_type=\"widget\" data-e-type=\"widget\" data-widget_type=\"text-editor.default\">\n\t\t\t\t<div class=\"elementor-widget-container\">\n\t\t\t\t\t\t\t\t\t<p>Lorsque vient le temps de choisir un g\u00eete \u00e0 Montr\u00e9al, on recherche un \u00e9quilibre entre le confort et le caract\u00e8re. Notre Manoir a tout pour plaire: <\/p><ul><li>Des chambres \u00e9l\u00e9gantes avec des lits douillets.<\/li><li>Un emplacement central exceptionnel.<\/li><li>L&rsquo;acc\u00e8s Internet haute vitesse gratuit.<\/li><li>Des petits d\u00e9jeuners maison savoureux.<\/li><li>Des h\u00f4tes locaux, accueillants et de bon conseil.<\/li><\/ul><p>Le Manoir aux Pains d&rsquo;\u00c9pices est bien plus qu&rsquo;une simple chambre ; c&rsquo;est une v\u00e9ritable porte d&rsquo;entr\u00e9e sur la magnifique ville de Montr\u00e9al.<\/p>\t\t\t\t\t\t\t\t<\/div>\n\t\t\t\t<\/div>\n\t\t\t\t<div class=\"elementor-element elementor-element-12e5a10 elementor-widget elementor-widget-heading\" data-id=\"12e5a10\" data-element_type=\"widget\" data-e-type=\"widget\" data-widget_type=\"heading.default\">\n\t\t\t\t<div class=\"elementor-widget-container\">\n\t\t\t\t\t<h2 class=\"elementor-heading-title elementor-size-default\">D\u00e9couvrir le quartier<\/h2>\t\t\t\t<\/div>\n\t\t\t\t<\/div>\n\t\t\t\t<div class=\"elementor-element elementor-element-48ab9c9 elementor-widget elementor-widget-text-editor\" data-id=\"48ab9c9\" data-element_type=\"widget\" data-e-type=\"widget\" data-widget_type=\"text-editor.default\">\n\t\t\t\t<div class=\"elementor-widget-container\">\n\t\t\t\t\t\t\t\t\t<p>S\u00e9journer au Manoir aux Pains d&rsquo;\u00c9pices, c&rsquo;est \u00eatre \u00e0 deux pas du <a href=\"https:\/\/www.gingerbreadmanor.com\/fr\/plateau-mont-royal\/\">Plateau-Mont-Royal<\/a>, un quartier c\u00e9l\u00e8bre pour ses <a href=\"https:\/\/artpublicmontreal.ca\/parcours\/le-plateau\/\" target=\"_blank\" rel=\"noopener\">murales color\u00e9es<\/a>, ses boutiques uniques et ses tables de classe mondiale. Contrairement aux h\u00f4tels g\u00e9n\u00e9riques, nous vous offrons une exp\u00e9rience aux saveurs locales. Que vous fassiez une promenade au parc du Mont-Royal ou que vous vous dirigiez vers un festival au centre-ville, vous comprendrez vite pourquoi notre emplacement est l&rsquo;un des plus pratiques o\u00f9 dormir \u00e0 Montr\u00e9al.  <\/p>\t\t\t\t\t\t\t\t<\/div>\n\t\t\t\t<\/div>\n\t\t\t\t<div class=\"elementor-element elementor-element-7faf0b3 elementor-widget elementor-widget-heading\" data-id=\"7faf0b3\" data-element_type=\"widget\" data-e-type=\"widget\" data-widget_type=\"heading.default\">\n\t\t\t\t<div class=\"elementor-widget-container\">\n\t\t\t\t\t<h2 class=\"elementor-heading-title elementor-size-default\">Vos h\u00f4tes : Vos guides locaux<\/h2>\t\t\t\t<\/div>\n\t\t\t\t<\/div>\n\t\t\t\t<div class=\"elementor-element elementor-element-0cd8939 elementor-widget elementor-widget-text-editor\" data-id=\"0cd8939\" data-element_type=\"widget\" data-e-type=\"widget\" data-widget_type=\"text-editor.default\">\n\t\t\t\t<div class=\"elementor-widget-container\">\n\t\t\t\t\t\t\t\t\t<p>Vos h\u00f4tes, ne se contentent pas de r\u00e9pondre \u00e0 vos demandes de petits d\u00e9jeuners sp\u00e9ciaux ou d&rsquo;arrangements pour les chambres ; ils agissent comme de v\u00e9ritables guides pour vous faire d\u00e9couvrir cette ville fascinante. Si vous souhaitez plonger au c\u0153ur de la culture locale, ils seront ravis de discuter de l&rsquo;histoire, de la politique et des tr\u00e9sors cach\u00e9s de la m\u00e9tropole. Leurs conseils touristiques feront de votre voyage une exp\u00e9rience v\u00e9ritablement m\u00e9morable. Le Manoir aux Pains d&rsquo;\u00c9pices deviendra sans aucun doute votre choix permanent lorsque vous chercherez o\u00f9 dormir \u00e0 Montr\u00e9al lors de vos prochaines visites.   <\/p>\t\t\t\t\t\t\t\t<\/div>\n\t\t\t\t<\/div>\n\t\t\t\t<div class=\"elementor-element elementor-element-d181af6 elementor-align-right rk-book-now elementor-widget elementor-widget-button\" data-id=\"d181af6\" data-element_type=\"widget\" data-e-type=\"widget\" data-widget_type=\"button.default\">\n\t\t\t\t<div class=\"elementor-widget-container\">\n\t\t\t\t\t\t\t\t\t<div class=\"elementor-button-wrapper\">\n\t\t\t\t\t<a class=\"elementor-button elementor-button-link elementor-size-sm\" href=\"https:\/\/v2.reservationkey.com\/Gingerbread\/fr\" target=\"_blank\" rel=\"noopener\">\n\t\t\t\t\t\t<span class=\"elementor-button-content-wrapper\">\n\t\t\t\t\t\t<span class=\"elementor-button-icon\">\n\t\t\t\t<i aria-hidden=\"true\" class=\"far fa-calendar-alt\"><\/i>\t\t\t<\/span>\n\t\t\t\t\t\t\t\t\t<span class=\"elementor-button-text\">V\u00e9rifier disponibilit\u00e9<\/span>\n\t\t\t\t\t<\/span>\n\t\t\t\t\t<\/a>\n\t\t\t\t<\/div>\n\t\t\t\t\t\t\t\t<\/div>\n\t\t\t\t<\/div>\n\t\t\t\t\t<\/div>\n\t\t<\/div>\n\t\t\t\t\t<\/div>\n\t\t<\/section>\n\t\t\t\t\t<\/div>\n\t\t<\/div>\n\t\t\t\t\t<\/div>\n\t\t<\/section>\n\t\t\t\t<\/div>\n\t\t","protected":false},"excerpt":{"rendered":"<p>O\u00f9 dormir \u00e0 Montr\u00e9al Votre guide pour un s\u00e9jour parfait Pour trouver le meilleur h\u00e9bergement \u00e0 Montr\u00e9al, tournez-vous vers le [&hellip;]<\/p>\n","protected":false},"author":1,"featured_media":8871,"parent":0,"menu_order":0,"comment_status":"closed","ping_status":"closed","template":"elementor_header_footer","meta":{"_monsterinsights_skip_tracking":false,"_monsterinsights_sitenote_active":false,"_monsterinsights_sitenote_note":"","_monsterinsights_sitenote_category":0,"site-sidebar-layout":"default","site-content-layout":"","ast-site-content-layout":"default","site-content-style":"default","site-sidebar-style":"default","ast-global-header-display":"","ast-banner-title-visibility":"","ast-main-header-display":"","ast-hfb-above-header-display":"","ast-hfb-below-header-display":"","ast-hfb-mobile-header-display":"","site-post-title":"disabled","ast-breadcrumbs-content":"","ast-featured-img":"","footer-sml-layout":"","ast-disable-related-posts":"","theme-transparent-header-meta":"","adv-header-id-meta":"","stick-header-meta":"","header-above-stick-meta":"","header-main-stick-meta":"","header-below-stick-meta":"","astra-migrate-meta-layouts":"default","ast-page-background-enabled":"default","ast-page-background-meta":{"desktop":{"background-color":"var(--ast-global-color-5)","background-image":"","background-repeat":"repeat","background-position":"center center","background-size":"auto","background-attachment":"scroll","background-type":"","background-media":"","overlay-type":"","overlay-color":"","overlay-opacity":"","overlay-gradient":""},"tablet":{"background-color":"","background-image":"","background-repeat":"repeat","background-position":"center center","background-size":"auto","background-attachment":"scroll","background-type":"","background-media":"","overlay-type":"","overlay-color":"","overlay-opacity":"","overlay-gradient":""},"mobile":{"background-color":"","background-image":"","background-repeat":"repeat","background-position":"center center","background-size":"auto","background-attachment":"scroll","background-type":"","background-media":"","overlay-type":"","overlay-color":"","overlay-opacity":"","overlay-gradient":""}},"ast-content-background-meta":{"desktop":{"background-color":"var(--ast-global-color-4)","background-image":"","background-repeat":"repeat","background-position":"center center","background-size":"auto","background-attachment":"scroll","background-type":"","background-media":"","overlay-type":"","overlay-color":"","overlay-opacity":"","overlay-gradient":""},"tablet":{"background-color":"var(--ast-global-color-4)","background-image":"","background-repeat":"repeat","background-position":"center center","background-size":"auto","background-attachment":"scroll","background-type":"","background-media":"","overlay-type":"","overlay-color":"","overlay-opacity":"","overlay-gradient":""},"mobile":{"background-color":"var(--ast-global-color-4)","background-image":"","background-repeat":"repeat","background-position":"center center","background-size":"auto","background-attachment":"scroll","background-type":"","background-media":"","overlay-type":"","overlay-color":"","overlay-opacity":"","overlay-gradient":""}},"footnotes":""},"class_list":["post-36827","page","type-page","status-publish","has-post-thumbnail","hentry"],"_links":{"self":[{"href":"https:\/\/www.gingerbreadmanor.com\/fr\/wp-json\/wp\/v2\/pages\/36827","targetHints":{"allow":["GET"]}}],"collection":[{"href":"https:\/\/www.gingerbreadmanor.com\/fr\/wp-json\/wp\/v2\/pages"}],"about":[{"href":"https:\/\/www.gingerbreadmanor.com\/fr\/wp-json\/wp\/v2\/types\/page"}],"author":[{"embeddable":true,"href":"https:\/\/www.gingerbreadmanor.com\/fr\/wp-json\/wp\/v2\/users\/1"}],"replies":[{"embeddable":true,"href":"https:\/\/www.gingerbreadmanor.com\/fr\/wp-json\/wp\/v2\/comments?post=36827"}],"version-history":[{"count":2,"href":"https:\/\/www.gingerbreadmanor.com\/fr\/wp-json\/wp\/v2\/pages\/36827\/revisions"}],"predecessor-version":[{"id":42505,"href":"https:\/\/www.gingerbreadmanor.com\/fr\/wp-json\/wp\/v2\/pages\/36827\/revisions\/42505"}],"wp:featuredmedia":[{"embeddable":true,"href":"https:\/\/www.gingerbreadmanor.com\/fr\/wp-json\/wp\/v2\/media\/8871"}],"wp:attachment":[{"href":"https:\/\/www.gingerbreadmanor.com\/fr\/wp-json\/wp\/v2\/media?parent=36827"}],"curies":[{"name":"wp","href":"https:\/\/api.w.org\/{rel}","templated":true}]}}