{"id":37326,"date":"2023-03-02T13:32:22","date_gmt":"2023-03-02T18:32:22","guid":{"rendered":"https:\/\/www.gingerbreadmanor.com\/pourquoi-rester-au-manoir-aux-pains-depices\/"},"modified":"2026-01-27T16:40:54","modified_gmt":"2026-01-27T21:40:54","slug":"sejourner-dans-un-manoir-historique-montreal","status":"publish","type":"page","link":"https:\/\/www.gingerbreadmanor.com\/fr\/sejourner-dans-un-manoir-historique-montreal\/","title":{"rendered":"5 raisons de s\u00e9journer dans notre manoir historique \u00e0 Montr\u00e9al"},"content":{"rendered":"\t\t<div data-elementor-type=\"wp-page\" data-elementor-id=\"37326\" class=\"elementor elementor-37326 elementor-37317\" data-elementor-settings=\"{&quot;element_pack_global_tooltip_width&quot;:{&quot;unit&quot;:&quot;px&quot;,&quot;size&quot;:&quot;&quot;,&quot;sizes&quot;:[]},&quot;element_pack_global_tooltip_width_tablet&quot;:{&quot;unit&quot;:&quot;px&quot;,&quot;size&quot;:&quot;&quot;,&quot;sizes&quot;:[]},&quot;element_pack_global_tooltip_width_mobile&quot;:{&quot;unit&quot;:&quot;px&quot;,&quot;size&quot;:&quot;&quot;,&quot;sizes&quot;:[]},&quot;element_pack_global_tooltip_padding&quot;:{&quot;unit&quot;:&quot;px&quot;,&quot;top&quot;:&quot;&quot;,&quot;right&quot;:&quot;&quot;,&quot;bottom&quot;:&quot;&quot;,&quot;left&quot;:&quot;&quot;,&quot;isLinked&quot;:true},&quot;element_pack_global_tooltip_padding_tablet&quot;:{&quot;unit&quot;:&quot;px&quot;,&quot;top&quot;:&quot;&quot;,&quot;right&quot;:&quot;&quot;,&quot;bottom&quot;:&quot;&quot;,&quot;left&quot;:&quot;&quot;,&quot;isLinked&quot;:true},&quot;element_pack_global_tooltip_padding_mobile&quot;:{&quot;unit&quot;:&quot;px&quot;,&quot;top&quot;:&quot;&quot;,&quot;right&quot;:&quot;&quot;,&quot;bottom&quot;:&quot;&quot;,&quot;left&quot;:&quot;&quot;,&quot;isLinked&quot;:true},&quot;element_pack_global_tooltip_border_radius&quot;:{&quot;unit&quot;:&quot;px&quot;,&quot;top&quot;:&quot;&quot;,&quot;right&quot;:&quot;&quot;,&quot;bottom&quot;:&quot;&quot;,&quot;left&quot;:&quot;&quot;,&quot;isLinked&quot;:true},&quot;element_pack_global_tooltip_border_radius_tablet&quot;:{&quot;unit&quot;:&quot;px&quot;,&quot;top&quot;:&quot;&quot;,&quot;right&quot;:&quot;&quot;,&quot;bottom&quot;:&quot;&quot;,&quot;left&quot;:&quot;&quot;,&quot;isLinked&quot;:true},&quot;element_pack_global_tooltip_border_radius_mobile&quot;:{&quot;unit&quot;:&quot;px&quot;,&quot;top&quot;:&quot;&quot;,&quot;right&quot;:&quot;&quot;,&quot;bottom&quot;:&quot;&quot;,&quot;left&quot;:&quot;&quot;,&quot;isLinked&quot;:true}}\">\n\t\t\t\t\t\t<section class=\"elementor-section elementor-top-section elementor-element elementor-element-48a695a elementor-section-boxed elementor-section-height-default elementor-section-height-default\" data-id=\"48a695a\" data-element_type=\"section\" data-e-type=\"section\">\n\t\t\t\t\t\t<div class=\"elementor-container elementor-column-gap-default\">\n\t\t\t\t\t<div class=\"elementor-column elementor-col-100 elementor-top-column elementor-element elementor-element-1155242\" data-id=\"1155242\" data-element_type=\"column\" data-e-type=\"column\">\n\t\t\t<div class=\"elementor-widget-wrap elementor-element-populated\">\n\t\t\t\t\t\t<div class=\"elementor-element elementor-element-d38b899 elementor-widget elementor-widget-heading\" data-id=\"d38b899\" data-element_type=\"widget\" data-e-type=\"widget\" data-widget_type=\"heading.default\">\n\t\t\t\t<div class=\"elementor-widget-container\">\n\t\t\t\t\t<h1 class=\"elementor-heading-title elementor-size-default\">S\u00e9journez dans un manoir historique \u00e0 Montr\u00e9al : 5 raisons incontournables<\/h1>\t\t\t\t<\/div>\n\t\t\t\t<\/div>\n\t\t\t\t\t<\/div>\n\t\t<\/div>\n\t\t\t\t\t<\/div>\n\t\t<\/section>\n\t\t\t\t<section class=\"elementor-section elementor-top-section elementor-element elementor-element-eaaf167 elementor-section-boxed elementor-section-height-default elementor-section-height-default\" data-id=\"eaaf167\" data-element_type=\"section\" data-e-type=\"section\">\n\t\t\t\t\t\t<div class=\"elementor-container elementor-column-gap-default\">\n\t\t\t\t\t<div class=\"elementor-column elementor-col-100 elementor-top-column elementor-element elementor-element-a819b92\" data-id=\"a819b92\" data-element_type=\"column\" data-e-type=\"column\">\n\t\t\t<div class=\"elementor-widget-wrap elementor-element-populated\">\n\t\t\t\t\t\t<div class=\"elementor-element elementor-element-218a7bb elementor-widget elementor-widget-heading\" data-id=\"218a7bb\" data-element_type=\"widget\" data-e-type=\"widget\" data-widget_type=\"heading.default\">\n\t\t\t\t<div class=\"elementor-widget-container\">\n\t\t\t\t\t<h2 class=\"elementor-heading-title elementor-size-default\">Vivez un s\u00e9jour unique dans un manoir historique \u00e0 Montr\u00e9al<\/h2>\t\t\t\t<\/div>\n\t\t\t\t<\/div>\n\t\t\t\t<div class=\"elementor-element elementor-element-c4f433c elementor-widget elementor-widget-text-editor\" data-id=\"c4f433c\" data-element_type=\"widget\" data-e-type=\"widget\" data-widget_type=\"text-editor.default\">\n\t\t\t\t<div class=\"elementor-widget-container\">\n\t\t\t\t\t\t\t\t\t<p>Bienvenue \u00e0 Montr\u00e9al, une ville connue pour sa riche culture, son histoire et sa belle architecture.<\/p><p>Lors de votre visite, vous voulez profiter au maximum de votre s\u00e9jour en trouvant un endroit confortable et pratique o\u00f9 loger. Plut\u00f4t que de choisir un h\u00f4tel standard, nous vous invitons \u00e0 s\u00e9journer dans un manoir historique \u00e0 Montr\u00e9al pour une exp\u00e9rience v\u00e9ritablement authentique. <\/p><p>Dans cet article, nous souhaitons vous pr\u00e9senter le G\u00eete <a href=\"https:\/\/www.gingerbreadmanor.com\/fr\/\">Manoir aux Pains d\u2019\u00c9pices<\/a> \u2014 une charmante demeure victorienne de 1875 qui rendra votre voyage \u00e0 Montr\u00e9al encore plus m\u00e9morable. Pourquoi les voyageurs devraient-ils s\u00e9journer au Manoir aux Pains d\u2019\u00c9pices plut\u00f4t qu&rsquo;ailleurs en ville? Voici cinq raisons.  <\/p>\t\t\t\t\t\t\t\t<\/div>\n\t\t\t\t<\/div>\n\t\t\t\t<div class=\"elementor-element elementor-element-4d41124 elementor-widget elementor-widget-image\" data-id=\"4d41124\" data-element_type=\"widget\" data-e-type=\"widget\" data-widget_type=\"image.default\">\n\t\t\t\t<div class=\"elementor-widget-container\">\n\t\t\t\t\t\t\t\t\t\t\t\t\t\t\t<img fetchpriority=\"high\" decoding=\"async\" width=\"2560\" height=\"1173\" src=\"https:\/\/www.gingerbreadmanor.com\/wp-content\/uploads\/2021\/06\/Montreal-from-Mount-Royal-2020-scaled-e1623184427733.jpg\" class=\"attachment-full size-full wp-image-8871\" alt=\"Vue de Montr\u00e9al depuis le parc du Mont-Royal\" srcset=\"https:\/\/www.gingerbreadmanor.com\/wp-content\/uploads\/2021\/06\/Montreal-from-Mount-Royal-2020-scaled-e1623184427733.jpg 2560w, https:\/\/www.gingerbreadmanor.com\/wp-content\/uploads\/2021\/06\/Montreal-from-Mount-Royal-2020-scaled-e1623184427733-1536x704.jpg 1536w, https:\/\/www.gingerbreadmanor.com\/wp-content\/uploads\/2021\/06\/Montreal-from-Mount-Royal-2020-scaled-e1623184427733-2048x938.jpg 2048w, https:\/\/www.gingerbreadmanor.com\/wp-content\/uploads\/2021\/06\/Montreal-from-Mount-Royal-2020-scaled-e1623184427733-300x137.jpg 300w, https:\/\/www.gingerbreadmanor.com\/wp-content\/uploads\/2021\/06\/Montreal-from-Mount-Royal-2020-scaled-e1623184427733-768x352.jpg 768w, https:\/\/www.gingerbreadmanor.com\/wp-content\/uploads\/2021\/06\/Montreal-from-Mount-Royal-2020-scaled-e1623184427733-1024x469.jpg 1024w\" sizes=\"(max-width: 2560px) 100vw, 2560px\" \/>\t\t\t\t\t\t\t\t\t\t\t\t\t\t\t<\/div>\n\t\t\t\t<\/div>\n\t\t\t\t<div class=\"elementor-element elementor-element-1277142 elementor-align-right elementor-widget elementor-widget-button\" data-id=\"1277142\" data-element_type=\"widget\" data-e-type=\"widget\" data-widget_type=\"button.default\">\n\t\t\t\t<div class=\"elementor-widget-container\">\n\t\t\t\t\t\t\t\t\t<div class=\"elementor-button-wrapper\">\n\t\t\t\t\t<a class=\"elementor-button elementor-button-link elementor-size-md\" href=\"https:\/\/v2.reservationkey.com\/Gingerbread\/fr\" target=\"_blank\" rel=\"noopener\">\n\t\t\t\t\t\t<span class=\"elementor-button-content-wrapper\">\n\t\t\t\t\t\t<span class=\"elementor-button-icon\">\n\t\t\t\t<i aria-hidden=\"true\" class=\"far fa-calendar-alt\"><\/i>\t\t\t<\/span>\n\t\t\t\t\t\t\t\t\t<span class=\"elementor-button-text\">V\u00e9rifier disponibilit\u00e9<\/span>\n\t\t\t\t\t<\/span>\n\t\t\t\t\t<\/a>\n\t\t\t\t<\/div>\n\t\t\t\t\t\t\t\t<\/div>\n\t\t\t\t<\/div>\n\t\t\t\t<div class=\"elementor-element elementor-element-e5d9f64 elementor-widget elementor-widget-heading\" data-id=\"e5d9f64\" data-element_type=\"widget\" data-e-type=\"widget\" data-widget_type=\"heading.default\">\n\t\t\t\t<div class=\"elementor-widget-container\">\n\t\t\t\t\t<h2 class=\"elementor-heading-title elementor-size-default\">L\u2019h\u00e9ritage de notre manoir historique \u00e0 Montr\u00e9al<\/h2>\t\t\t\t<\/div>\n\t\t\t\t<\/div>\n\t\t\t\t<div class=\"elementor-element elementor-element-94f3b9a elementor-widget elementor-widget-text-editor\" data-id=\"94f3b9a\" data-element_type=\"widget\" data-e-type=\"widget\" data-widget_type=\"text-editor.default\">\n\t\t\t\t<div class=\"elementor-widget-container\">\n\t\t\t\t\t\t\t\t\t<p data-path-to-node=\"5\">Franchir les portes du Manoir aux Pains d\u2019\u00c9pices, c&rsquo;est un peu comme voyager dans le temps jusqu\u2019en 1875. Notre demeure a \u00e9t\u00e9 construite \u00e0 une \u00e9poque fascinante pour la ville, plus pr\u00e9cis\u00e9ment dans le secteur du square Saint-Louis, qui \u00e9tait alors le sommet de l\u2019\u00e9l\u00e9gance pour l\u2019\u00e9lite montr\u00e9alaise. Ce riche h\u00e9ritage est encore bien pr\u00e9sent aujourd&rsquo;hui \u00e0 travers les boiseries travaill\u00e9es, les hauts plafonds et les d\u00e9tails architecturaux de style \u00ab gingerbread \u00bb qui ont donn\u00e9 son nom au manoir.  <\/p><p data-path-to-node=\"6\">Nous avons travaill\u00e9 fort pour pr\u00e9server l\u2019\u00e2me du 19e si\u00e8cle tout en veillant \u00e0 ce que la maison r\u00e9ponde aux besoins des voyageurs d&rsquo;aujourd&rsquo;hui. C\u2019est un \u00e9quilibre d\u00e9licat. Vous profiterez du caract\u00e8re d\u2019un b\u00e2timent de 150 ans \u2014 incluant de superbes planchers de bois franc d\u2019origine \u2014 combin\u00e9 au confort moderne, comme le Wi-Fi haute vitesse et du caf\u00e9 de torr\u00e9faction locale. S\u00e9journer dans un manoir historique \u00e0 Montr\u00e9al ne devrait pas signifier sacrifier le confort; il s&rsquo;agit plut\u00f4t de vivre l&rsquo;histoire d&rsquo;une maison qui accueille des visiteurs depuis plus d&rsquo;un si\u00e8cle.   <\/p>\t\t\t\t\t\t\t\t<\/div>\n\t\t\t\t<\/div>\n\t\t\t\t<div class=\"elementor-element elementor-element-7b011e3 elementor-widget elementor-widget-heading\" data-id=\"7b011e3\" data-element_type=\"widget\" data-e-type=\"widget\" data-widget_type=\"heading.default\">\n\t\t\t\t<div class=\"elementor-widget-container\">\n\t\t\t\t\t<h2 class=\"elementor-heading-title elementor-size-default\">Emplacement, emplacement, emplacement<\/h2>\t\t\t\t<\/div>\n\t\t\t\t<\/div>\n\t\t\t\t<div class=\"elementor-element elementor-element-52baeec elementor-widget elementor-widget-text-editor\" data-id=\"52baeec\" data-element_type=\"widget\" data-e-type=\"widget\" data-widget_type=\"text-editor.default\">\n\t\t\t\t<div class=\"elementor-widget-container\">\n\t\t\t\t\t\t\t\t\t<p>Le Manoir aux Pains d&rsquo;\u00c9pices est situ\u00e9 au c\u0153ur du <a href=\"https:\/\/www.gingerbreadmanor.com\/fr\/accueil\/plateau-mont-royal\/\">quartier Plateau Mont-Royal<\/a> de Montr\u00e9al, connu pour son atmosph\u00e8re vibrante et artistique. La r\u00e9gion abrite une vari\u00e9t\u00e9 de restaurants, caf\u00e9s, boutiques et galeries, ce qui en fait l&rsquo;endroit id\u00e9al pour explorer et d\u00e9couvrir la culture locale.<\/p><p>De plus, nous sommes situ\u00e9s \u00e0 une courte distance de certaines des attractions les plus populaires de Montr\u00e9al, comme le parc du Mont-Royal, le Jardin botanique et le Vieux-Port. L&#8217;emplacement pratique facilite l&rsquo;exploration de la ville pour les touristes et leur permet de profiter au maximum de leur voyage. Nous sommes \u00e0 distance de marche du meilleur de la ville et avec un acc\u00e8s pratique au syst\u00e8me de v\u00e9los publics <a href=\"https:\/\/www.bixi.com\/\" target=\"_blank\" rel=\"noopener\">BIXI<\/a> ainsi qu&rsquo;\u00e0 la <a href=\"https:\/\/www.stm.info\/fr\/infos\/reseaux\/metro\/sherbrooke\" target=\"_blank\" rel=\"noopener\">station de m\u00e9tro Sherbrooke<\/a> et aux autobus de la ville.<\/p>\t\t\t\t\t\t\t\t<\/div>\n\t\t\t\t<\/div>\n\t\t\t\t<div class=\"elementor-element elementor-element-9348716 elementor-widget elementor-widget-heading\" data-id=\"9348716\" data-element_type=\"widget\" data-e-type=\"widget\" data-widget_type=\"heading.default\">\n\t\t\t\t<div class=\"elementor-widget-container\">\n\t\t\t\t\t<h2 class=\"elementor-heading-title elementor-size-default\">H\u00e9bergements uniques<\/h2>\t\t\t\t<\/div>\n\t\t\t\t<\/div>\n\t\t\t\t<div class=\"elementor-element elementor-element-71468d2 elementor-widget elementor-widget-text-editor\" data-id=\"71468d2\" data-element_type=\"widget\" data-e-type=\"widget\" data-widget_type=\"text-editor.default\">\n\t\t\t\t<div class=\"elementor-widget-container\">\n\t\t\t\t\t\t\t\t\t<p>Quand on s\u00e9journe dans un manoir historique \u00e0 Montr\u00e9al, on s&rsquo;attend \u00e0 du caract\u00e8re. Le Manoir aux Pains d\u2019\u00c9pices est situ\u00e9 dans un magnifique b\u00e2timent de style victorien, construit en 1875, qui a \u00e9t\u00e9 soigneusement restaur\u00e9 pour conserver son charme historique.  L&rsquo;int\u00e9rieur est rempli de d\u00e9tails orn\u00e9s qui cr\u00e9ent une atmosph\u00e8re chaleureuse et accueillante.<\/p><p>Le Manoir aux Pains d&rsquo;\u00c9pices propose plusieurs <a href=\"https:\/\/www.gingerbreadmanor.com\/fr\/accueil\/le-manoir\/chambres\/\">options de chambres diff\u00e9rentes<\/a>, chacune ayant son propre caract\u00e8re unique et son charme. Il y a quelque chose pour chaque type de voyageur.<\/p>\t\t\t\t\t\t\t\t<\/div>\n\t\t\t\t<\/div>\n\t\t\t\t<div class=\"elementor-element elementor-element-64b2794 elementor-widget elementor-widget-image\" data-id=\"64b2794\" data-element_type=\"widget\" data-e-type=\"widget\" data-widget_type=\"image.default\">\n\t\t\t\t<div class=\"elementor-widget-container\">\n\t\t\t\t\t\t\t\t\t\t\t\t\t\t\t<img decoding=\"async\" width=\"940\" height=\"400\" src=\"https:\/\/www.gingerbreadmanor.com\/wp-content\/uploads\/2025\/09\/GBM-Exterior-Hero.webp\" class=\"attachment-full size-full wp-image-40143\" alt=\"Le Manoir aux Pains d&#039;\u00c9pices, l&#039;une des meilleures chambres d&#039;h\u00f4tes \u00e0 Montr\u00e9al.\" srcset=\"https:\/\/www.gingerbreadmanor.com\/wp-content\/uploads\/2025\/09\/GBM-Exterior-Hero.webp 940w, https:\/\/www.gingerbreadmanor.com\/wp-content\/uploads\/2025\/09\/GBM-Exterior-Hero-300x128.webp 300w, https:\/\/www.gingerbreadmanor.com\/wp-content\/uploads\/2025\/09\/GBM-Exterior-Hero-768x327.webp 768w\" sizes=\"(max-width: 940px) 100vw, 940px\" \/>\t\t\t\t\t\t\t\t\t\t\t\t\t\t\t<\/div>\n\t\t\t\t<\/div>\n\t\t\t\t<div class=\"elementor-element elementor-element-2c90739 elementor-widget elementor-widget-heading\" data-id=\"2c90739\" data-element_type=\"widget\" data-e-type=\"widget\" data-widget_type=\"heading.default\">\n\t\t\t\t<div class=\"elementor-widget-container\">\n\t\t\t\t\t<h2 class=\"elementor-heading-title elementor-size-default\">Service personnalis\u00e9<\/h2>\t\t\t\t<\/div>\n\t\t\t\t<\/div>\n\t\t\t\t<div class=\"elementor-element elementor-element-c28bc32 elementor-widget elementor-widget-text-editor\" data-id=\"c28bc32\" data-element_type=\"widget\" data-e-type=\"widget\" data-widget_type=\"text-editor.default\">\n\t\t\t\t<div class=\"elementor-widget-container\">\n\t\t\t\t\t\t\t\t\t<p>L\u2019une des choses qui nous distinguent lorsque vous s\u00e9journez dans un manoir historique \u00e0 Montr\u00e9al comme le n\u00f4tre est la qualit\u00e9 de notre service personnalis\u00e9. Nous nous surpassons pour que nos invit\u00e9s se sentent accueillis et confortables tout au long de leur s\u00e9jour. <\/p><p>Que ce soit pour vous recommander des restaurants locaux ou vous servir un petit-d\u00e9jeuner maison \u00e0 base d&rsquo;ingr\u00e9dients locaux, nous nous engageons \u00e0 offrir aux clients une exp\u00e9rience inoubliable.<\/p>\t\t\t\t\t\t\t\t<\/div>\n\t\t\t\t<\/div>\n\t\t\t\t<div class=\"elementor-element elementor-element-b3aa219 elementor-widget elementor-widget-image\" data-id=\"b3aa219\" data-element_type=\"widget\" data-e-type=\"widget\" data-widget_type=\"image.default\">\n\t\t\t\t<div class=\"elementor-widget-container\">\n\t\t\t\t\t\t\t\t\t\t\t\t\t\t\t<img decoding=\"async\" width=\"1920\" height=\"1446\" src=\"https:\/\/www.gingerbreadmanor.com\/wp-content\/uploads\/2025\/09\/Cartier_20240211.webp\" class=\"attachment-full size-full wp-image-40175\" alt=\"Une chambre douillette pour s\u00e9journer dans un manoir historique \u00e0 Montr\u00e9al\" srcset=\"https:\/\/www.gingerbreadmanor.com\/wp-content\/uploads\/2025\/09\/Cartier_20240211.webp 1920w, https:\/\/www.gingerbreadmanor.com\/wp-content\/uploads\/2025\/09\/Cartier_20240211-300x226.webp 300w, https:\/\/www.gingerbreadmanor.com\/wp-content\/uploads\/2025\/09\/Cartier_20240211-1024x771.webp 1024w, https:\/\/www.gingerbreadmanor.com\/wp-content\/uploads\/2025\/09\/Cartier_20240211-768x578.webp 768w, https:\/\/www.gingerbreadmanor.com\/wp-content\/uploads\/2025\/09\/Cartier_20240211-1536x1157.webp 1536w\" sizes=\"(max-width: 1920px) 100vw, 1920px\" \/>\t\t\t\t\t\t\t\t\t\t\t\t\t\t\t<\/div>\n\t\t\t\t<\/div>\n\t\t\t\t<div class=\"elementor-element elementor-element-627aa10 elementor-widget elementor-widget-heading\" data-id=\"627aa10\" data-element_type=\"widget\" data-e-type=\"widget\" data-widget_type=\"heading.default\">\n\t\t\t\t<div class=\"elementor-widget-container\">\n\t\t\t\t\t<h2 class=\"elementor-heading-title elementor-size-default\">Tarifs abordables<\/h2>\t\t\t\t<\/div>\n\t\t\t\t<\/div>\n\t\t\t\t<div class=\"elementor-element elementor-element-b3695f3 elementor-widget elementor-widget-text-editor\" data-id=\"b3695f3\" data-element_type=\"widget\" data-e-type=\"widget\" data-widget_type=\"text-editor.default\">\n\t\t\t\t<div class=\"elementor-widget-container\">\n\t\t\t\t\t\t\t\t\t<p>Malgr\u00e9 son emplacement privil\u00e9gi\u00e9 et ses h\u00e9bergements uniques, le Manoir aux Pains d&rsquo;\u00c9pices offre des tarifs abordables qui le rendent accessible \u00e0 un large \u00e9ventail de voyageurs. Les tarifs comprennent un petit d\u00e9jeuner fait maison et l&rsquo;acc\u00e8s \u00e0 toutes les commodit\u00e9s du g\u00eete, y compris le Wi-Fi gratuit gratuit, un salon commun et un magnifique jardin.<\/p><p>Pr\u00eat \u00e0 d\u00e9couvrir le Plateau? Si vous souhaitez s\u00e9journer dans un manoir historique \u00e0 Montr\u00e9al pendant votre visite, le Manoir aux Pains d\u2019\u00c9pices est un choix exceptionnel.  Son emplacement privil\u00e9gi\u00e9, ses h\u00e9bergements uniques, son service personnalis\u00e9 et ses tarifs abordables en font une option id\u00e9ale pour les voyageurs qui veulent vivre le meilleur de Montr\u00e9al.<\/p>\t\t\t\t\t\t\t\t<\/div>\n\t\t\t\t<\/div>\n\t\t\t\t\t<\/div>\n\t\t<\/div>\n\t\t\t\t\t<\/div>\n\t\t<\/section>\n\t\t\t\t<section class=\"elementor-section elementor-top-section elementor-element elementor-element-876f2e4 elementor-section-boxed elementor-section-height-default elementor-section-height-default\" data-id=\"876f2e4\" data-element_type=\"section\" data-e-type=\"section\">\n\t\t\t\t\t\t<div class=\"elementor-container elementor-column-gap-default\">\n\t\t\t\t\t<div class=\"elementor-column elementor-col-100 elementor-top-column elementor-element elementor-element-19c8cd5\" data-id=\"19c8cd5\" data-element_type=\"column\" data-e-type=\"column\">\n\t\t\t<div class=\"elementor-widget-wrap\">\n\t\t\t\t\t\t\t<\/div>\n\t\t<\/div>\n\t\t\t\t\t<\/div>\n\t\t<\/section>\n\t\t\t\t<\/div>\n\t\t","protected":false},"excerpt":{"rendered":"<p>S\u00e9journez dans un manoir historique \u00e0 Montr\u00e9al : 5 raisons incontournables Vivez un s\u00e9jour unique dans un manoir historique \u00e0 [&hellip;]<\/p>\n","protected":false},"author":2,"featured_media":8873,"parent":0,"menu_order":0,"comment_status":"closed","ping_status":"closed","template":"elementor_header_footer","meta":{"_monsterinsights_skip_tracking":false,"_monsterinsights_sitenote_active":false,"_monsterinsights_sitenote_note":"","_monsterinsights_sitenote_category":0,"site-sidebar-layout":"default","site-content-layout":"","ast-site-content-layout":"default","site-content-style":"default","site-sidebar-style":"default","ast-global-header-display":"","ast-banner-title-visibility":"","ast-main-header-display":"","ast-hfb-above-header-display":"","ast-hfb-below-header-display":"","ast-hfb-mobile-header-display":"","site-post-title":"disabled","ast-breadcrumbs-content":"","ast-featured-img":"","footer-sml-layout":"","ast-disable-related-posts":"","theme-transparent-header-meta":"","adv-header-id-meta":"","stick-header-meta":"","header-above-stick-meta":"","header-main-stick-meta":"","header-below-stick-meta":"","astra-migrate-meta-layouts":"default","ast-page-background-enabled":"default","ast-page-background-meta":{"desktop":{"background-color":"var(--ast-global-color-5)","background-image":"","background-repeat":"repeat","background-position":"center center","background-size":"auto","background-attachment":"scroll","background-type":"","background-media":"","overlay-type":"","overlay-color":"","overlay-opacity":"","overlay-gradient":""},"tablet":{"background-color":"","background-image":"","background-repeat":"repeat","background-position":"center center","background-size":"auto","background-attachment":"scroll","background-type":"","background-media":"","overlay-type":"","overlay-color":"","overlay-opacity":"","overlay-gradient":""},"mobile":{"background-color":"","background-image":"","background-repeat":"repeat","background-position":"center center","background-size":"auto","background-attachment":"scroll","background-type":"","background-media":"","overlay-type":"","overlay-color":"","overlay-opacity":"","overlay-gradient":""}},"ast-content-background-meta":{"desktop":{"background-color":"var(--ast-global-color-4)","background-image":"","background-repeat":"repeat","background-position":"center center","background-size":"auto","background-attachment":"scroll","background-type":"","background-media":"","overlay-type":"","overlay-color":"","overlay-opacity":"","overlay-gradient":""},"tablet":{"background-color":"var(--ast-global-color-4)","background-image":"","background-repeat":"repeat","background-position":"center center","background-size":"auto","background-attachment":"scroll","background-type":"","background-media":"","overlay-type":"","overlay-color":"","overlay-opacity":"","overlay-gradient":""},"mobile":{"background-color":"var(--ast-global-color-4)","background-image":"","background-repeat":"repeat","background-position":"center center","background-size":"auto","background-attachment":"scroll","background-type":"","background-media":"","overlay-type":"","overlay-color":"","overlay-opacity":"","overlay-gradient":""}},"footnotes":""},"class_list":["post-37326","page","type-page","status-publish","has-post-thumbnail","hentry"],"_links":{"self":[{"href":"https:\/\/www.gingerbreadmanor.com\/fr\/wp-json\/wp\/v2\/pages\/37326","targetHints":{"allow":["GET"]}}],"collection":[{"href":"https:\/\/www.gingerbreadmanor.com\/fr\/wp-json\/wp\/v2\/pages"}],"about":[{"href":"https:\/\/www.gingerbreadmanor.com\/fr\/wp-json\/wp\/v2\/types\/page"}],"author":[{"embeddable":true,"href":"https:\/\/www.gingerbreadmanor.com\/fr\/wp-json\/wp\/v2\/users\/2"}],"replies":[{"embeddable":true,"href":"https:\/\/www.gingerbreadmanor.com\/fr\/wp-json\/wp\/v2\/comments?post=37326"}],"version-history":[{"count":4,"href":"https:\/\/www.gingerbreadmanor.com\/fr\/wp-json\/wp\/v2\/pages\/37326\/revisions"}],"predecessor-version":[{"id":41848,"href":"https:\/\/www.gingerbreadmanor.com\/fr\/wp-json\/wp\/v2\/pages\/37326\/revisions\/41848"}],"wp:featuredmedia":[{"embeddable":true,"href":"https:\/\/www.gingerbreadmanor.com\/fr\/wp-json\/wp\/v2\/media\/8873"}],"wp:attachment":[{"href":"https:\/\/www.gingerbreadmanor.com\/fr\/wp-json\/wp\/v2\/media?parent=37326"}],"curies":[{"name":"wp","href":"https:\/\/api.w.org\/{rel}","templated":true}]}}