{"id":5047,"date":"2012-09-27T12:44:40","date_gmt":"2012-09-27T12:44:40","guid":{"rendered":"http:\/\/test.gingerbreadmanor.com\/?page_id=5047"},"modified":"2025-10-09T10:00:20","modified_gmt":"2025-10-09T15:00:20","slug":"petits-dejeuners","status":"publish","type":"page","link":"https:\/\/www.gingerbreadmanor.com\/fr\/le-manoir\/petits-dejeuners\/","title":{"rendered":"Petit-d\u00e9jeuner"},"content":{"rendered":"\t\t<div data-elementor-type=\"wp-page\" data-elementor-id=\"5047\" class=\"elementor elementor-5047 elementor-4997\" data-elementor-settings=\"{&quot;element_pack_global_tooltip_width&quot;:{&quot;unit&quot;:&quot;px&quot;,&quot;size&quot;:&quot;&quot;,&quot;sizes&quot;:[]},&quot;element_pack_global_tooltip_width_tablet&quot;:{&quot;unit&quot;:&quot;px&quot;,&quot;size&quot;:&quot;&quot;,&quot;sizes&quot;:[]},&quot;element_pack_global_tooltip_width_mobile&quot;:{&quot;unit&quot;:&quot;px&quot;,&quot;size&quot;:&quot;&quot;,&quot;sizes&quot;:[]},&quot;element_pack_global_tooltip_padding&quot;:{&quot;unit&quot;:&quot;px&quot;,&quot;top&quot;:&quot;&quot;,&quot;right&quot;:&quot;&quot;,&quot;bottom&quot;:&quot;&quot;,&quot;left&quot;:&quot;&quot;,&quot;isLinked&quot;:true},&quot;element_pack_global_tooltip_padding_tablet&quot;:{&quot;unit&quot;:&quot;px&quot;,&quot;top&quot;:&quot;&quot;,&quot;right&quot;:&quot;&quot;,&quot;bottom&quot;:&quot;&quot;,&quot;left&quot;:&quot;&quot;,&quot;isLinked&quot;:true},&quot;element_pack_global_tooltip_padding_mobile&quot;:{&quot;unit&quot;:&quot;px&quot;,&quot;top&quot;:&quot;&quot;,&quot;right&quot;:&quot;&quot;,&quot;bottom&quot;:&quot;&quot;,&quot;left&quot;:&quot;&quot;,&quot;isLinked&quot;:true},&quot;element_pack_global_tooltip_border_radius&quot;:{&quot;unit&quot;:&quot;px&quot;,&quot;top&quot;:&quot;&quot;,&quot;right&quot;:&quot;&quot;,&quot;bottom&quot;:&quot;&quot;,&quot;left&quot;:&quot;&quot;,&quot;isLinked&quot;:true},&quot;element_pack_global_tooltip_border_radius_tablet&quot;:{&quot;unit&quot;:&quot;px&quot;,&quot;top&quot;:&quot;&quot;,&quot;right&quot;:&quot;&quot;,&quot;bottom&quot;:&quot;&quot;,&quot;left&quot;:&quot;&quot;,&quot;isLinked&quot;:true},&quot;element_pack_global_tooltip_border_radius_mobile&quot;:{&quot;unit&quot;:&quot;px&quot;,&quot;top&quot;:&quot;&quot;,&quot;right&quot;:&quot;&quot;,&quot;bottom&quot;:&quot;&quot;,&quot;left&quot;:&quot;&quot;,&quot;isLinked&quot;:true}}\">\n\t\t\t\t\t\t<section class=\"elementor-section elementor-top-section elementor-element elementor-element-76d32912 elementor-section-boxed elementor-section-height-default elementor-section-height-default\" data-id=\"76d32912\" data-element_type=\"section\" data-e-type=\"section\">\n\t\t\t\t\t\t<div class=\"elementor-container elementor-column-gap-default\">\n\t\t\t\t\t<div class=\"elementor-column elementor-col-100 elementor-top-column elementor-element elementor-element-265ba14d\" data-id=\"265ba14d\" data-element_type=\"column\" data-e-type=\"column\">\n\t\t\t<div class=\"elementor-widget-wrap elementor-element-populated\">\n\t\t\t\t\t\t<div class=\"elementor-element elementor-element-6e2e051 elementor-widget elementor-widget-heading\" data-id=\"6e2e051\" data-element_type=\"widget\" data-e-type=\"widget\" data-widget_type=\"heading.default\">\n\t\t\t\t<div class=\"elementor-widget-container\">\n\t\t\t\t\t<h1 class=\"elementor-heading-title elementor-size-default\">D\u00e9jeuner \u00e0 Montr\u00e9al au Manoir aux Pains d'\u00c9pices<\/h1>\t\t\t\t<\/div>\n\t\t\t\t<\/div>\n\t\t\t\t<div class=\"elementor-element elementor-element-fd7601a elementor-align-center bdt-navigation-type-arrows elementor-widget elementor-widget-bdt-slider\" data-id=\"fd7601a\" data-element_type=\"widget\" data-e-type=\"widget\" data-widget_type=\"bdt-slider.default\">\n\t\t\t\t<div class=\"elementor-widget-container\">\n\t\t\t\t\t\t\t<div id=\"bdt-slider-fd7601a\" class=\"bdt-slider bdt-arrows-align-center\" data-settings=\"{&quot;autoplay&quot;:{&quot;delay&quot;:7000},&quot;loop&quot;:true,&quot;speed&quot;:500,&quot;effect&quot;:&quot;slide&quot;,&quot;fadeEffect&quot;:{&quot;crossFade&quot;:true},&quot;navigation&quot;:{&quot;nextEl&quot;:&quot;#bdt-slider-fd7601a .bdt-navigation-next&quot;,&quot;prevEl&quot;:&quot;#bdt-slider-fd7601a .bdt-navigation-prev&quot;},&quot;pagination&quot;:{&quot;el&quot;:&quot;#bdt-slider-fd7601a .swiper-pagination&quot;,&quot;type&quot;:&quot;&quot;,&quot;clickable&quot;:&quot;true&quot;,&quot;dynamicBullets&quot;:false},&quot;scrollbar&quot;:{&quot;el&quot;:&quot;#bdt-slider-fd7601a .swiper-scrollbar&quot;,&quot;hide&quot;:&quot;true&quot;}}\">\n\t\t\t<div class=\"swiper-carousel swiper\" role=\"region\" aria-roledescription=\"carousel\" aria-label=\"Slider\" dir=\"ltr\">\n\t\t\t\t\t\t<div class=\"swiper-wrapper\">\n\t\t\t\t\t<div class=\"bdt-slide-item swiper-slide bdt-slide-effect-left\">\n\n\t\t\t\t\n\t\t\t\t\t\t\t\t\t\t\t<div class=\"bdt-slider-image-wrapper\">\n\t\t\t\t\t\t\t<img fetchpriority=\"high\" decoding=\"async\" width=\"800\" height=\"450\" src=\"https:\/\/www.gingerbreadmanor.com\/wp-content\/uploads\/2025\/09\/GBM-Breakfast-Room.jpg\" class=\"bdt-cover\" alt=\"Salle \u00e0 manger\" data-bdt-cover=\"1\" srcset=\"https:\/\/www.gingerbreadmanor.com\/wp-content\/uploads\/2025\/09\/GBM-Breakfast-Room.jpg 800w, https:\/\/www.gingerbreadmanor.com\/wp-content\/uploads\/2025\/09\/GBM-Breakfast-Room-300x169.jpg 300w, https:\/\/www.gingerbreadmanor.com\/wp-content\/uploads\/2025\/09\/GBM-Breakfast-Room-768x432.jpg 768w\" sizes=\"(max-width: 800px) 100vw, 800px\" \/>\t\t\t\t\t\t<\/div>\n\t\t\t\t\t\n\t\t\t\t\t<div class=\"bdt-slide-desc bdt-position-large bdt-position-center bdt-position-z-index\">\n\n\t\t\t\t\t\t\t\t\t\t\t\t\t<h2 class=\"bdt-slide-title bdt-clearfix\">\n\t\t\t\t\t\t\t\tSalle \u00e0 manger\t\t\t\t\t\t\t<\/h2>\n\t\t\t\t\t\t\n\t\t\t\t\t\t\t\t\t\t\t\t\t<div class=\"bdt-slide-text\">\n\t\t\t\t\t\t\t\t<p>Notre \u00e9l\u00e9gante salle de petit\u2011d\u00e9jeuner<\/p>\t\t\t\t\t\t\t<\/div>\n\t\t\t\t\t\t\n\t\t\t\t\t\t\t\t\t\t\t<\/div>\n\n\t\t\t\t\n\t\t\t<\/div>\n\t\t\t\t\t\t<div class=\"bdt-slide-item swiper-slide bdt-slide-effect-left\">\n\n\t\t\t\t\n\t\t\t\t\t\t\t\t\t\t\t<div class=\"bdt-slider-image-wrapper\">\n\t\t\t\t\t\t\t<img decoding=\"async\" width=\"1000\" height=\"750\" src=\"https:\/\/www.gingerbreadmanor.com\/wp-content\/uploads\/2025\/09\/breakfast.jpg\" class=\"bdt-cover\" alt=\"Pain dor\u00e9 aux bleuets et \u00e0 la lavande\" data-bdt-cover=\"1\" srcset=\"https:\/\/www.gingerbreadmanor.com\/wp-content\/uploads\/2025\/09\/breakfast.jpg 1000w, https:\/\/www.gingerbreadmanor.com\/wp-content\/uploads\/2025\/09\/breakfast-300x225.jpg 300w, https:\/\/www.gingerbreadmanor.com\/wp-content\/uploads\/2025\/09\/breakfast-768x576.jpg 768w\" sizes=\"(max-width: 1000px) 100vw, 1000px\" \/>\t\t\t\t\t\t<\/div>\n\t\t\t\t\t\n\t\t\t\t\t<div class=\"bdt-slide-desc bdt-position-large bdt-position-center bdt-position-z-index\">\n\n\t\t\t\t\t\t\t\t\t\t\t\t\t<h2 class=\"bdt-slide-title bdt-clearfix\">\n\t\t\t\t\t\t\t\tPain dor\u00e9 aux bleuets et \u00e0 la lavande\t\t\t\t\t\t\t<\/h2>\n\t\t\t\t\t\t\n\t\t\t\t\t\t\t\t\t\t\t\t\t<div class=\"bdt-slide-text\">\n\t\t\t\t\t\t\t\t<p>Pr\u00e9par\u00e9 frais chaque matin<\/p>\t\t\t\t\t\t\t<\/div>\n\t\t\t\t\t\t\n\t\t\t\t\t\t\t\t\t\t\t<\/div>\n\n\t\t\t\t\n\t\t\t<\/div>\n\t\t\t\t\t\t<div class=\"bdt-slide-item swiper-slide bdt-slide-effect-left\">\n\n\t\t\t\t\n\t\t\t\t\t\t\t\t\t\t\t<div class=\"bdt-slider-image-wrapper\">\n\t\t\t\t\t\t\t<img decoding=\"async\" width=\"864\" height=\"1184\" src=\"https:\/\/www.gingerbreadmanor.com\/wp-content\/uploads\/2025\/09\/GBM-Fritatta-with-Swiss-Chard.png\" class=\"bdt-cover\" alt=\"Frittata aux bettes \u00e0 carde\" data-bdt-cover=\"1\" srcset=\"https:\/\/www.gingerbreadmanor.com\/wp-content\/uploads\/2025\/09\/GBM-Fritatta-with-Swiss-Chard.png 864w, https:\/\/www.gingerbreadmanor.com\/wp-content\/uploads\/2025\/09\/GBM-Fritatta-with-Swiss-Chard-219x300.png 219w, https:\/\/www.gingerbreadmanor.com\/wp-content\/uploads\/2025\/09\/GBM-Fritatta-with-Swiss-Chard-747x1024.png 747w, https:\/\/www.gingerbreadmanor.com\/wp-content\/uploads\/2025\/09\/GBM-Fritatta-with-Swiss-Chard-768x1052.png 768w\" sizes=\"(max-width: 864px) 100vw, 864px\" \/>\t\t\t\t\t\t<\/div>\n\t\t\t\t\t\n\t\t\t\t\t<div class=\"bdt-slide-desc bdt-position-large bdt-position-center bdt-position-z-index\">\n\n\t\t\t\t\t\t\t\t\t\t\t\t\t<h2 class=\"bdt-slide-title bdt-clearfix\">\n\t\t\t\t\t\t\t\tFrittata aux bettes \u00e0 carde\t\t\t\t\t\t\t<\/h2>\n\t\t\t\t\t\t\n\t\t\t\t\t\t\t\t\t\t\t\t\t<div class=\"bdt-slide-text\">\n\t\t\t\t\t\t\t\t<p>Un bon d\u00e9part pour votre journ\u00e9e<\/p>\t\t\t\t\t\t\t<\/div>\n\t\t\t\t\t\t\n\t\t\t\t\t\t\t\t\t\t\t<\/div>\n\n\t\t\t\t\n\t\t\t<\/div>\n\t\t\t\t\t\t<div class=\"bdt-slide-item swiper-slide bdt-slide-effect-left\">\n\n\t\t\t\t\n\t\t\t\t\t\t\t\t\t\t\t<div class=\"bdt-slider-image-wrapper\">\n\t\t\t\t\t\t\t<img loading=\"lazy\" decoding=\"async\" width=\"1024\" height=\"747\" src=\"https:\/\/www.gingerbreadmanor.com\/wp-content\/uploads\/2025\/09\/GBM-Biscoff-French-Toast-with-Cream-Cheese-Icing.png\" class=\"bdt-cover\" alt=\"Pain dor\u00e9 Biscoff avec gla\u00e7age au fromage \u00e0 la cr\u00e8me\" data-bdt-cover=\"1\" srcset=\"https:\/\/www.gingerbreadmanor.com\/wp-content\/uploads\/2025\/09\/GBM-Biscoff-French-Toast-with-Cream-Cheese-Icing.png 1024w, https:\/\/www.gingerbreadmanor.com\/wp-content\/uploads\/2025\/09\/GBM-Biscoff-French-Toast-with-Cream-Cheese-Icing-300x219.png 300w, https:\/\/www.gingerbreadmanor.com\/wp-content\/uploads\/2025\/09\/GBM-Biscoff-French-Toast-with-Cream-Cheese-Icing-768x560.png 768w\" sizes=\"(max-width: 1024px) 100vw, 1024px\" \/>\t\t\t\t\t\t<\/div>\n\t\t\t\t\t\n\t\t\t\t\t<div class=\"bdt-slide-desc bdt-position-large bdt-position-center bdt-position-z-index\">\n\n\t\t\t\t\t\t\t\t\t\t\t\t\t<h2 class=\"bdt-slide-title bdt-clearfix\">\n\t\t\t\t\t\t\t\tPain dor\u00e9 Biscoff avec gla\u00e7age au fromage \u00e0 la cr\u00e8me\t\t\t\t\t\t\t<\/h2>\n\t\t\t\t\t\t\n\t\t\t\t\t\t\n\t\t\t\t\t\t\t\t\t\t\t\t\t<div class=\"bdt-slide-link-wrapper\">\n\t\t\t\t\t\t\t\t<a class=\"bdt-slide-link \" href=\"#\">\n\n\t\t\t\t\t\t\t\t\tLire la suite\n\t\t\t\t\t\t\t\t\t\t\t\t\t\t\t\t\t<\/a>\n\t\t\t\t\t\t\t<\/div>\n\t\t\t\t\t\t\t\t\t\t\t<\/div>\n\n\t\t\t\t\n\t\t\t<\/div>\n\t\t\t\t\t<\/div>\n\t\t\t\t<\/div>\n\n\t\t\t\t\t<div class=\"bdt-position-z-index bdt-position-center bdt-visible@m\">\n\t\t\t\t<div class=\"bdt-arrows-container bdt-slidenav-container\">\n\t\t\t\t\t<a href=\"\" class=\"bdt-navigation-prev bdt-slidenav-previous bdt-icon bdt-slidenav\">\n\t\t\t\t\t\t<i class=\"ep-icon-arrow-left-0\" aria-hidden=\"true\"><\/i>\n\t\t\t\t\t<\/a>\n\t\t\t\t\t<a href=\"\" class=\"bdt-navigation-next bdt-slidenav-next bdt-icon bdt-slidenav\">\n\t\t\t\t\t\t<i class=\"ep-icon-arrow-right-0\" aria-hidden=\"true\"><\/i>\n\t\t\t\t\t<\/a>\n\t\t\t\t<\/div>\n\t\t\t<\/div>\n\t\t\t\t<\/div>\n\t\t\t\t\t\t<\/div>\n\t\t\t\t<\/div>\n\t\t\t\t<div class=\"elementor-element elementor-element-96436d0 elementor-widget elementor-widget-heading\" data-id=\"96436d0\" data-element_type=\"widget\" data-e-type=\"widget\" data-widget_type=\"heading.default\">\n\t\t\t\t<div class=\"elementor-widget-container\">\n\t\t\t\t\t<h2 class=\"elementor-heading-title elementor-size-default\">Savourez un d\u00e9licieux petit\u2011d\u00e9jeuner au Manoir aux Pains d\u2019\u00c9pices<\/h2>\t\t\t\t<\/div>\n\t\t\t\t<\/div>\n\t\t\t\t<div class=\"elementor-element elementor-element-263c611 elementor-widget elementor-widget-text-editor\" data-id=\"263c611\" data-element_type=\"widget\" data-e-type=\"widget\" data-widget_type=\"text-editor.default\">\n\t\t\t\t<div class=\"elementor-widget-container\">\n\t\t\t\t\t\t\t\t\tVivez un s\u00e9jour agr\u00e9able dans notre chambre d\u2019h\u00f4tes \u00e0 Montr\u00e9al, le Manoir aux Pains d\u2019\u00c9pices, o\u00f9 chaque matin commence par un repas fait maison. Nous pr\u00e9parons un menu vari\u00e9 chaque jour, \u00e0 base d\u2019ingr\u00e9dients frais, locaux et de saison. Attendez\u2011vous \u00e0 un petit\u2011d\u00e9jeuner unique chaque matin, comprenant un panier de l\u00e9gumes biologiques et de fruits provenant de notre producteur local. Savourez des plats fra\u00eechement pr\u00e9par\u00e9s selon vos pr\u00e9f\u00e9rences. Si quelque chose ne convient pas, n\u2019h\u00e9sitez pas \u00e0 le mentionner. Nous sommes l\u00e0 pour faire de votre exp\u00e9rience du petit\u2011d\u00e9jeuner un moment exceptionnel.    \t\t\t\t\t\t\t\t<\/div>\n\t\t\t\t<\/div>\n\t\t\t\t<div class=\"elementor-element elementor-element-2793d17 elementor-widget elementor-widget-heading\" data-id=\"2793d17\" data-element_type=\"widget\" data-e-type=\"widget\" data-widget_type=\"heading.default\">\n\t\t\t\t<div class=\"elementor-widget-container\">\n\t\t\t\t\t<h3 class=\"elementor-heading-title elementor-size-default\">Au menu<\/h3>\t\t\t\t<\/div>\n\t\t\t\t<\/div>\n\t\t\t\t<section class=\"elementor-section elementor-inner-section elementor-element elementor-element-03664af elementor-section-boxed elementor-section-height-default elementor-section-height-default\" data-id=\"03664af\" data-element_type=\"section\" data-e-type=\"section\">\n\t\t\t\t\t\t<div class=\"elementor-container elementor-column-gap-default\">\n\t\t\t\t\t<div class=\"elementor-column elementor-col-50 elementor-inner-column elementor-element elementor-element-ea34859\" data-id=\"ea34859\" data-element_type=\"column\" data-e-type=\"column\">\n\t\t\t<div class=\"elementor-widget-wrap elementor-element-populated\">\n\t\t\t\t\t\t<div class=\"elementor-element elementor-element-9fcab37 elementor-list-item-link-full_width elementor-widget elementor-widget-icon-list\" data-id=\"9fcab37\" data-element_type=\"widget\" data-e-type=\"widget\" data-widget_type=\"icon-list.default\">\n\t\t\t\t<div class=\"elementor-widget-container\">\n\t\t\t\t\t\t\t<ul class=\"elementor-icon-list-items\">\n\t\t\t\t\t\t\t<li class=\"elementor-icon-list-item\">\n\t\t\t\t\t\t\t\t\t\t<span class=\"elementor-icon-list-text\">Chaque petit\u2011d\u00e9jeuner comprend\u202f:<\/span>\n\t\t\t\t\t\t\t\t\t<\/li>\n\t\t\t\t\t\t\t\t<li class=\"elementor-icon-list-item\">\n\t\t\t\t\t\t\t\t\t\t\t<span class=\"elementor-icon-list-icon\">\n\t\t\t\t\t\t\t<i aria-hidden=\"true\" class=\"fas fa-mug-hot\"><\/i>\t\t\t\t\t\t<\/span>\n\t\t\t\t\t\t\t\t\t\t<span class=\"elementor-icon-list-text\">Caf\u00e9, th\u00e9 et jus<\/span>\n\t\t\t\t\t\t\t\t\t<\/li>\n\t\t\t\t\t\t\t\t<li class=\"elementor-icon-list-item\">\n\t\t\t\t\t\t\t\t\t\t\t<span class=\"elementor-icon-list-icon\">\n\t\t\t\t\t\t\t<i aria-hidden=\"true\" class=\"fab fa-apple\"><\/i>\t\t\t\t\t\t<\/span>\n\t\t\t\t\t\t\t\t\t\t<span class=\"elementor-icon-list-text\">Fruits frais<\/span>\n\t\t\t\t\t\t\t\t\t<\/li>\n\t\t\t\t\t\t\t\t<li class=\"elementor-icon-list-item\">\n\t\t\t\t\t\t\t\t\t\t\t<span class=\"elementor-icon-list-icon\">\n\t\t\t\t\t\t\t<i aria-hidden=\"true\" class=\"fas fa-utensil-spoon\"><\/i>\t\t\t\t\t\t<\/span>\n\t\t\t\t\t\t\t\t\t\t<span class=\"elementor-icon-list-text\">C\u00e9r\u00e9ales et yogourt<\/span>\n\t\t\t\t\t\t\t\t\t<\/li>\n\t\t\t\t\t\t\t\t<li class=\"elementor-icon-list-item\">\n\t\t\t\t\t\t\t\t\t\t\t<span class=\"elementor-icon-list-icon\">\n\t\t\t\t\t\t\t<i aria-hidden=\"true\" class=\"fas fa-utensils\"><\/i>\t\t\t\t\t\t<\/span>\n\t\t\t\t\t\t\t\t\t\t<span class=\"elementor-icon-list-text\">Plat chaud du jour<\/span>\n\t\t\t\t\t\t\t\t\t<\/li>\n\t\t\t\t\t\t<\/ul>\n\t\t\t\t\t\t<\/div>\n\t\t\t\t<\/div>\n\t\t\t\t\t<\/div>\n\t\t<\/div>\n\t\t\t\t<div class=\"elementor-column elementor-col-50 elementor-inner-column elementor-element elementor-element-bdc639f\" data-id=\"bdc639f\" data-element_type=\"column\" data-e-type=\"column\">\n\t\t\t<div class=\"elementor-widget-wrap elementor-element-populated\">\n\t\t\t\t\t\t<div class=\"elementor-element elementor-element-d7ef8b5 elementor-widget elementor-widget-text-editor\" data-id=\"d7ef8b5\" data-element_type=\"widget\" data-e-type=\"widget\" data-widget_type=\"text-editor.default\">\n\t\t\t\t<div class=\"elementor-widget-container\">\n\t\t\t\t\t\t\t\t\tNotre plat chaud v\u00e9g\u00e9tarien du jour varie, avec des favoris tels que\u202f:\n<ul>\n \t<li>Blintzes \/ cr\u00eapes<\/li>\n \t<li>Pain dor\u00e9<\/li>\n \t<li>Cr\u00eapes \u00e9paisses<\/li>\n \t<li>Frittata<\/li>\n \t<li>Omelette<\/li>\n \t<li>Gruau au four<\/li><\/ul>\t\t\t\t\t\t\t\t<\/div>\n\t\t\t\t<\/div>\n\t\t\t\t\t<\/div>\n\t\t<\/div>\n\t\t\t\t\t<\/div>\n\t\t<\/section>\n\t\t\t\t<div class=\"elementor-element elementor-element-a32ba94 elementor-widget elementor-widget-heading\" data-id=\"a32ba94\" data-element_type=\"widget\" data-e-type=\"widget\" data-widget_type=\"heading.default\">\n\t\t\t\t<div class=\"elementor-widget-container\">\n\t\t\t\t\t<h3 class=\"elementor-heading-title elementor-size-default\">Notre philosophie du petit\u2011d\u00e9jeuner<\/h3>\t\t\t\t<\/div>\n\t\t\t\t<\/div>\n\t\t\t\t<div class=\"elementor-element elementor-element-77861b7 elementor-widget elementor-widget-text-editor\" data-id=\"77861b7\" data-element_type=\"widget\" data-e-type=\"widget\" data-widget_type=\"text-editor.default\">\n\t\t\t\t<div class=\"elementor-widget-container\">\n\t\t\t\t\t\t\t\t\t<p class=\"first:mt-1.5\">Au Manoir aux Pains d\u2019\u00c9pices, le petit\u2011d\u00e9jeuner est plus qu\u2019un repas. Il fait partie de l\u2019exp\u00e9rience de s\u00e9journer dans une maison historique de Montr\u00e9al. Nous croyons que les matins doivent \u00eatre paisibles, accueillants et remplis de saveurs qui allient confort et fra\u00eecheur.  <\/p><p class=\"first:mt-1.5\">Dans la mesure du possible, nous utilisons des ingr\u00e9dients provenant des march\u00e9s locaux et des fermes voisines. En \u00e9t\u00e9, notre panier de l\u00e9gumes biologiques provient des <a class=\"break-word\" href=\"https:\/\/3samson.com\/\" target=\"_blank\" rel=\"noopener noreferrer\">Fermes 3 Samson<\/a>, un producteur qu\u00e9b\u00e9cois de confiance. Nos invit\u00e9s profitent ainsi de produits de saison, frais et ancr\u00e9s dans la communaut\u00e9.  <\/p><p class=\"first:mt-1.5\">Le caf\u00e9 est toujours chaud, la table est dress\u00e9e dans notre \u00e9l\u00e9gante salle \u00e0 manger, et le menu change suffisamment souvent pour apporter une agr\u00e9able surprise durant votre s\u00e9jour. Que vous pr\u00e9f\u00e9riez quelque chose de l\u00e9ger et sant\u00e9 ou une assiette copieuse pour commencer la journ\u00e9e, notre objectif est d\u2019offrir un d\u00e9part \u00e9quilibr\u00e9 qui refl\u00e8te notre passion pour l\u2019hospitalit\u00e9. <\/p>\t\t\t\t\t\t\t\t<\/div>\n\t\t\t\t<\/div>\n\t\t\t\t<div class=\"elementor-element elementor-element-b1b50c5 elementor-widget elementor-widget-heading\" data-id=\"b1b50c5\" data-element_type=\"widget\" data-e-type=\"widget\" data-widget_type=\"heading.default\">\n\t\t\t\t<div class=\"elementor-widget-container\">\n\t\t\t\t\t<h3 class=\"elementor-heading-title elementor-size-default\">Une exp\u00e9rience partag\u00e9e<\/h3>\t\t\t\t<\/div>\n\t\t\t\t<\/div>\n\t\t\t\t<div class=\"elementor-element elementor-element-bf1df94 elementor-widget elementor-widget-text-editor\" data-id=\"bf1df94\" data-element_type=\"widget\" data-e-type=\"widget\" data-widget_type=\"text-editor.default\">\n\t\t\t\t<div class=\"elementor-widget-container\">\n\t\t\t\t\t\t\t\t\t<p class=\"first:mt-1.5\">Le petit\u2011d\u00e9jeuner est servi \u00e0 notre grande table, une belle occasion de rencontrer d\u2019autres voyageurs. Partagez vos histoires, \u00e9changez des conseils et recueillez des recommandations pour votre journ\u00e9e \u00e0 Montr\u00e9al. C\u2019est un moment privil\u00e9gi\u00e9 de l\u2019exp\u00e9rience au Manoir aux Pains d\u2019\u00c9pices.  <\/p>\t\t\t\t\t\t\t\t<\/div>\n\t\t\t\t<\/div>\n\t\t\t\t\t<\/div>\n\t\t<\/div>\n\t\t\t\t\t<\/div>\n\t\t<\/section>\n\t\t\t\t<\/div>\n\t\t","protected":false},"excerpt":{"rendered":"<p>D\u00e9jeuner \u00e0 Montr\u00e9al au Manoir aux Pains d&rsquo;\u00c9pices Salle \u00e0 manger Notre \u00e9l\u00e9gante salle de petit\u2011d\u00e9jeuner Pain dor\u00e9 aux bleuets [&hellip;]<\/p>\n","protected":false},"author":1,"featured_media":0,"parent":5307,"menu_order":2,"comment_status":"closed","ping_status":"closed","template":"elementor_header_footer","meta":{"_monsterinsights_skip_tracking":false,"_monsterinsights_sitenote_active":false,"_monsterinsights_sitenote_note":"","_monsterinsights_sitenote_category":0,"site-sidebar-layout":"default","site-content-layout":"","ast-site-content-layout":"default","site-content-style":"default","site-sidebar-style":"default","ast-global-header-display":"","ast-banner-title-visibility":"","ast-main-header-display":"","ast-hfb-above-header-display":"","ast-hfb-below-header-display":"","ast-hfb-mobile-header-display":"","site-post-title":"disabled","ast-breadcrumbs-content":"","ast-featured-img":"","footer-sml-layout":"","ast-disable-related-posts":"","theme-transparent-header-meta":"","adv-header-id-meta":"","stick-header-meta":"","header-above-stick-meta":"","header-main-stick-meta":"","header-below-stick-meta":"","astra-migrate-meta-layouts":"default","ast-page-background-enabled":"default","ast-page-background-meta":{"desktop":{"background-color":"var(--ast-global-color-5)","background-image":"","background-repeat":"repeat","background-position":"center center","background-size":"auto","background-attachment":"scroll","background-type":"","background-media":"","overlay-type":"","overlay-color":"","overlay-opacity":"","overlay-gradient":""},"tablet":{"background-color":"","background-image":"","background-repeat":"repeat","background-position":"center center","background-size":"auto","background-attachment":"scroll","background-type":"","background-media":"","overlay-type":"","overlay-color":"","overlay-opacity":"","overlay-gradient":""},"mobile":{"background-color":"","background-image":"","background-repeat":"repeat","background-position":"center center","background-size":"auto","background-attachment":"scroll","background-type":"","background-media":"","overlay-type":"","overlay-color":"","overlay-opacity":"","overlay-gradient":""}},"ast-content-background-meta":{"desktop":{"background-color":"var(--ast-global-color-4)","background-image":"","background-repeat":"repeat","background-position":"center center","background-size":"auto","background-attachment":"scroll","background-type":"","background-media":"","overlay-type":"","overlay-color":"","overlay-opacity":"","overlay-gradient":""},"tablet":{"background-color":"var(--ast-global-color-4)","background-image":"","background-repeat":"repeat","background-position":"center center","background-size":"auto","background-attachment":"scroll","background-type":"","background-media":"","overlay-type":"","overlay-color":"","overlay-opacity":"","overlay-gradient":""},"mobile":{"background-color":"var(--ast-global-color-4)","background-image":"","background-repeat":"repeat","background-position":"center center","background-size":"auto","background-attachment":"scroll","background-type":"","background-media":"","overlay-type":"","overlay-color":"","overlay-opacity":"","overlay-gradient":""}},"footnotes":""},"class_list":["post-5047","page","type-page","status-publish","hentry"],"_links":{"self":[{"href":"https:\/\/www.gingerbreadmanor.com\/fr\/wp-json\/wp\/v2\/pages\/5047","targetHints":{"allow":["GET"]}}],"collection":[{"href":"https:\/\/www.gingerbreadmanor.com\/fr\/wp-json\/wp\/v2\/pages"}],"about":[{"href":"https:\/\/www.gingerbreadmanor.com\/fr\/wp-json\/wp\/v2\/types\/page"}],"author":[{"embeddable":true,"href":"https:\/\/www.gingerbreadmanor.com\/fr\/wp-json\/wp\/v2\/users\/1"}],"replies":[{"embeddable":true,"href":"https:\/\/www.gingerbreadmanor.com\/fr\/wp-json\/wp\/v2\/comments?post=5047"}],"version-history":[{"count":0,"href":"https:\/\/www.gingerbreadmanor.com\/fr\/wp-json\/wp\/v2\/pages\/5047\/revisions"}],"up":[{"embeddable":true,"href":"https:\/\/www.gingerbreadmanor.com\/fr\/wp-json\/wp\/v2\/pages\/5307"}],"wp:attachment":[{"href":"https:\/\/www.gingerbreadmanor.com\/fr\/wp-json\/wp\/v2\/media?parent=5047"}],"curies":[{"name":"wp","href":"https:\/\/api.w.org\/{rel}","templated":true}]}}