{"id":5304,"date":"2012-11-27T17:31:45","date_gmt":"2012-11-27T17:31:45","guid":{"rendered":"http:\/\/test.gingerbreadmanor.com\/points-dinteret\/"},"modified":"2026-01-30T13:43:34","modified_gmt":"2026-01-30T18:43:34","slug":"points-dinteret","status":"publish","type":"page","link":"https:\/\/www.gingerbreadmanor.com\/fr\/plateau-mont-royal\/points-dinteret\/","title":{"rendered":"Attractions voisines"},"content":{"rendered":"\t\t<div data-elementor-type=\"wp-page\" data-elementor-id=\"5304\" class=\"elementor elementor-5304 elementor-5000\" data-elementor-settings=\"{&quot;element_pack_global_tooltip_width&quot;:{&quot;unit&quot;:&quot;px&quot;,&quot;size&quot;:&quot;&quot;,&quot;sizes&quot;:[]},&quot;element_pack_global_tooltip_width_tablet&quot;:{&quot;unit&quot;:&quot;px&quot;,&quot;size&quot;:&quot;&quot;,&quot;sizes&quot;:[]},&quot;element_pack_global_tooltip_width_mobile&quot;:{&quot;unit&quot;:&quot;px&quot;,&quot;size&quot;:&quot;&quot;,&quot;sizes&quot;:[]},&quot;element_pack_global_tooltip_padding&quot;:{&quot;unit&quot;:&quot;px&quot;,&quot;top&quot;:&quot;&quot;,&quot;right&quot;:&quot;&quot;,&quot;bottom&quot;:&quot;&quot;,&quot;left&quot;:&quot;&quot;,&quot;isLinked&quot;:true},&quot;element_pack_global_tooltip_padding_tablet&quot;:{&quot;unit&quot;:&quot;px&quot;,&quot;top&quot;:&quot;&quot;,&quot;right&quot;:&quot;&quot;,&quot;bottom&quot;:&quot;&quot;,&quot;left&quot;:&quot;&quot;,&quot;isLinked&quot;:true},&quot;element_pack_global_tooltip_padding_mobile&quot;:{&quot;unit&quot;:&quot;px&quot;,&quot;top&quot;:&quot;&quot;,&quot;right&quot;:&quot;&quot;,&quot;bottom&quot;:&quot;&quot;,&quot;left&quot;:&quot;&quot;,&quot;isLinked&quot;:true},&quot;element_pack_global_tooltip_border_radius&quot;:{&quot;unit&quot;:&quot;px&quot;,&quot;top&quot;:&quot;&quot;,&quot;right&quot;:&quot;&quot;,&quot;bottom&quot;:&quot;&quot;,&quot;left&quot;:&quot;&quot;,&quot;isLinked&quot;:true},&quot;element_pack_global_tooltip_border_radius_tablet&quot;:{&quot;unit&quot;:&quot;px&quot;,&quot;top&quot;:&quot;&quot;,&quot;right&quot;:&quot;&quot;,&quot;bottom&quot;:&quot;&quot;,&quot;left&quot;:&quot;&quot;,&quot;isLinked&quot;:true},&quot;element_pack_global_tooltip_border_radius_mobile&quot;:{&quot;unit&quot;:&quot;px&quot;,&quot;top&quot;:&quot;&quot;,&quot;right&quot;:&quot;&quot;,&quot;bottom&quot;:&quot;&quot;,&quot;left&quot;:&quot;&quot;,&quot;isLinked&quot;:true}}\">\n\t\t\t\t\t\t<section class=\"elementor-section elementor-top-section elementor-element elementor-element-7c278b1a elementor-section-boxed elementor-section-height-default elementor-section-height-default\" data-id=\"7c278b1a\" data-element_type=\"section\" data-e-type=\"section\">\n\t\t\t\t\t\t<div class=\"elementor-container elementor-column-gap-default\">\n\t\t\t\t\t<div class=\"elementor-column elementor-col-100 elementor-top-column elementor-element elementor-element-41966f90\" data-id=\"41966f90\" data-element_type=\"column\" data-e-type=\"column\" data-settings=\"{&quot;background_background&quot;:&quot;classic&quot;}\">\n\t\t\t<div class=\"elementor-widget-wrap elementor-element-populated\">\n\t\t\t\t\t\t<div class=\"elementor-element elementor-element-7d74be0 elementor-widget elementor-widget-heading\" data-id=\"7d74be0\" data-element_type=\"widget\" data-e-type=\"widget\" data-widget_type=\"heading.default\">\n\t\t\t\t<div class=\"elementor-widget-container\">\n\t\t\t\t\t<h1 class=\"elementor-heading-title elementor-size-default\">Points d'int\u00e9r\u00eat \u00e0 proximit\u00e9 sur le Plateau Mont-Royal<\/h1>\t\t\t\t<\/div>\n\t\t\t\t<\/div>\n\t\t\t\t<div class=\"elementor-element elementor-element-476afd2 elementor-widget elementor-widget-text-editor\" data-id=\"476afd2\" data-element_type=\"widget\" data-e-type=\"widget\" data-widget_type=\"text-editor.default\">\n\t\t\t\t<div class=\"elementor-widget-container\">\n\t\t\t\t\t\t\t\t\t<p>Les sites d&rsquo;int\u00e9r\u00eat du Plateau Mont-Royal commencent juste devant le Manoir aux Pains d&rsquo;\u00c9pices. Du parc du Mont-Royal au Vieux-Montr\u00e9al et au Vieux-Port, la plupart des incontournables se trouvent \u00e0 10 \u00e0 25 minutes de marche ou \u00e0 un court trajet en m\u00e9tro. <\/p>\t\t\t\t\t\t\t\t<\/div>\n\t\t\t\t<\/div>\n\t\t\t\t<div class=\"elementor-element elementor-element-fb02854 elementor-widget elementor-widget-image\" data-id=\"fb02854\" data-element_type=\"widget\" data-e-type=\"widget\" data-widget_type=\"image.default\">\n\t\t\t\t<div class=\"elementor-widget-container\">\n\t\t\t\t\t\t\t\t\t\t\t\t<figure class=\"wp-caption\">\n\t\t\t\t\t\t\t\t\t\t<img fetchpriority=\"high\" decoding=\"async\" width=\"2560\" height=\"1173\" src=\"https:\/\/www.gingerbreadmanor.com\/wp-content\/uploads\/2021\/06\/Montreal-from-Mount-Royal-2020-scaled-e1623184427733.jpg\" class=\"attachment-full size-full wp-image-8871\" alt=\"Vue de Montr\u00e9al depuis le parc du Mont-Royal\" srcset=\"https:\/\/www.gingerbreadmanor.com\/wp-content\/uploads\/2021\/06\/Montreal-from-Mount-Royal-2020-scaled-e1623184427733.jpg 2560w, https:\/\/www.gingerbreadmanor.com\/wp-content\/uploads\/2021\/06\/Montreal-from-Mount-Royal-2020-scaled-e1623184427733-1536x704.jpg 1536w, https:\/\/www.gingerbreadmanor.com\/wp-content\/uploads\/2021\/06\/Montreal-from-Mount-Royal-2020-scaled-e1623184427733-2048x938.jpg 2048w, https:\/\/www.gingerbreadmanor.com\/wp-content\/uploads\/2021\/06\/Montreal-from-Mount-Royal-2020-scaled-e1623184427733-300x137.jpg 300w, https:\/\/www.gingerbreadmanor.com\/wp-content\/uploads\/2021\/06\/Montreal-from-Mount-Royal-2020-scaled-e1623184427733-768x352.jpg 768w, https:\/\/www.gingerbreadmanor.com\/wp-content\/uploads\/2021\/06\/Montreal-from-Mount-Royal-2020-scaled-e1623184427733-1024x469.jpg 1024w\" sizes=\"(max-width: 2560px) 100vw, 2560px\" \/>\t\t\t\t\t\t\t\t\t\t\t<figcaption class=\"widget-image-caption wp-caption-text\">Montr\u00e9al de Mount-Royal (\u00a9 2020 Manoir aux pains d'\u00e9pices)<\/figcaption>\n\t\t\t\t\t\t\t\t\t\t<\/figure>\n\t\t\t\t\t\t\t\t\t<\/div>\n\t\t\t\t<\/div>\n\t\t\t\t<div class=\"elementor-element elementor-element-b62b4df elementor-widget elementor-widget-text-editor\" data-id=\"b62b4df\" data-element_type=\"widget\" data-e-type=\"widget\" data-widget_type=\"text-editor.default\">\n\t\t\t\t<div class=\"elementor-widget-container\">\n\t\t\t\t\t\t\t\t\t<p class=\"first:mt-1.5\">Explorez les meilleurs sites d&rsquo;int\u00e9r\u00eat du Plateau Mont-Royal \u00e0 partir du Manoir aux Pains d&rsquo;\u00c9pices. La plupart des incontournables se trouvent \u00e0 10 \u00e0 25 minutes de marche ou \u00e0 un court trajet en m\u00e9tro, ce qui vous permet de voir plus avec moins de d\u00e9placements. <\/p><p class=\"first:mt-1.5\">Sortez et vous \u00eates \u00e0 quelques pas du Square Saint-Louis, des rues Saint-Denis et Saint-Laurent. Marchez jusqu&rsquo;au Vieux-Montr\u00e9al et au Vieux-Port pour profiter des pav\u00e9s, des vues sur le fleuve et des mus\u00e9es, ou montez au parc du Mont-Royal pour ses sentiers et ses belv\u00e9d\u00e8res sur l&rsquo;horizon. Le Centre-Ville, le Quartier des spectacles et McGill sont \u00e9galement facilement accessibles \u00e0 pied.  <\/p><p class=\"first:mt-1.5\">Faites le plein d&rsquo;\u00e9nergie avec notre <a href=\"https:\/\/www.gingerbreadmanor.com\/fr\/le-manoir\/petits-dejeuners\/\">petit-d\u00e9jeuner maison<\/a> avant de partir pour la journ\u00e9e, puis explorez les march\u00e9s comme Jean-Talon, le Mus\u00e9e des beaux-arts de Montr\u00e9al et les caf\u00e9s de quartier pour un aper\u00e7u authentique de la ville.<\/p><p class=\"first:mt-1.5\">Vous trouverez ci-dessous les sites d&rsquo;int\u00e9r\u00eat \u00e0 proximit\u00e9 et leurs distances approximatives par rapport au Manoir aux Pains d&rsquo;\u00c9pices.<\/p>\t\t\t\t\t\t\t\t<\/div>\n\t\t\t\t<\/div>\n\t\t\t\t<div class=\"elementor-element elementor-element-67ef74d elementor-widget elementor-widget-heading\" data-id=\"67ef74d\" data-element_type=\"widget\" data-e-type=\"widget\" data-widget_type=\"heading.default\">\n\t\t\t\t<div class=\"elementor-widget-container\">\n\t\t\t\t\t<h2 class=\"elementor-heading-title elementor-size-default\">Incontournables \u00e0 faire sur le Plateau Mont-Royal pr\u00e8s de notre g\u00eete<\/h2>\t\t\t\t<\/div>\n\t\t\t\t<\/div>\n\t\t\t\t<div class=\"elementor-element elementor-element-afc4e40 elementor-widget elementor-widget-eael-adv-tabs\" data-id=\"afc4e40\" data-element_type=\"widget\" data-e-type=\"widget\" data-widget_type=\"eael-adv-tabs.default\">\n\t\t\t\t<div class=\"elementor-widget-container\">\n\t\t\t\t\t        <div data-scroll-on-click=\"no\" data-scroll-speed=\"300\" id=\"eael-advance-tabs-afc4e40\" class=\"eael-advance-tabs eael-tabs-horizontal eael-tab-auto-active \" data-tabid=\"afc4e40\">\n            <div class=\"eael-tabs-nav \">\n                <ul class=\"eael-tab-inline-icon\" role=\"tablist\">\n                                            <li id=\"points-dintrt-proximit\" class=\"inactive eael-tab-item-trigger eael-tab-nav-item\" aria-selected=\"true\" data-tab=\"1\" role=\"tab\" tabindex=\"0\" aria-controls=\"points-dintrt-proximit-tab\" aria-expanded=\"false\">\n                            \n                                                                <i class=\"far fa-compass\"><\/i>                                                            \n                                                            <span class=\"eael-tab-title title-after-icon\" >Points d&rsquo;int\u00e9r\u00eat \u00e0 proximit\u00e9<\/span>                            \n                                                    <\/li>\n                                            <li id=\"-quelques-pas\" class=\"inactive eael-tab-item-trigger eael-tab-nav-item\" aria-selected=\"false\" data-tab=\"2\" role=\"tab\" tabindex=\"-1\" aria-controls=\"-quelques-pas-tab\" aria-expanded=\"false\">\n                            \n                                                                <i class=\"far fa-compass\"><\/i>                                                            \n                                                            <span class=\"eael-tab-title title-after-icon\" >\u00c0 quelques pas<\/span>                            \n                                                    <\/li>\n                                            <li id=\"un-trajet-rapide\" class=\"inactive eael-tab-item-trigger eael-tab-nav-item\" aria-selected=\"false\" data-tab=\"3\" role=\"tab\" tabindex=\"-1\" aria-controls=\"un-trajet-rapide-tab\" aria-expanded=\"false\">\n                            \n                                                                <i class=\"far fa-compass\"><\/i>                                                            \n                                                            <span class=\"eael-tab-title title-after-icon\" >Un trajet rapide<\/span>                            \n                                                    <\/li>\n                    \n                                  <\/ul>\n            <\/div>\n            \n            <div class=\"eael-tabs-content\">\n\t\t        \n                    <div id=\"points-dintrt-proximit-tab\" class=\"clearfix eael-tab-content-item inactive\" data-title-link=\"points-dintrt-proximit-tab\">\n\t\t\t\t        <h3 class=\"first:mt-1.5\">Points d&rsquo;int\u00e9r\u00eat \u00e0 proximit\u00e9<\/h3>\n<ul class=\"list-disc\">\n<li class=\"ml-4\">Square Saint-Louis \u2014 Parc et fontaine victoriens; cr\u00e8me glac\u00e9e locale en \u00e9t\u00e9<\/li>\n<li class=\"ml-4\">Rue Prince-Arthur \u2014 Rue pi\u00e9tonne avec terrasses et restaurants<\/li>\n<li class=\"ml-4\">Rue Saint-Denis \u2014 Restaurants, caf\u00e9s, boutiques et plus<\/li>\n<li class=\"ml-4\">Boulevard Saint-Laurent \u2014 Bars, murales, restaurants ouverts tard<\/li>\n<li class=\"ml-4\">Gare d&rsquo;autocars de Montr\u00e9al<\/li>\n<li class=\"ml-4\">C\u00e9gep du Vieux-Montr\u00e9al<\/li>\n<li class=\"ml-4\">Cin\u00e9math\u00e8que Qu\u00e9b\u00e9coise<\/li>\n<li class=\"ml-4\">Le Village (Quartier gai)<\/li>\n<li class=\"ml-4\">H\u00f4pital St\u2011Luc \u2013 CHUM<\/li>\n<li class=\"ml-4\">Quartier Latin<\/li>\n<li class=\"ml-4\">Place Dupuis \u2014 Boutiques et services<\/li>\n<li class=\"ml-4\">Place \u00c9milie-Gamelin \u2014 Place du centre-ville et \u00e9v\u00e9nements<\/li>\n<li class=\"ml-4\">Cinema Quartier Latin<\/li>\n<li class=\"ml-4\">Biblioth\u00e8que et Archives nationales du Qu\u00e9bec (BAnQ)<\/li>\n<li class=\"ml-4\">Th\u00e9\u00e2tre St\u2011Denis<\/li>\n<li class=\"ml-4\">Th\u00e9\u00e2tre de Quat\u2019Sous<\/li>\n<li class=\"ml-4\">Th\u00e9\u00e2tre d\u2019Aujourd\u2019hui<\/li>\n<li class=\"ml-4\">UQAM \u2014 Universit\u00e9 du Qu\u00e9bec \u00e0 Montr\u00e9al<\/li>\n<li class=\"ml-4\">Deli Schwartz\u2019s \u2014 Viande fum\u00e9e embl\u00e9matique<\/li>\n<\/ul>\n                    <\/div>\n\t\t        \n                    <div id=\"-quelques-pas-tab\" class=\"clearfix eael-tab-content-item inactive\" data-title-link=\"-quelques-pas-tab\">\n\t\t\t\t        <h3 class=\"first:mt-1.5\">\u00c0 quelques pas<\/h3>\n<ul class=\"list-disc\">\n<li class=\"ml-4\"><a href=\"https:\/\/www.lemontroyal.qc.ca\/\" target=\"_blank\" rel=\"noopener\">Parc du Mont-Royal<\/a> \u2014 Sentiers et belv\u00e9d\u00e8res avec vue sur l&rsquo;horizon (20 \u00e0 25 minutes)<\/li>\n<li class=\"ml-4\"><a href=\"https:\/\/www.vieuxportdemontreal.com\/\" target=\"_blank\" rel=\"noopener\">Vieux-Montr\u00e9al<\/a> \u2014 Pav\u00e9s, boutiques, caf\u00e9s (20 \u00e0 25 minutes)<\/li>\n<li class=\"ml-4\">Basilique Notre-Dame \u2014 Monument n\u00e9ogothique (25 minutes)<\/li>\n<li class=\"ml-4\">Vieux-Port (Old Port) \u2014 Promenades au bord du fleuve, mus\u00e9es, \u00e9v\u00e9nements (25 minutes)<\/li>\n<li class=\"ml-4\">La Grande Rouue de Montr\u00e9al \u2014 Roue d&rsquo;observation de 60 m (30 minutes)<\/li>\n<li class=\"ml-4\">Centre-Ville de Montr\u00e9al \u2014 Boutiques, th\u00e9\u00e2tres, festivals (15 minutes)<\/li>\n<li class=\"ml-4\">Universit\u00e9 McGill \u2014 Campus historique et mus\u00e9es (15 \u00e0 20 minutes)<\/li>\n<\/ul>\n                    <\/div>\n\t\t        \n                    <div id=\"un-trajet-rapide-tab\" class=\"clearfix eael-tab-content-item inactive\" data-title-link=\"un-trajet-rapide-tab\">\n\t\t\t\t        <h3 class=\"first:mt-1.5\">Un trajet rapide<\/h3>\n<ul class=\"list-disc\">\n<li class=\"ml-4\">La Ronde (Six Flags) \u2014 Man\u00e8ges et feux d&rsquo;artifice estivaux<\/li>\n<li class=\"ml-4\">Casino de Montr\u00e9al \u2014 Jeux, restaurants, spectacles<\/li>\n<li class=\"ml-4\">Jardin botanique \u2014 Jardins th\u00e9matiques et serres<\/li>\n<li class=\"ml-4\">Insectarium \u2014 Mus\u00e9e d&rsquo;insectes nouvellement transform\u00e9<\/li>\n<li class=\"ml-4\">Biod\u00f4me \u2014 \u00c9cosyst\u00e8mes, du tropical au subpolaire<\/li>\n<li class=\"ml-4\">Biosph\u00e8re \u2014 Mus\u00e9e de l&rsquo;environnement sur l&rsquo;\u00cele Sainte-H\u00e9l\u00e8ne<\/li>\n<li class=\"ml-4\">Parc olympique \u2014 Visites du stade et \u00e9v\u00e9nements<\/li>\n<li class=\"ml-4\">Stade IGA (Uniprix) \u2014 Site de tennis et \u00e9v\u00e9nements<\/li>\n<\/ul>\n                    <\/div>\n\t\t                    <\/div>\n        <\/div>\n\t\t\t\t<\/div>\n\t\t\t\t<\/div>\n\t\t\t\t<div class=\"elementor-element elementor-element-bc8962b elementor-widget elementor-widget-heading\" data-id=\"bc8962b\" data-element_type=\"widget\" data-e-type=\"widget\" data-widget_type=\"heading.default\">\n\t\t\t\t<div class=\"elementor-widget-container\">\n\t\t\t\t\t<h2 class=\"elementor-heading-title elementor-size-default\">Se d\u00e9placer<\/h2>\t\t\t\t<\/div>\n\t\t\t\t<\/div>\n\t\t\t\t<div class=\"elementor-element elementor-element-da4f5b1 elementor-widget elementor-widget-text-editor\" data-id=\"da4f5b1\" data-element_type=\"widget\" data-e-type=\"widget\" data-widget_type=\"text-editor.default\">\n\t\t\t\t<div class=\"elementor-widget-container\">\n\t\t\t\t\t\t\t\t\t<ul><li class=\"ml-4\">Marche : La plupart des sites d&rsquo;int\u00e9r\u00eat du Plateau Mont-Royal se trouvent \u00e0 10 \u00e0 25 minutes du Manoir aux Pains d&rsquo;\u00c9pices.<\/li><li class=\"ml-4\">M\u00e9tro : La station Mont-Royal vous connecte au Vieux-Montr\u00e9al, au Centre-Ville et au Village en quelques minutes.<\/li><li class=\"ml-4\">V\u00e9los BIXI : Stations \u00e0 proximit\u00e9 (avril \u00e0 novembre); demandez-nous les itin\u00e9raires et les conseils de s\u00e9curit\u00e9.<\/li><li class=\"ml-4\">Commencez votre journ\u00e9e avec notre d\u00e9jeuner maison, puis explorez \u00e0 pied.<\/li><li>Et bien s\u00fbr, <a href=\"https:\/\/www.gingerbreadmanor.com\/home\/plateau-mont-royal\/how-to-get-here\/\">comment s&rsquo;y rendre<\/a><\/li><\/ul>\t\t\t\t\t\t\t\t<\/div>\n\t\t\t\t<\/div>\n\t\t\t\t\t<\/div>\n\t\t<\/div>\n\t\t\t\t\t<\/div>\n\t\t<\/section>\n\t\t\t\t<\/div>\n\t\t","protected":false},"excerpt":{"rendered":"<p>Points d&rsquo;int\u00e9r\u00eat \u00e0 proximit\u00e9 sur le Plateau Mont-Royal Les sites d&rsquo;int\u00e9r\u00eat du Plateau Mont-Royal commencent juste devant le Manoir aux [&hellip;]<\/p>\n","protected":false},"author":1,"featured_media":8871,"parent":8961,"menu_order":1,"comment_status":"closed","ping_status":"closed","template":"elementor_header_footer","meta":{"_monsterinsights_skip_tracking":false,"_monsterinsights_sitenote_active":false,"_monsterinsights_sitenote_note":"","_monsterinsights_sitenote_category":0,"site-sidebar-layout":"default","site-content-layout":"","ast-site-content-layout":"default","site-content-style":"default","site-sidebar-style":"default","ast-global-header-display":"","ast-banner-title-visibility":"","ast-main-header-display":"","ast-hfb-above-header-display":"","ast-hfb-below-header-display":"","ast-hfb-mobile-header-display":"","site-post-title":"disabled","ast-breadcrumbs-content":"","ast-featured-img":"","footer-sml-layout":"","ast-disable-related-posts":"","theme-transparent-header-meta":"","adv-header-id-meta":"","stick-header-meta":"","header-above-stick-meta":"","header-main-stick-meta":"","header-below-stick-meta":"","astra-migrate-meta-layouts":"default","ast-page-background-enabled":"default","ast-page-background-meta":{"desktop":{"background-color":"var(--ast-global-color-5)","background-image":"","background-repeat":"repeat","background-position":"center center","background-size":"auto","background-attachment":"scroll","background-type":"","background-media":"","overlay-type":"","overlay-color":"","overlay-opacity":"","overlay-gradient":""},"tablet":{"background-color":"","background-image":"","background-repeat":"repeat","background-position":"center center","background-size":"auto","background-attachment":"scroll","background-type":"","background-media":"","overlay-type":"","overlay-color":"","overlay-opacity":"","overlay-gradient":""},"mobile":{"background-color":"","background-image":"","background-repeat":"repeat","background-position":"center center","background-size":"auto","background-attachment":"scroll","background-type":"","background-media":"","overlay-type":"","overlay-color":"","overlay-opacity":"","overlay-gradient":""}},"ast-content-background-meta":{"desktop":{"background-color":"var(--ast-global-color-4)","background-image":"","background-repeat":"repeat","background-position":"center center","background-size":"auto","background-attachment":"scroll","background-type":"","background-media":"","overlay-type":"","overlay-color":"","overlay-opacity":"","overlay-gradient":""},"tablet":{"background-color":"var(--ast-global-color-4)","background-image":"","background-repeat":"repeat","background-position":"center center","background-size":"auto","background-attachment":"scroll","background-type":"","background-media":"","overlay-type":"","overlay-color":"","overlay-opacity":"","overlay-gradient":""},"mobile":{"background-color":"var(--ast-global-color-4)","background-image":"","background-repeat":"repeat","background-position":"center center","background-size":"auto","background-attachment":"scroll","background-type":"","background-media":"","overlay-type":"","overlay-color":"","overlay-opacity":"","overlay-gradient":""}},"footnotes":""},"class_list":["post-5304","page","type-page","status-publish","has-post-thumbnail","hentry"],"_links":{"self":[{"href":"https:\/\/www.gingerbreadmanor.com\/fr\/wp-json\/wp\/v2\/pages\/5304","targetHints":{"allow":["GET"]}}],"collection":[{"href":"https:\/\/www.gingerbreadmanor.com\/fr\/wp-json\/wp\/v2\/pages"}],"about":[{"href":"https:\/\/www.gingerbreadmanor.com\/fr\/wp-json\/wp\/v2\/types\/page"}],"author":[{"embeddable":true,"href":"https:\/\/www.gingerbreadmanor.com\/fr\/wp-json\/wp\/v2\/users\/1"}],"replies":[{"embeddable":true,"href":"https:\/\/www.gingerbreadmanor.com\/fr\/wp-json\/wp\/v2\/comments?post=5304"}],"version-history":[{"count":2,"href":"https:\/\/www.gingerbreadmanor.com\/fr\/wp-json\/wp\/v2\/pages\/5304\/revisions"}],"predecessor-version":[{"id":42310,"href":"https:\/\/www.gingerbreadmanor.com\/fr\/wp-json\/wp\/v2\/pages\/5304\/revisions\/42310"}],"up":[{"embeddable":true,"href":"https:\/\/www.gingerbreadmanor.com\/fr\/wp-json\/wp\/v2\/pages\/8961"}],"wp:featuredmedia":[{"embeddable":true,"href":"https:\/\/www.gingerbreadmanor.com\/fr\/wp-json\/wp\/v2\/media\/8871"}],"wp:attachment":[{"href":"https:\/\/www.gingerbreadmanor.com\/fr\/wp-json\/wp\/v2\/media?parent=5304"}],"curies":[{"name":"wp","href":"https:\/\/api.w.org\/{rel}","templated":true}]}}