{"id":5307,"date":"2012-11-27T19:15:36","date_gmt":"2012-11-28T00:15:36","guid":{"rendered":"http:\/\/test.gingerbreadmanor.com\/la-maison\/"},"modified":"2026-01-30T12:42:09","modified_gmt":"2026-01-30T17:42:09","slug":"le-manoir","status":"publish","type":"page","link":"https:\/\/www.gingerbreadmanor.com\/fr\/le-manoir\/","title":{"rendered":"Le Manoir"},"content":{"rendered":"\t\t<div data-elementor-type=\"wp-page\" data-elementor-id=\"5307\" class=\"elementor elementor-5307 elementor-5005\" data-elementor-settings=\"{&quot;element_pack_global_tooltip_width&quot;:{&quot;unit&quot;:&quot;px&quot;,&quot;size&quot;:&quot;&quot;,&quot;sizes&quot;:[]},&quot;element_pack_global_tooltip_width_tablet&quot;:{&quot;unit&quot;:&quot;px&quot;,&quot;size&quot;:&quot;&quot;,&quot;sizes&quot;:[]},&quot;element_pack_global_tooltip_width_mobile&quot;:{&quot;unit&quot;:&quot;px&quot;,&quot;size&quot;:&quot;&quot;,&quot;sizes&quot;:[]},&quot;element_pack_global_tooltip_padding&quot;:{&quot;unit&quot;:&quot;px&quot;,&quot;top&quot;:&quot;&quot;,&quot;right&quot;:&quot;&quot;,&quot;bottom&quot;:&quot;&quot;,&quot;left&quot;:&quot;&quot;,&quot;isLinked&quot;:true},&quot;element_pack_global_tooltip_padding_tablet&quot;:{&quot;unit&quot;:&quot;px&quot;,&quot;top&quot;:&quot;&quot;,&quot;right&quot;:&quot;&quot;,&quot;bottom&quot;:&quot;&quot;,&quot;left&quot;:&quot;&quot;,&quot;isLinked&quot;:true},&quot;element_pack_global_tooltip_padding_mobile&quot;:{&quot;unit&quot;:&quot;px&quot;,&quot;top&quot;:&quot;&quot;,&quot;right&quot;:&quot;&quot;,&quot;bottom&quot;:&quot;&quot;,&quot;left&quot;:&quot;&quot;,&quot;isLinked&quot;:true},&quot;element_pack_global_tooltip_border_radius&quot;:{&quot;unit&quot;:&quot;px&quot;,&quot;top&quot;:&quot;&quot;,&quot;right&quot;:&quot;&quot;,&quot;bottom&quot;:&quot;&quot;,&quot;left&quot;:&quot;&quot;,&quot;isLinked&quot;:true},&quot;element_pack_global_tooltip_border_radius_tablet&quot;:{&quot;unit&quot;:&quot;px&quot;,&quot;top&quot;:&quot;&quot;,&quot;right&quot;:&quot;&quot;,&quot;bottom&quot;:&quot;&quot;,&quot;left&quot;:&quot;&quot;,&quot;isLinked&quot;:true},&quot;element_pack_global_tooltip_border_radius_mobile&quot;:{&quot;unit&quot;:&quot;px&quot;,&quot;top&quot;:&quot;&quot;,&quot;right&quot;:&quot;&quot;,&quot;bottom&quot;:&quot;&quot;,&quot;left&quot;:&quot;&quot;,&quot;isLinked&quot;:true}}\">\n\t\t\t\t\t\t<section class=\"elementor-section elementor-top-section elementor-element elementor-element-2b50a9ff elementor-section-boxed elementor-section-height-default elementor-section-height-default\" data-id=\"2b50a9ff\" data-element_type=\"section\" data-e-type=\"section\">\n\t\t\t\t\t\t<div class=\"elementor-container elementor-column-gap-default\">\n\t\t\t\t\t<div class=\"elementor-column elementor-col-100 elementor-top-column elementor-element elementor-element-46ab1faf\" data-id=\"46ab1faf\" data-element_type=\"column\" data-e-type=\"column\">\n\t\t\t<div class=\"elementor-widget-wrap elementor-element-populated\">\n\t\t\t\t\t\t<div class=\"elementor-element elementor-element-2e24fe6 elementor-widget elementor-widget-heading\" data-id=\"2e24fe6\" data-element_type=\"widget\" data-e-type=\"widget\" data-widget_type=\"heading.default\">\n\t\t\t\t<div class=\"elementor-widget-container\">\n\t\t\t\t\t<h1 class=\"elementor-heading-title elementor-size-default\">Vivez l'\u00e9l\u00e9gance victorienne au c\u0153ur de Montr\u00e9al<\/h1>\t\t\t\t<\/div>\n\t\t\t\t<\/div>\n\t\t\t\t<div class=\"elementor-element elementor-element-1c99e9a elementor-widget elementor-widget-text-editor\" data-id=\"1c99e9a\" data-element_type=\"widget\" data-e-type=\"widget\" data-widget_type=\"text-editor.default\">\n\t\t\t\t<div class=\"elementor-widget-container\">\n\t\t\t\t\t\t\t\t\t<p>Le Manoir aux Pains d&rsquo;\u00c9pices est un g\u00eete (chambre d&rsquo;h\u00f4te) victorien \u00e0 Montr\u00e9al, o\u00f9 le charme d&rsquo;\u00e9poque authentique rencontre le confort moderne. Entrez dans une maison de 1885 qui semble toujours vivante, entretenue et accueillante. <\/p>\t\t\t\t\t\t\t\t<\/div>\n\t\t\t\t<\/div>\n\t\t\t\t<div class=\"elementor-element elementor-element-eb8fe82 elementor-widget elementor-widget-heading\" data-id=\"eb8fe82\" data-element_type=\"widget\" data-e-type=\"widget\" data-widget_type=\"heading.default\">\n\t\t\t\t<div class=\"elementor-widget-container\">\n\t\t\t\t\t<h2 class=\"elementor-heading-title elementor-size-default\">Charme d'\u00e9poque, confort moderne bien pens\u00e9<\/h2>\t\t\t\t<\/div>\n\t\t\t\t<\/div>\n\t\t\t\t<section class=\"elementor-section elementor-inner-section elementor-element elementor-element-276394b elementor-section-boxed elementor-section-height-default elementor-section-height-default\" data-id=\"276394b\" data-element_type=\"section\" data-e-type=\"section\">\n\t\t\t\t\t\t<div class=\"elementor-container elementor-column-gap-default\">\n\t\t\t\t\t<div class=\"elementor-column elementor-col-50 elementor-inner-column elementor-element elementor-element-a194fa6\" data-id=\"a194fa6\" data-element_type=\"column\" data-e-type=\"column\">\n\t\t\t<div class=\"elementor-widget-wrap elementor-element-populated\">\n\t\t\t\t\t\t<div class=\"elementor-element elementor-element-cace967 elementor-widget elementor-widget-heading\" data-id=\"cace967\" data-element_type=\"widget\" data-e-type=\"widget\" data-widget_type=\"heading.default\">\n\t\t\t\t<div class=\"elementor-widget-container\">\n\t\t\t\t\t<h2 class=\"elementor-heading-title elementor-size-default\">Un g\u00eete victorien dans le Plateau Mont-Royal \u00e0 Montr\u00e9al<\/h2>\t\t\t\t<\/div>\n\t\t\t\t<\/div>\n\t\t\t\t<div class=\"elementor-element elementor-element-ba74cc3 elementor-widget elementor-widget-text-editor\" data-id=\"ba74cc3\" data-element_type=\"widget\" data-e-type=\"widget\" data-widget_type=\"text-editor.default\">\n\t\t\t\t<div class=\"elementor-widget-container\">\n\t\t\t\t\t\t\t\t\tConstruit en 1885 sur une terre ayant appartenu \u00e0 <a href=\"https:\/\/fr.wikipedia.org\/wiki\/Alexandre-Maurice_Delisle\" target=\"_blank\" rel=\"noopener\">Alexandre Maurice Delisle<\/a>, le Gingerbread Manor est situ\u00e9 sur l\u2019avenue Laval, une art\u00e8re souvent qualifi\u00e9e comme l\u2019une des plus belles de Montr\u00e9al. Le promoteur y a construit trois maisons en rang\u00e9e, notre manoir occupant la position centrale, et une grande partie du caract\u00e8re de l\u2019\u00e9poque a \u00e9t\u00e9 pr\u00e9serv\u00e9e. Vous y trouverez de la pierre grise classique, de hauts plafonds et des boiseries chaleureuses, le tout situ\u00e9 sur un tron\u00e7on paisible et bord\u00e9 d\u2019arbres, juste \u00e0 c\u00f4t\u00e9 du square Saint-Louis. Tout est \u00e0 port\u00e9e de main dans le quartier, notamment des caf\u00e9s, des boulangeries et un acc\u00e8s \u00e0 pied, en quelques minutes, \u00e0 la montagne ou au fleuve. D\u00e8s que vous franchissez le seuil, une atmosph\u00e8re calme et r\u00e9sidentielle s\u2019installe, tout comme on l\u2019attend d\u2019une v\u00e9ritable auberge victorienne.\t\t\t\t\t\t\t\t<\/div>\n\t\t\t\t<\/div>\n\t\t\t\t\t<\/div>\n\t\t<\/div>\n\t\t\t\t<div class=\"elementor-column elementor-col-50 elementor-inner-column elementor-element elementor-element-763e212\" data-id=\"763e212\" data-element_type=\"column\" data-e-type=\"column\">\n\t\t\t<div class=\"elementor-widget-wrap elementor-element-populated\">\n\t\t\t\t\t\t<div class=\"elementor-element elementor-element-af6f322 elementor-widget elementor-widget-image\" data-id=\"af6f322\" data-element_type=\"widget\" data-e-type=\"widget\" data-widget_type=\"image.default\">\n\t\t\t\t<div class=\"elementor-widget-container\">\n\t\t\t\t\t\t\t\t\t\t\t\t\t\t\t<img fetchpriority=\"high\" decoding=\"async\" width=\"940\" height=\"705\" src=\"https:\/\/www.gingerbreadmanor.com\/wp-content\/uploads\/2021\/05\/GingerbreadManor_Exterior1.jpeg\" class=\"attachment-full size-full wp-image-8313\" alt=\"Manoir au Pains d&#039;Epice Ext\u00e9rieur\" srcset=\"https:\/\/www.gingerbreadmanor.com\/wp-content\/uploads\/2021\/05\/GingerbreadManor_Exterior1.jpeg 940w, https:\/\/www.gingerbreadmanor.com\/wp-content\/uploads\/2021\/05\/GingerbreadManor_Exterior1-300x225.jpeg 300w, https:\/\/www.gingerbreadmanor.com\/wp-content\/uploads\/2021\/05\/GingerbreadManor_Exterior1-768x576.jpeg 768w\" sizes=\"(max-width: 940px) 100vw, 940px\" \/>\t\t\t\t\t\t\t\t\t\t\t\t\t\t\t<\/div>\n\t\t\t\t<\/div>\n\t\t\t\t\t<\/div>\n\t\t<\/div>\n\t\t\t\t\t<\/div>\n\t\t<\/section>\n\t\t\t\t<section class=\"elementor-section elementor-inner-section elementor-element elementor-element-4b55da1 elementor-section-boxed elementor-section-height-default elementor-section-height-default\" data-id=\"4b55da1\" data-element_type=\"section\" data-e-type=\"section\">\n\t\t\t\t\t\t<div class=\"elementor-container elementor-column-gap-default\">\n\t\t\t\t\t<div class=\"elementor-column elementor-col-100 elementor-inner-column elementor-element elementor-element-f4f6238\" data-id=\"f4f6238\" data-element_type=\"column\" data-e-type=\"column\">\n\t\t\t<div class=\"elementor-widget-wrap elementor-element-populated\">\n\t\t\t\t\t\t<div class=\"elementor-element elementor-element-ded7a3d elementor-widget elementor-widget-heading\" data-id=\"ded7a3d\" data-element_type=\"widget\" data-e-type=\"widget\" data-widget_type=\"heading.default\">\n\t\t\t\t<div class=\"elementor-widget-container\">\n\t\t\t\t\t<h2 class=\"elementor-heading-title elementor-size-default\">Plus qu'un s\u00e9jour, une histoire<\/h2>\t\t\t\t<\/div>\n\t\t\t\t<\/div>\n\t\t\t\t<div class=\"elementor-element elementor-element-d6ec0b8 elementor-widget elementor-widget-text-editor\" data-id=\"d6ec0b8\" data-element_type=\"widget\" data-e-type=\"widget\" data-widget_type=\"text-editor.default\">\n\t\t\t\t<div class=\"elementor-widget-container\">\n\t\t\t\t\t\t\t\t\t<p>Cette maison raconte son histoire dans les d\u00e9tails. L&rsquo;escalier s&rsquo;\u00e9l\u00e8ve en bois poli, veill\u00e9 par un lampadaire de type statue \u00e0 sa base. Des vitraux apparaissent comme de petites surprises au fur et \u00e0 mesure que vous circulez dans les pi\u00e8ces. La chambre Frontenac est orn\u00e9e d&rsquo;oiseaux en verre color\u00e9, tandis que les fen\u00eatres du salon contiennent d&rsquo;anciennes photographies qui captent la lumi\u00e8re de l&rsquo;apr\u00e8s-midi. On sent le soin qui a \u00e9t\u00e9 mis \u00e0 pr\u00e9server ce qui compte et \u00e0 moderniser ce qui aide. Les clients disent souvent que la maison fait partie de leur voyage, un lieu pour ralentir, lire quelques pages avant le d\u00e9jeuner et rentrer le soir.     <\/p>\t\t\t\t\t\t\t\t<\/div>\n\t\t\t\t<\/div>\n\t\t\t\t<div class=\"elementor-element elementor-element-5f12ec3 elementor-widget elementor-widget-heading\" data-id=\"5f12ec3\" data-element_type=\"widget\" data-e-type=\"widget\" data-widget_type=\"heading.default\">\n\t\t\t\t<div class=\"elementor-widget-container\">\n\t\t\t\t\t<h2 class=\"elementor-heading-title elementor-size-default\">Charme d'\u00e9poque, confort moderne bien pens\u00e9<\/h2>\t\t\t\t<\/div>\n\t\t\t\t<\/div>\n\t\t\t\t<div class=\"elementor-element elementor-element-2d76676 elementor-widget elementor-widget-text-editor\" data-id=\"2d76676\" data-element_type=\"widget\" data-e-type=\"widget\" data-widget_type=\"text-editor.default\">\n\t\t\t\t<div class=\"elementor-widget-container\">\n\t\t\t\t\t\t\t\t\t<p>Le petit-d\u00e9jeuner est servi tous les matins dans la salle \u00e0 manger. Il est v\u00e9g\u00e9tarien, compos\u00e9 d&rsquo;un plat chaud pr\u00e9par\u00e9 par le chef et d&rsquo;un menu diff\u00e9rent chaque jour. Nous utilisons des produits locaux lorsque disponibles. Chaque chambre comprend le Wi-Fi gratuit, des rideaux occultants et le chauffage central. L&rsquo;air climatis\u00e9 fonctionne de la Journ\u00e9e nationale des patriotes au Thanksgiving canadien. Les heures de tranquillit\u00e9 sont de 22 h \u00e0 7 h. Vous y trouverez l&rsquo;\u00e9quilibre que nous recherchons lorsque nous voyageons : le caract\u00e8re que l&rsquo;on voit et le confort que l&rsquo;on ressent. C&rsquo;est ce qui rend un g\u00eete historique du Plateau \u00e0 la fois pratique et m\u00e9morable.       <\/p>\t\t\t\t\t\t\t\t<\/div>\n\t\t\t\t<\/div>\n\t\t\t\t\t<\/div>\n\t\t<\/div>\n\t\t\t\t\t<\/div>\n\t\t<\/section>\n\t\t\t\t\t<\/div>\n\t\t<\/div>\n\t\t\t\t\t<\/div>\n\t\t<\/section>\n\t\t\t\t<section class=\"elementor-section elementor-top-section elementor-element elementor-element-1f64294 elementor-section-boxed elementor-section-height-default elementor-section-height-default\" data-id=\"1f64294\" data-element_type=\"section\" data-e-type=\"section\">\n\t\t\t\t\t\t<div class=\"elementor-container elementor-column-gap-default\">\n\t\t\t\t\t<div class=\"elementor-column elementor-col-100 elementor-top-column elementor-element elementor-element-e415f55\" data-id=\"e415f55\" data-element_type=\"column\" data-e-type=\"column\">\n\t\t\t<div class=\"elementor-widget-wrap elementor-element-populated\">\n\t\t\t\t\t\t<div class=\"elementor-element elementor-element-9799fd0 elementor-widget elementor-widget-image\" data-id=\"9799fd0\" data-element_type=\"widget\" data-e-type=\"widget\" data-widget_type=\"image.default\">\n\t\t\t\t<div class=\"elementor-widget-container\">\n\t\t\t\t\t\t\t\t\t\t\t\t\t\t\t<img decoding=\"async\" src=\"https:\/\/www.gingerbreadmanor.com\/wp-content\/uploads\/2025\/09\/OldMontrealSkyline.webp\" title=\"\" alt=\"Vieux Montreal\" loading=\"lazy\" \/>\t\t\t\t\t\t\t\t\t\t\t\t\t\t\t<\/div>\n\t\t\t\t<\/div>\n\t\t\t\t<div class=\"elementor-element elementor-element-488b030 elementor-widget elementor-widget-heading\" data-id=\"488b030\" data-element_type=\"widget\" data-e-type=\"widget\" data-widget_type=\"heading.default\">\n\t\t\t\t<div class=\"elementor-widget-container\">\n\t\t\t\t\t<h2 class=\"elementor-heading-title elementor-size-default\">R\u00e9veillez-vous \u00e0 Montr\u00e9al<\/h2>\t\t\t\t<\/div>\n\t\t\t\t<\/div>\n\t\t\t\t<div class=\"elementor-element elementor-element-b967502 elementor-widget elementor-widget-text-editor\" data-id=\"b967502\" data-element_type=\"widget\" data-e-type=\"widget\" data-widget_type=\"text-editor.default\">\n\t\t\t\t<div class=\"elementor-widget-container\">\n\t\t\t\t\t\t\t\t\t<p>L&#8217;emplacement est important, et le n\u00f4tre facilite l&rsquo;exploration. La station de m\u00e9tro Sherbrooke est \u00e0 400 m\u00e8tres, soit environ cinq minutes \u00e0 pied, et l&rsquo;autobus 24 circule sur la rue Sherbrooke. Les stations Berri-UQAM et Saint-Laurent sont \u00e9galement proches, \u00e0 environ 750 m\u00e8tres. Marchez deux minutes pour vous rendre au square Saint-Louis, un endroit tr\u00e8s appr\u00e9ci\u00e9 des gens du quartier, ou suivez les arbres de l&rsquo;avenue Laval. Le Vieux-Montr\u00e9al se trouve \u00e0 20 \u00e0 25 minutes de marche, selon l&rsquo;itin\u00e9raire que vous empruntez. La Place des Arts et le Quartier des spectacles sont \u00e0 environ 15 minutes. Le centre-ville est \u00e0 peu pr\u00e8s 25 minutes. Le Quartier latin est juste \u00e0 c\u00f4t\u00e9, avec des centaines de restaurants dans toutes les directions, allant des caf\u00e9s matinaux aux bistrots de fin de soir\u00e9e.       <\/p>\t\t\t\t\t\t\t\t<\/div>\n\t\t\t\t<\/div>\n\t\t\t\t<div class=\"elementor-element elementor-element-55ec1eb elementor-widget elementor-widget-heading\" data-id=\"55ec1eb\" data-element_type=\"widget\" data-e-type=\"widget\" data-widget_type=\"heading.default\">\n\t\t\t\t<div class=\"elementor-widget-container\">\n\t\t\t\t\t<h2 class=\"elementor-heading-title elementor-size-default\">Rencontrez vos h\u00f4tes<\/h2>\t\t\t\t<\/div>\n\t\t\t\t<\/div>\n\t\t\t\t<div class=\"elementor-element elementor-element-443da2f elementor-widget elementor-widget-text-editor\" data-id=\"443da2f\" data-element_type=\"widget\" data-e-type=\"widget\" data-widget_type=\"text-editor.default\">\n\t\t\t\t<div class=\"elementor-widget-container\">\n\t\t\t\t\t\t\t\t\t<p>Nous maintenons l&rsquo;attention sur la maison et sur votre s\u00e9jour en ville, mais nous sommes toujours pr\u00e9sents le matin pour servir le petit-d\u00e9jeuner, r\u00e9pondre aux questions et vous aider \u00e0 planifier la journ\u00e9e. Nous parlons anglais et fran\u00e7ais et serons ravis de vous sugg\u00e9rer un restaurant du quartier, de vous r\u00e9server une table ou de vous indiquer un coin tranquille du mont Royal. Si vous avez des besoins alimentaires particuliers, veuillez nous en informer au moment de la r\u00e9servation et nous ferons de notre mieux pour vous accommoder.  <\/p>\t\t\t\t\t\t\t\t<\/div>\n\t\t\t\t<\/div>\n\t\t\t\t<div class=\"elementor-element elementor-element-1828112 elementor-widget elementor-widget-heading\" data-id=\"1828112\" data-element_type=\"widget\" data-e-type=\"widget\" data-widget_type=\"heading.default\">\n\t\t\t\t<div class=\"elementor-widget-container\">\n\t\t\t\t\t<h2 class=\"elementor-heading-title elementor-size-default\">Chambres au Manoir aux Pains d'\u00c9pices<\/h2>\t\t\t\t<\/div>\n\t\t\t\t<\/div>\n\t\t\t\t<div class=\"elementor-element elementor-element-ce8df2b elementor-widget elementor-widget-text-editor\" data-id=\"ce8df2b\" data-element_type=\"widget\" data-e-type=\"widget\" data-widget_type=\"text-editor.default\">\n\t\t\t\t<div class=\"elementor-widget-container\">\n\t\t\t\t\t\t\t\t\t<p class=\"first:mt-1.5\">Chaque chambre allie le caract\u00e8re victorien au confort d&rsquo;aujourd&rsquo;hui. Choisissez l&rsquo;espace qui vous convient : <\/p><ul class=\"list-disc\"><li class=\"ml-4\"><a href=\"https:\/\/www.gingerbreadmanor.com\/accueil\/le-manoir\/chambres\/cartier\/?lang=fr\">Cartier<\/a> \u2014 Lit queen, salle de bain priv\u00e9e<\/li><li class=\"ml-4\"><a href=\"https:\/\/www.gingerbreadmanor.com\/accueil\/le-manoir\/chambres\/frontenac\/?lang=fr\">Frontenac<\/a> \u2014 Lit king, salle de bain commune d&rsquo;\u00e9poque authentique, vitrail orn\u00e9 d&rsquo;oiseaux, l&rsquo;une de nos plus grandes chambres<\/li><li class=\"ml-4\"><a href=\"https:\/\/www.gingerbreadmanor.com\/accueil\/le-manoir\/chambres\/carleton\/?lang=fr\">Carleton<\/a> \u2014 Lit queen, salle de bain commune d&rsquo;\u00e9poque authentique, balcon priv\u00e9, notre chambre la plus compacte<\/li><li class=\"ml-4\"><a href=\"https:\/\/www.gingerbreadmanor.com\/accueil\/le-manoir\/chambres\/de-maisonneuve\/?lang=fr\">deMaisonneuve<\/a> \u2014 Lit queen, salle de bain priv\u00e9e, au dernier \u00e9tage<\/li><li class=\"ml-4\"><a href=\"https:\/\/www.gingerbreadmanor.com\/fr\/chambres\/la-suite\/\">La Suite<\/a> \u2014 <a href=\"https:\/\/www.gingerbreadmanor.com\/fr\/chambres\/champlain\/\">Champlain<\/a> (lit tr\u00e8s grand format) ainsi que les chambres <a href=\"https:\/\/www.gingerbreadmanor.com\/fr\/chambres\/wolfe-montcalm\/\">Wolfe&amp;Montcalm<\/a> (lits grand format), vendues ensemble ou s\u00e9par\u00e9ment. Ensemble, elles disposent d\u2019une salle de bain priv\u00e9e situ\u00e9e dans le couloir. Vendues s\u00e9par\u00e9ment, elles se partagent cette salle de bain. La Champlain est l\u2019une de nos plus grandes chambres. La Wolfe&amp;Montcalm est l\u00e9g\u00e8rement plus vaste que la Carleton, mais elle ne dispose pas de balcon.<\/li><\/ul>\t\t\t\t\t\t\t\t<\/div>\n\t\t\t\t<\/div>\n\t\t\t\t<div class=\"elementor-element elementor-element-0437bab elementor-widget elementor-widget-heading\" data-id=\"0437bab\" data-element_type=\"widget\" data-e-type=\"widget\" data-widget_type=\"heading.default\">\n\t\t\t\t<div class=\"elementor-widget-container\">\n\t\t\t\t\t<h2 class=\"elementor-heading-title elementor-size-default\">Planifiez votre s\u00e9jour<\/h2>\t\t\t\t<\/div>\n\t\t\t\t<\/div>\n\t\t\t\t<div class=\"elementor-element elementor-element-b7aca88 elementor-widget elementor-widget-text-editor\" data-id=\"b7aca88\" data-element_type=\"widget\" data-e-type=\"widget\" data-widget_type=\"text-editor.default\">\n\t\t\t\t<div class=\"elementor-widget-container\">\n\t\t\t\t\t\t\t\t\t<p>L&rsquo;arriv\u00e9e s&rsquo;effectue enti\u00e8rement en mode auto-enregistrement, \u00e0 partir de 15 h. Si vous avez besoin que la chambre soit pr\u00eate \u00e0 midi ou avant 14 h 55, une option d&rsquo;arriv\u00e9e anticip\u00e9e payante est disponible. Nous avons deux places de garage derri\u00e8re la maison, chacune \u00e9quip\u00e9e d&rsquo;une borne de recharge Tesla. Les places peuvent \u00eatre r\u00e9serv\u00e9es au moment de la r\u00e9servation. Vous trouverez \u00e9galement des options de stationnement int\u00e9rieur \u00e0 proximit\u00e9, un stationnement dans la rue limit\u00e9 et des vignettes municipales pour vous garer dans les zones \u00ab r\u00e9sidents \u00bb. Tous les d\u00e9tails sont disponibles sur notre<a href=\"https:\/\/www.gingerbreadmanor.com\/home\/the-manor\/parking\/\"> page de stationnement<\/a>. Nous faisons le recyclage et le compostage, et nous demandons \u00e0 nos clients d\u2019y participer. La maison demeure paisible gr\u00e2ce aux heures de tranquillit\u00e9, soit de 22 h \u00e0 7 h. Lorsque vous \u00eates pr\u00eat \u00e0 planifier votre s\u00e9jour, n&rsquo;h\u00e9sitez pas \u00e0 communiquer avec nous via notre <a href=\"https:\/\/www.gingerbreadmanor.com\/home\/contact\/\">page de contact<\/a> pour toute question, et il nous fera plaisir de vous aider.        <\/p>\t\t\t\t\t\t\t\t<\/div>\n\t\t\t\t<\/div>\n\t\t\t\t\t<\/div>\n\t\t<\/div>\n\t\t\t\t\t<\/div>\n\t\t<\/section>\n\t\t\t\t<\/div>\n\t\t","protected":false},"excerpt":{"rendered":"<p>Vivez l&rsquo;\u00e9l\u00e9gance victorienne au c\u0153ur de Montr\u00e9al Le Manoir aux Pains d&rsquo;\u00c9pices est un g\u00eete (chambre d&rsquo;h\u00f4te) victorien \u00e0 Montr\u00e9al, [&hellip;]<\/p>\n","protected":false},"author":1,"featured_media":37855,"parent":0,"menu_order":1,"comment_status":"closed","ping_status":"closed","template":"elementor_header_footer","meta":{"_monsterinsights_skip_tracking":false,"_monsterinsights_sitenote_active":false,"_monsterinsights_sitenote_note":"","_monsterinsights_sitenote_category":0,"site-sidebar-layout":"default","site-content-layout":"","ast-site-content-layout":"default","site-content-style":"default","site-sidebar-style":"default","ast-global-header-display":"","ast-banner-title-visibility":"","ast-main-header-display":"","ast-hfb-above-header-display":"","ast-hfb-below-header-display":"","ast-hfb-mobile-header-display":"","site-post-title":"disabled","ast-breadcrumbs-content":"","ast-featured-img":"","footer-sml-layout":"","ast-disable-related-posts":"","theme-transparent-header-meta":"","adv-header-id-meta":"","stick-header-meta":"","header-above-stick-meta":"","header-main-stick-meta":"","header-below-stick-meta":"","astra-migrate-meta-layouts":"default","ast-page-background-enabled":"default","ast-page-background-meta":{"desktop":{"background-color":"var(--ast-global-color-5)","background-image":"","background-repeat":"repeat","background-position":"center center","background-size":"auto","background-attachment":"scroll","background-type":"","background-media":"","overlay-type":"","overlay-color":"","overlay-opacity":"","overlay-gradient":""},"tablet":{"background-color":"","background-image":"","background-repeat":"repeat","background-position":"center center","background-size":"auto","background-attachment":"scroll","background-type":"","background-media":"","overlay-type":"","overlay-color":"","overlay-opacity":"","overlay-gradient":""},"mobile":{"background-color":"","background-image":"","background-repeat":"repeat","background-position":"center center","background-size":"auto","background-attachment":"scroll","background-type":"","background-media":"","overlay-type":"","overlay-color":"","overlay-opacity":"","overlay-gradient":""}},"ast-content-background-meta":{"desktop":{"background-color":"var(--ast-global-color-4)","background-image":"","background-repeat":"repeat","background-position":"center center","background-size":"auto","background-attachment":"scroll","background-type":"","background-media":"","overlay-type":"","overlay-color":"","overlay-opacity":"","overlay-gradient":""},"tablet":{"background-color":"var(--ast-global-color-4)","background-image":"","background-repeat":"repeat","background-position":"center center","background-size":"auto","background-attachment":"scroll","background-type":"","background-media":"","overlay-type":"","overlay-color":"","overlay-opacity":"","overlay-gradient":""},"mobile":{"background-color":"var(--ast-global-color-4)","background-image":"","background-repeat":"repeat","background-position":"center center","background-size":"auto","background-attachment":"scroll","background-type":"","background-media":"","overlay-type":"","overlay-color":"","overlay-opacity":"","overlay-gradient":""}},"footnotes":""},"class_list":["post-5307","page","type-page","status-publish","has-post-thumbnail","hentry"],"_links":{"self":[{"href":"https:\/\/www.gingerbreadmanor.com\/fr\/wp-json\/wp\/v2\/pages\/5307","targetHints":{"allow":["GET"]}}],"collection":[{"href":"https:\/\/www.gingerbreadmanor.com\/fr\/wp-json\/wp\/v2\/pages"}],"about":[{"href":"https:\/\/www.gingerbreadmanor.com\/fr\/wp-json\/wp\/v2\/types\/page"}],"author":[{"embeddable":true,"href":"https:\/\/www.gingerbreadmanor.com\/fr\/wp-json\/wp\/v2\/users\/1"}],"replies":[{"embeddable":true,"href":"https:\/\/www.gingerbreadmanor.com\/fr\/wp-json\/wp\/v2\/comments?post=5307"}],"version-history":[{"count":2,"href":"https:\/\/www.gingerbreadmanor.com\/fr\/wp-json\/wp\/v2\/pages\/5307\/revisions"}],"predecessor-version":[{"id":42299,"href":"https:\/\/www.gingerbreadmanor.com\/fr\/wp-json\/wp\/v2\/pages\/5307\/revisions\/42299"}],"wp:featuredmedia":[{"embeddable":true,"href":"https:\/\/www.gingerbreadmanor.com\/fr\/wp-json\/wp\/v2\/media\/37855"}],"wp:attachment":[{"href":"https:\/\/www.gingerbreadmanor.com\/fr\/wp-json\/wp\/v2\/media?parent=5307"}],"curies":[{"name":"wp","href":"https:\/\/api.w.org\/{rel}","templated":true}]}}