{"id":5939,"date":"2013-06-15T19:06:19","date_gmt":"2013-06-16T00:06:19","guid":{"rendered":"https:\/\/www.gingerbreadmanor.com\/chambres\/"},"modified":"2026-01-28T14:12:04","modified_gmt":"2026-01-28T19:12:04","slug":"chambres","status":"publish","type":"page","link":"https:\/\/www.gingerbreadmanor.com\/fr\/chambres\/","title":{"rendered":"Chambres"},"content":{"rendered":"\t\t<div data-elementor-type=\"wp-page\" data-elementor-id=\"5939\" class=\"elementor elementor-5939 elementor-5614\" data-elementor-settings=\"{&quot;element_pack_global_tooltip_width&quot;:{&quot;unit&quot;:&quot;px&quot;,&quot;size&quot;:&quot;&quot;,&quot;sizes&quot;:[]},&quot;element_pack_global_tooltip_width_tablet&quot;:{&quot;unit&quot;:&quot;px&quot;,&quot;size&quot;:&quot;&quot;,&quot;sizes&quot;:[]},&quot;element_pack_global_tooltip_width_mobile&quot;:{&quot;unit&quot;:&quot;px&quot;,&quot;size&quot;:&quot;&quot;,&quot;sizes&quot;:[]},&quot;element_pack_global_tooltip_padding&quot;:{&quot;unit&quot;:&quot;px&quot;,&quot;top&quot;:&quot;&quot;,&quot;right&quot;:&quot;&quot;,&quot;bottom&quot;:&quot;&quot;,&quot;left&quot;:&quot;&quot;,&quot;isLinked&quot;:true},&quot;element_pack_global_tooltip_padding_tablet&quot;:{&quot;unit&quot;:&quot;px&quot;,&quot;top&quot;:&quot;&quot;,&quot;right&quot;:&quot;&quot;,&quot;bottom&quot;:&quot;&quot;,&quot;left&quot;:&quot;&quot;,&quot;isLinked&quot;:true},&quot;element_pack_global_tooltip_padding_mobile&quot;:{&quot;unit&quot;:&quot;px&quot;,&quot;top&quot;:&quot;&quot;,&quot;right&quot;:&quot;&quot;,&quot;bottom&quot;:&quot;&quot;,&quot;left&quot;:&quot;&quot;,&quot;isLinked&quot;:true},&quot;element_pack_global_tooltip_border_radius&quot;:{&quot;unit&quot;:&quot;px&quot;,&quot;top&quot;:&quot;&quot;,&quot;right&quot;:&quot;&quot;,&quot;bottom&quot;:&quot;&quot;,&quot;left&quot;:&quot;&quot;,&quot;isLinked&quot;:true},&quot;element_pack_global_tooltip_border_radius_tablet&quot;:{&quot;unit&quot;:&quot;px&quot;,&quot;top&quot;:&quot;&quot;,&quot;right&quot;:&quot;&quot;,&quot;bottom&quot;:&quot;&quot;,&quot;left&quot;:&quot;&quot;,&quot;isLinked&quot;:true},&quot;element_pack_global_tooltip_border_radius_mobile&quot;:{&quot;unit&quot;:&quot;px&quot;,&quot;top&quot;:&quot;&quot;,&quot;right&quot;:&quot;&quot;,&quot;bottom&quot;:&quot;&quot;,&quot;left&quot;:&quot;&quot;,&quot;isLinked&quot;:true}}\">\n\t\t\t\t\t\t<section class=\"elementor-section elementor-top-section elementor-element elementor-element-bbef856 elementor-section-boxed elementor-section-height-default elementor-section-height-default\" data-id=\"bbef856\" data-element_type=\"section\" data-e-type=\"section\">\n\t\t\t\t\t\t<div class=\"elementor-container elementor-column-gap-default\">\n\t\t\t\t\t<div class=\"elementor-column elementor-col-100 elementor-top-column elementor-element elementor-element-1a5f46c\" data-id=\"1a5f46c\" data-element_type=\"column\" data-e-type=\"column\">\n\t\t\t<div class=\"elementor-widget-wrap elementor-element-populated\">\n\t\t\t\t\t\t<div class=\"elementor-element elementor-element-580af0a elementor-widget elementor-widget-heading\" data-id=\"580af0a\" data-element_type=\"widget\" data-e-type=\"widget\" data-widget_type=\"heading.default\">\n\t\t\t\t<div class=\"elementor-widget-container\">\n\t\t\t\t\t<h1 class=\"elementor-heading-title elementor-size-default\">Chambres du Manoir aux Pains d'\u00c9pices<\/h1>\t\t\t\t<\/div>\n\t\t\t\t<\/div>\n\t\t\t\t<div class=\"elementor-element elementor-element-e4e45f6 elementor-widget elementor-widget-heading\" data-id=\"e4e45f6\" data-element_type=\"widget\" data-e-type=\"widget\" data-widget_type=\"heading.default\">\n\t\t\t\t<div class=\"elementor-widget-container\">\n\t\t\t\t\t<h2 class=\"elementor-heading-title elementor-size-default\">Chambres confortables (Grand lit \"Queen\")<\/h2>\t\t\t\t<\/div>\n\t\t\t\t<\/div>\n\t\t\t\t<div class=\"elementor-element elementor-element-d00322d elementor-widget elementor-widget-eael-image-accordion\" data-id=\"d00322d\" data-element_type=\"widget\" data-e-type=\"widget\" data-widget_type=\"eael-image-accordion.default\">\n\t\t\t\t<div class=\"elementor-widget-container\">\n\t\t\t\t\t    <div class=\"eael-img-accordion accordion-direction-horizontal eael-img-accordion-horizontal-align-center eael-img-accordion-vertical-align-center\" id=\"eael-img-accordion-d00322d\" data-img-accordion-id=\"d00322d\" data-img-accordion-type=\"on-hover\">\n                    \n            <div class=\"eael-image-accordion-hover eael-image-accordion-item\" style=\"background-image: url(https:\/\/www.gingerbreadmanor.com\/wp-content\/uploads\/2023\/02\/carleton_bedshot.jpg);\"  tabindex=\"0\">\n                <div class=\"overlay\">\n                                        <div class=\"overlay-inner \">\n                        <a href=\"https:\/\/www.gingerbreadmanor.com\/fr\/accueil\/le-manoir\/chambres\/carleton\/\"><h3 class=\"img-accordion-title\">Carleton<\/h3><\/a>                            <p><p>Un \u00e9tage plus haut<\/p>\n<\/p>\n                                            <\/div>\n                <\/div>\n            <\/div>\n                    \n            <div class=\"eael-image-accordion-hover eael-image-accordion-item\" style=\"background-image: url(https:\/\/www.gingerbreadmanor.com\/wp-content\/uploads\/2025\/10\/WolfeMontcalm_Bed.webp);\"  tabindex=\"0\">\n                <div class=\"overlay\">\n                                        <div class=\"overlay-inner \">\n                        <a href=\"https:\/\/www.gingerbreadmanor.com\/fr\/accueil\/le-manoir\/chambres\/la-suite\/wolfe-montcalm\/\"><h3 class=\"img-accordion-title\">Wolfe&amp;Montcalm<\/h3><\/a>                            <p><p>Dernier \u00e9tage<\/p>\n<\/p>\n                                            <\/div>\n                <\/div>\n            <\/div>\n                <\/div>\n        <style typr=\"text\/css\">\n                    #eael-img-accordion-d00322d .eael-image-accordion-hover:hover {\n                        flex: 3 1 0% !important;\n                    }\n                    #eael-img-accordion-d00322d .eael-image-accordion-hover:hover:hover .overlay-inner * {\n                        opacity: 1;\n                        visibility: visible;\n                        transform: none;\n                        transition: all .3s .3s;\n                    }\n                <\/style>\t\t\t\t<\/div>\n\t\t\t\t<\/div>\n\t\t\t\t<div class=\"elementor-element elementor-element-8414592 elementor-widget elementor-widget-heading\" data-id=\"8414592\" data-element_type=\"widget\" data-e-type=\"widget\" data-widget_type=\"heading.default\">\n\t\t\t\t<div class=\"elementor-widget-container\">\n\t\t\t\t\t<h2 class=\"elementor-heading-title elementor-size-default\">Grandes chambres (Tr\u00e9s grand lit \"King\")<\/h2>\t\t\t\t<\/div>\n\t\t\t\t<\/div>\n\t\t\t\t<div class=\"elementor-element elementor-element-e478da0 elementor-widget elementor-widget-eael-image-accordion\" data-id=\"e478da0\" data-element_type=\"widget\" data-e-type=\"widget\" data-widget_type=\"eael-image-accordion.default\">\n\t\t\t\t<div class=\"elementor-widget-container\">\n\t\t\t\t\t    <div class=\"eael-img-accordion accordion-direction-horizontal eael-img-accordion-horizontal-align-center eael-img-accordion-vertical-align-center\" id=\"eael-img-accordion-e478da0\" data-img-accordion-id=\"e478da0\" data-img-accordion-type=\"on-hover\">\n                    \n            <div class=\"eael-image-accordion-hover eael-image-accordion-item\" style=\"background-image: url(https:\/\/www.gingerbreadmanor.com\/wp-content\/uploads\/2024\/02\/frontenac-bed-2023.webp);\"  tabindex=\"0\">\n                <div class=\"overlay\">\n                                        <div class=\"overlay-inner \">\n                        <a href=\"https:\/\/www.gingerbreadmanor.com\/fr\/accueil\/le-manoir\/chambres\/frontenac\/\"><h3 class=\"img-accordion-title\">Frontenac<\/h3><\/a>                            <p><p>Un \u00e9tage plus haut<\/p>\n<\/p>\n                                            <\/div>\n                <\/div>\n            <\/div>\n                    \n            <div class=\"eael-image-accordion-hover eael-image-accordion-item\" style=\"background-image: url(https:\/\/www.gingerbreadmanor.com\/wp-content\/uploads\/2024\/02\/champlain-bed-2024.webp);\"  tabindex=\"0\">\n                <div class=\"overlay\">\n                                        <div class=\"overlay-inner \">\n                        <a href=\"https:\/\/www.gingerbreadmanor.com\/fr\/accueil\/le-manoir\/chambres\/la-suite\/champlain\/\"><h3 class=\"img-accordion-title\">Champlain<\/h3><\/a>                            <p><p>Dernier \u00e9tage<\/p>\n<\/p>\n                                            <\/div>\n                <\/div>\n            <\/div>\n                <\/div>\n        <style typr=\"text\/css\">\n                    #eael-img-accordion-e478da0 .eael-image-accordion-hover:hover {\n                        flex: 3 1 0% !important;\n                    }\n                    #eael-img-accordion-e478da0 .eael-image-accordion-hover:hover:hover .overlay-inner * {\n                        opacity: 1;\n                        visibility: visible;\n                        transform: none;\n                        transition: all .3s .3s;\n                    }\n                <\/style>\t\t\t\t<\/div>\n\t\t\t\t<\/div>\n\t\t\t\t<div class=\"elementor-element elementor-element-2e53a94 elementor-widget elementor-widget-heading\" data-id=\"2e53a94\" data-element_type=\"widget\" data-e-type=\"widget\" data-widget_type=\"heading.default\">\n\t\t\t\t<div class=\"elementor-widget-container\">\n\t\t\t\t\t<h2 class=\"elementor-heading-title elementor-size-default\">Salle de Bain Priv\u00e9 (Grand Lit \"Queen\")<\/h2>\t\t\t\t<\/div>\n\t\t\t\t<\/div>\n\t\t\t\t<div class=\"elementor-element elementor-element-53f04b2 elementor-widget elementor-widget-eael-image-accordion\" data-id=\"53f04b2\" data-element_type=\"widget\" data-e-type=\"widget\" data-widget_type=\"eael-image-accordion.default\">\n\t\t\t\t<div class=\"elementor-widget-container\">\n\t\t\t\t\t    <div class=\"eael-img-accordion accordion-direction-horizontal eael-img-accordion-horizontal-align-center eael-img-accordion-vertical-align-center\" id=\"eael-img-accordion-53f04b2\" data-img-accordion-id=\"53f04b2\" data-img-accordion-type=\"on-hover\">\n                    \n            <div class=\"eael-image-accordion-hover eael-image-accordion-item\" style=\"background-image: url(https:\/\/www.gingerbreadmanor.com\/wp-content\/uploads\/2025\/09\/Cartier_20240211.webp);\"  tabindex=\"0\">\n                <div class=\"overlay\">\n                                        <div class=\"overlay-inner \">\n                        <a href=\"https:\/\/www.gingerbreadmanor.com\/fr\/accueil\/le-manoir\/chambres\/cartier\/\"><h3 class=\"img-accordion-title\">Cartier<\/h3><\/a>                            <p><p>Un \u00e9tage plus haut<\/p>\n<\/p>\n                                            <\/div>\n                <\/div>\n            <\/div>\n                    \n            <div class=\"eael-image-accordion-hover eael-image-accordion-item\" style=\"background-image: url(https:\/\/www.gingerbreadmanor.com\/wp-content\/uploads\/2024\/02\/demaisonneuve_bed_20240211.webp);\"  tabindex=\"0\">\n                <div class=\"overlay\">\n                                        <div class=\"overlay-inner \">\n                        <a href=\"https:\/\/www.gingerbreadmanor.com\/fr\/accueil\/le-manoir\/chambres\/de-maisonneuve\/\"><h3 class=\"img-accordion-title\">deMaisonneuve<\/h3><\/a>                            <p><p>Dernier \u00e9tage<\/p>\n<\/p>\n                                            <\/div>\n                <\/div>\n            <\/div>\n                <\/div>\n        <style typr=\"text\/css\">\n                    #eael-img-accordion-53f04b2 .eael-image-accordion-hover:hover {\n                        flex: 3 1 0% !important;\n                    }\n                    #eael-img-accordion-53f04b2 .eael-image-accordion-hover:hover:hover .overlay-inner * {\n                        opacity: 1;\n                        visibility: visible;\n                        transform: none;\n                        transition: all .3s .3s;\n                    }\n                <\/style>\t\t\t\t<\/div>\n\t\t\t\t<\/div>\n\t\t\t\t<div class=\"elementor-element elementor-element-9a4596e elementor-widget elementor-widget-heading\" data-id=\"9a4596e\" data-element_type=\"widget\" data-e-type=\"widget\" data-widget_type=\"heading.default\">\n\t\t\t\t<div class=\"elementor-widget-container\">\n\t\t\t\t\t<h2 class=\"elementor-heading-title elementor-size-default\">La Suite (Tr\u00e8s Grand Lit \"King\" &amp; Grand Lit \"Queen\")<\/h2>\t\t\t\t<\/div>\n\t\t\t\t<\/div>\n\t\t\t\t<div class=\"elementor-element elementor-element-e5c4942 elementor-widget elementor-widget-eael-image-accordion\" data-id=\"e5c4942\" data-element_type=\"widget\" data-e-type=\"widget\" data-widget_type=\"eael-image-accordion.default\">\n\t\t\t\t<div class=\"elementor-widget-container\">\n\t\t\t\t\t    <div class=\"eael-img-accordion accordion-direction-horizontal eael-img-accordion-horizontal-align-center eael-img-accordion-vertical-align-center\" id=\"eael-img-accordion-e5c4942\" data-img-accordion-id=\"e5c4942\" data-img-accordion-type=\"on-hover\">\n                    \n            <div class=\"eael-image-accordion-hover eael-image-accordion-item\" style=\"background-image: url(https:\/\/www.gingerbreadmanor.com\/wp-content\/uploads\/2024\/02\/champlain-bed-2024.webp);\"  tabindex=\"0\">\n                <div class=\"overlay\">\n                                        <div class=\"overlay-inner \">\n                        <a href=\"https:\/\/www.gingerbreadmanor.com\/fr\/accueil\/le-manoir\/chambres\/la-suite\/champlain\/\"><h3 class=\"img-accordion-title\">Champlain<\/h3><\/a>                            <p><p>Dernier \u00e9tage<\/p>\n<\/p>\n                                            <\/div>\n                <\/div>\n            <\/div>\n                    \n            <div class=\"eael-image-accordion-hover eael-image-accordion-item\" style=\"background-image: url(https:\/\/www.gingerbreadmanor.com\/wp-content\/uploads\/2025\/10\/WolfeMontcalm_Bed.webp);\"  tabindex=\"0\">\n                <div class=\"overlay\">\n                                        <div class=\"overlay-inner \">\n                        <a href=\"https:\/\/www.gingerbreadmanor.com\/fr\/accueil\/le-manoir\/chambres\/la-suite\/wolfe-montcalm\/\"><h3 class=\"img-accordion-title\">Wolfe&amp;Montcalm<\/h3><\/a>                            <p><p>Dernier \u00e9tage<\/p>\n<\/p>\n                                            <\/div>\n                <\/div>\n            <\/div>\n                <\/div>\n        <style typr=\"text\/css\">\n                    #eael-img-accordion-e5c4942 .eael-image-accordion-hover:hover {\n                        flex: 3 1 0% !important;\n                    }\n                    #eael-img-accordion-e5c4942 .eael-image-accordion-hover:hover:hover .overlay-inner * {\n                        opacity: 1;\n                        visibility: visible;\n                        transform: none;\n                        transition: all .3s .3s;\n                    }\n                <\/style>\t\t\t\t<\/div>\n\t\t\t\t<\/div>\n\t\t\t\t<div class=\"elementor-element elementor-element-74f636e elementor-widget elementor-widget-text-editor\" data-id=\"74f636e\" data-element_type=\"widget\" data-e-type=\"widget\" data-widget_type=\"text-editor.default\">\n\t\t\t\t<div class=\"elementor-widget-container\">\n\t\t\t\t\t\t\t\t\t<p>Salle de bain priv\u00e9e d\u00e9tach\u00e9e lorsqu&rsquo;elle est r\u00e9serv\u00e9e ensemble<\/p>\t\t\t\t\t\t\t\t<\/div>\n\t\t\t\t<\/div>\n\t\t\t\t<div class=\"elementor-element elementor-element-04ad8c7 elementor-widget elementor-widget-heading\" data-id=\"04ad8c7\" data-element_type=\"widget\" data-e-type=\"widget\" data-widget_type=\"heading.default\">\n\t\t\t\t<div class=\"elementor-widget-container\">\n\t\t\t\t\t<h2 class=\"elementor-heading-title elementor-size-default\">\u00c9quipements standards<\/h2>\t\t\t\t<\/div>\n\t\t\t\t<\/div>\n\t\t\t\t<div class=\"elementor-element elementor-element-7e90d06 elementor-widget elementor-widget-text-editor\" data-id=\"7e90d06\" data-element_type=\"widget\" data-e-type=\"widget\" data-widget_type=\"text-editor.default\">\n\t\t\t\t<div class=\"elementor-widget-container\">\n\t\t\t\t\t\t\t\t\t<p><img decoding=\"async\" src=\"https:\/\/www.gingerbreadmanor.com\/wp-content\/uploads\/2013\/06\/amenity-no-smoking.png\" alt=\"Sans fum\u00e9e\" width=\"16\" height=\"16\"> Sans fum\u00e9e<br><img decoding=\"async\" src=\"https:\/\/www.gingerbreadmanor.com\/wp-content\/uploads\/2013\/06\/amenity-alarm_clock.png\" alt=\"Radio-R\u00e9veil\" width=\"16\" height=\"16\">Radio-R\u00e9veil<br><img decoding=\"async\" src=\"https:\/\/www.gingerbreadmanor.com\/wp-content\/uploads\/2013\/06\/amenity-breakfast.png\" alt=\"Petit D\u00e9jeuner\" width=\"16\" height=\"16\"> Petit-d\u00e9jeuner<br><img loading=\"lazy\" decoding=\"async\" src=\"https:\/\/www.gingerbreadmanor.com\/wp-content\/uploads\/2013\/06\/amenity-thermometer.png\" alt=\"Climatis\u00e9\" width=\"16\" height=\"16\"> Climatis\u00e9<br><img loading=\"lazy\" decoding=\"async\" src=\"https:\/\/www.gingerbreadmanor.com\/wp-content\/uploads\/2013\/06\/amenity-glass.png\" alt=\"Verres\" width=\"16\" height=\"16\"> Verres \u00e0 vin<br><img loading=\"lazy\" decoding=\"async\" src=\"https:\/\/www.gingerbreadmanor.com\/wp-content\/uploads\/2013\/06\/amenity-iron.png\" alt=\"fer \u00e0 repasser\" width=\"16\" height=\"16\"> Ironing board and Iron<br><img loading=\"lazy\" decoding=\"async\" src=\"https:\/\/www.gingerbreadmanor.com\/wp-content\/uploads\/2013\/06\/amenity-tv.png\" alt=\"TV\" width=\"16\" height=\"16\"> T\u00e9l\u00e9vision par \u00ab\u00a0c\u00e2ble\u00a0\u00bb\/en continu<br><img loading=\"lazy\" decoding=\"async\" src=\"https:\/\/www.gingerbreadmanor.com\/wp-content\/uploads\/2013\/06\/amenity-hair-dryer.png\" alt=\"S\u00e9choir \u00e0 cheveux\" width=\"16\" height=\"16\"> S\u00e9choir \u00e0 cheveux (salle de bain)<br><img loading=\"lazy\" decoding=\"async\" src=\"https:\/\/www.gingerbreadmanor.com\/wp-content\/uploads\/2013\/06\/amenity-wifi.png\" alt=\"wifi\" width=\"21\" height=\"21\">Internet sans-fils (\u00ab\u00a0wi-fi\u00a0\u00bb)<\/p>\t\t\t\t\t\t\t\t<\/div>\n\t\t\t\t<\/div>\n\t\t\t\t\t<\/div>\n\t\t<\/div>\n\t\t\t\t\t<\/div>\n\t\t<\/section>\n\t\t\t\t<\/div>\n\t\t","protected":false},"excerpt":{"rendered":"<p>Chambres du Manoir aux Pains d&rsquo;\u00c9pices Chambres confortables (Grand lit \u00ab\u00a0Queen\u00a0\u00bb) Carleton Un \u00e9tage plus haut Wolfe&amp;Montcalm Dernier \u00e9tage Grandes [&hellip;]<\/p>\n","protected":false},"author":2,"featured_media":8873,"parent":0,"menu_order":1,"comment_status":"closed","ping_status":"closed","template":"elementor_header_footer","meta":{"_monsterinsights_skip_tracking":false,"_monsterinsights_sitenote_active":false,"_monsterinsights_sitenote_note":"","_monsterinsights_sitenote_category":0,"site-sidebar-layout":"default","site-content-layout":"","ast-site-content-layout":"default","site-content-style":"default","site-sidebar-style":"default","ast-global-header-display":"","ast-banner-title-visibility":"","ast-main-header-display":"","ast-hfb-above-header-display":"","ast-hfb-below-header-display":"","ast-hfb-mobile-header-display":"","site-post-title":"disabled","ast-breadcrumbs-content":"","ast-featured-img":"","footer-sml-layout":"","ast-disable-related-posts":"","theme-transparent-header-meta":"","adv-header-id-meta":"","stick-header-meta":"","header-above-stick-meta":"","header-main-stick-meta":"","header-below-stick-meta":"","astra-migrate-meta-layouts":"default","ast-page-background-enabled":"default","ast-page-background-meta":{"desktop":{"background-color":"var(--ast-global-color-5)","background-image":"","background-repeat":"repeat","background-position":"center center","background-size":"auto","background-attachment":"scroll","background-type":"","background-media":"","overlay-type":"","overlay-color":"","overlay-opacity":"","overlay-gradient":""},"tablet":{"background-color":"","background-image":"","background-repeat":"repeat","background-position":"center center","background-size":"auto","background-attachment":"scroll","background-type":"","background-media":"","overlay-type":"","overlay-color":"","overlay-opacity":"","overlay-gradient":""},"mobile":{"background-color":"","background-image":"","background-repeat":"repeat","background-position":"center center","background-size":"auto","background-attachment":"scroll","background-type":"","background-media":"","overlay-type":"","overlay-color":"","overlay-opacity":"","overlay-gradient":""}},"ast-content-background-meta":{"desktop":{"background-color":"var(--ast-global-color-4)","background-image":"","background-repeat":"repeat","background-position":"center center","background-size":"auto","background-attachment":"scroll","background-type":"","background-media":"","overlay-type":"","overlay-color":"","overlay-opacity":"","overlay-gradient":""},"tablet":{"background-color":"var(--ast-global-color-4)","background-image":"","background-repeat":"repeat","background-position":"center center","background-size":"auto","background-attachment":"scroll","background-type":"","background-media":"","overlay-type":"","overlay-color":"","overlay-opacity":"","overlay-gradient":""},"mobile":{"background-color":"var(--ast-global-color-4)","background-image":"","background-repeat":"repeat","background-position":"center center","background-size":"auto","background-attachment":"scroll","background-type":"","background-media":"","overlay-type":"","overlay-color":"","overlay-opacity":"","overlay-gradient":""}},"footnotes":""},"class_list":["post-5939","page","type-page","status-publish","has-post-thumbnail","hentry"],"_links":{"self":[{"href":"https:\/\/www.gingerbreadmanor.com\/fr\/wp-json\/wp\/v2\/pages\/5939","targetHints":{"allow":["GET"]}}],"collection":[{"href":"https:\/\/www.gingerbreadmanor.com\/fr\/wp-json\/wp\/v2\/pages"}],"about":[{"href":"https:\/\/www.gingerbreadmanor.com\/fr\/wp-json\/wp\/v2\/types\/page"}],"author":[{"embeddable":true,"href":"https:\/\/www.gingerbreadmanor.com\/fr\/wp-json\/wp\/v2\/users\/2"}],"replies":[{"embeddable":true,"href":"https:\/\/www.gingerbreadmanor.com\/fr\/wp-json\/wp\/v2\/comments?post=5939"}],"version-history":[{"count":2,"href":"https:\/\/www.gingerbreadmanor.com\/fr\/wp-json\/wp\/v2\/pages\/5939\/revisions"}],"predecessor-version":[{"id":41965,"href":"https:\/\/www.gingerbreadmanor.com\/fr\/wp-json\/wp\/v2\/pages\/5939\/revisions\/41965"}],"wp:featuredmedia":[{"embeddable":true,"href":"https:\/\/www.gingerbreadmanor.com\/fr\/wp-json\/wp\/v2\/media\/8873"}],"wp:attachment":[{"href":"https:\/\/www.gingerbreadmanor.com\/fr\/wp-json\/wp\/v2\/media?parent=5939"}],"curies":[{"name":"wp","href":"https:\/\/api.w.org\/{rel}","templated":true}]}}