{"id":8961,"date":"2021-08-24T18:51:28","date_gmt":"2021-08-24T23:51:28","guid":{"rendered":"https:\/\/www.gingerbreadmanor.com\/?page_id=8961"},"modified":"2026-01-30T13:42:11","modified_gmt":"2026-01-30T18:42:11","slug":"plateau-mont-royal","status":"publish","type":"page","link":"https:\/\/www.gingerbreadmanor.com\/fr\/plateau-mont-royal\/","title":{"rendered":"Plateau Mont-Royal"},"content":{"rendered":"\t\t<div data-elementor-type=\"wp-page\" data-elementor-id=\"8961\" class=\"elementor elementor-8961 elementor-6196\" data-elementor-settings=\"{&quot;element_pack_global_tooltip_width&quot;:{&quot;unit&quot;:&quot;px&quot;,&quot;size&quot;:&quot;&quot;,&quot;sizes&quot;:[]},&quot;element_pack_global_tooltip_width_tablet&quot;:{&quot;unit&quot;:&quot;px&quot;,&quot;size&quot;:&quot;&quot;,&quot;sizes&quot;:[]},&quot;element_pack_global_tooltip_width_mobile&quot;:{&quot;unit&quot;:&quot;px&quot;,&quot;size&quot;:&quot;&quot;,&quot;sizes&quot;:[]},&quot;element_pack_global_tooltip_padding&quot;:{&quot;unit&quot;:&quot;px&quot;,&quot;top&quot;:&quot;&quot;,&quot;right&quot;:&quot;&quot;,&quot;bottom&quot;:&quot;&quot;,&quot;left&quot;:&quot;&quot;,&quot;isLinked&quot;:true},&quot;element_pack_global_tooltip_padding_tablet&quot;:{&quot;unit&quot;:&quot;px&quot;,&quot;top&quot;:&quot;&quot;,&quot;right&quot;:&quot;&quot;,&quot;bottom&quot;:&quot;&quot;,&quot;left&quot;:&quot;&quot;,&quot;isLinked&quot;:true},&quot;element_pack_global_tooltip_padding_mobile&quot;:{&quot;unit&quot;:&quot;px&quot;,&quot;top&quot;:&quot;&quot;,&quot;right&quot;:&quot;&quot;,&quot;bottom&quot;:&quot;&quot;,&quot;left&quot;:&quot;&quot;,&quot;isLinked&quot;:true},&quot;element_pack_global_tooltip_border_radius&quot;:{&quot;unit&quot;:&quot;px&quot;,&quot;top&quot;:&quot;&quot;,&quot;right&quot;:&quot;&quot;,&quot;bottom&quot;:&quot;&quot;,&quot;left&quot;:&quot;&quot;,&quot;isLinked&quot;:true},&quot;element_pack_global_tooltip_border_radius_tablet&quot;:{&quot;unit&quot;:&quot;px&quot;,&quot;top&quot;:&quot;&quot;,&quot;right&quot;:&quot;&quot;,&quot;bottom&quot;:&quot;&quot;,&quot;left&quot;:&quot;&quot;,&quot;isLinked&quot;:true},&quot;element_pack_global_tooltip_border_radius_mobile&quot;:{&quot;unit&quot;:&quot;px&quot;,&quot;top&quot;:&quot;&quot;,&quot;right&quot;:&quot;&quot;,&quot;bottom&quot;:&quot;&quot;,&quot;left&quot;:&quot;&quot;,&quot;isLinked&quot;:true}}\">\n\t\t\t\t\t\t<section class=\"elementor-section elementor-top-section elementor-element elementor-element-761b7f8f elementor-section-boxed elementor-section-height-default elementor-section-height-default\" data-id=\"761b7f8f\" data-element_type=\"section\" data-e-type=\"section\">\n\t\t\t\t\t\t<div class=\"elementor-container elementor-column-gap-default\">\n\t\t\t\t\t<div class=\"elementor-column elementor-col-100 elementor-top-column elementor-element elementor-element-317b3aac\" data-id=\"317b3aac\" data-element_type=\"column\" data-e-type=\"column\">\n\t\t\t<div class=\"elementor-widget-wrap elementor-element-populated\">\n\t\t\t\t\t\t<div class=\"elementor-element elementor-element-4d8cb2c elementor-widget elementor-widget-heading\" data-id=\"4d8cb2c\" data-element_type=\"widget\" data-e-type=\"widget\" data-widget_type=\"heading.default\">\n\t\t\t\t<div class=\"elementor-widget-container\">\n\t\t\t\t\t<h1 class=\"elementor-heading-title elementor-size-default\">Plateau Mont-Royal<\/h1>\t\t\t\t<\/div>\n\t\t\t\t<\/div>\n\t\t\t\t<div class=\"elementor-element elementor-element-8c519d5 elementor-widget elementor-widget-heading\" data-id=\"8c519d5\" data-element_type=\"widget\" data-e-type=\"widget\" data-widget_type=\"heading.default\">\n\t\t\t\t<div class=\"elementor-widget-container\">\n\t\t\t\t\t<h2 class=\"elementor-heading-title elementor-size-default\">\u00c0 propos du Plateau Mont-Royal<\/h2>\t\t\t\t<\/div>\n\t\t\t\t<\/div>\n\t\t\t\t<div class=\"elementor-element elementor-element-e0e3524 elementor-widget elementor-widget-text-editor\" data-id=\"e0e3524\" data-element_type=\"widget\" data-e-type=\"widget\" data-widget_type=\"text-editor.default\">\n\t\t\t\t<div class=\"elementor-widget-container\">\n\t\t\t\t\t\t\t\t\t<p>Le Plateau Mont-Royal, situ\u00e9 \u00e0 Montr\u00e9al, Qu\u00e9bec, Canada, est r\u00e9put\u00e9 pour son standing boh\u00e8me et son architecture distinctive, ce qui en fait l&rsquo;un des plus beaux quartiers de Montr\u00e9al. Son nom vient de sa localisation sur un terrain relativement plat situ\u00e9 au nord du centre-ville et \u00e0 l&rsquo;est de Mont-Royal. Le Plateau Mont-Royal regorge de bistros et de boutiques locales, nich\u00e9s le long d&rsquo;avenues \u00e9troites bord\u00e9es d&rsquo;arbres et offrant une architecture datant du d\u00e9but des ann\u00e9es 1900. Cette zone compte \u00e9galement plusieurs des destinations de magasinage les plus importantes de Montr\u00e9al, o\u00f9 vous pouvez trouver une gamme de livres anciens, de v\u00eatements vintage et d&rsquo;articles de d\u00e9coration excentriques. Le Plateau Mont-Royal de Montr\u00e9al est l&rsquo;un des quartiers les plus historiques et les plus pittoresques de la ville et est un incontournable pour ceux qui cherchent \u00e0 s&rsquo;immerger dans la culture locale et \u00e0 explorer des lieux uniques.<\/p>\t\t\t\t\t\t\t\t<\/div>\n\t\t\t\t<\/div>\n\t\t\t\t<div class=\"elementor-element elementor-element-d14f9e4 elementor-widget elementor-widget-video\" data-id=\"d14f9e4\" data-element_type=\"widget\" data-e-type=\"widget\" data-settings=\"{&quot;youtube_url&quot;:&quot;https:\\\/\\\/youtu.be\\\/3zUow6v2T3Y&quot;,&quot;video_type&quot;:&quot;youtube&quot;,&quot;controls&quot;:&quot;yes&quot;}\" data-widget_type=\"video.default\">\n\t\t\t\t<div class=\"elementor-widget-container\">\n\t\t\t\t\t\t\t<div class=\"elementor-wrapper elementor-open-inline\">\n\t\t\t<div class=\"elementor-video\"><\/div>\t\t<\/div>\n\t\t\t\t\t\t<\/div>\n\t\t\t\t<\/div>\n\t\t\t\t<div class=\"elementor-element elementor-element-6b66062 elementor-widget elementor-widget-text-editor\" data-id=\"6b66062\" data-element_type=\"widget\" data-e-type=\"widget\" data-widget_type=\"text-editor.default\">\n\t\t\t\t<div class=\"elementor-widget-container\">\n\t\t\t\t\t\t\t\t\t<p>Le Plateau Mont-Royal est un arrondissement de Montr\u00e9al, Qu\u00e9bec, Canada et Le Manoir aux Pains d&rsquo;\u00c9pices est situ\u00e9 sur le Plateau Mont-Royal.<\/p>\t\t\t\t\t\t\t\t<\/div>\n\t\t\t\t<\/div>\n\t\t\t\t<div class=\"elementor-element elementor-element-3abfe45 elementor-widget elementor-widget-heading\" data-id=\"3abfe45\" data-element_type=\"widget\" data-e-type=\"widget\" data-widget_type=\"heading.default\">\n\t\t\t\t<div class=\"elementor-widget-container\">\n\t\t\t\t\t<h2 class=\"elementor-heading-title elementor-size-default\">S\u00e9journez au g\u00eete le Manoir aux Pains d'\u00c9pices lors de votre passage sur le Plateau Mont-Royal.<\/h2>\t\t\t\t<\/div>\n\t\t\t\t<\/div>\n\t\t\t\t<div class=\"elementor-element elementor-element-9d4a964 elementor-widget elementor-widget-text-editor\" data-id=\"9d4a964\" data-element_type=\"widget\" data-e-type=\"widget\" data-widget_type=\"text-editor.default\">\n\t\t\t\t<div class=\"elementor-widget-container\">\n\t\t\t\t\t\t\t\t\t<p>Gingerbread Manor est un manoir exquis et bien conserv\u00e9, plein de caract\u00e8re et de charme. Les propri\u00e9taires sont tout aussi charmants, vous faisant sentir comme chez vous et offrant d&rsquo;excellentes recommandations pour les restaurants, les visites et les transports. L&rsquo;ambiance du manoir est chaleureuse et accueillante, ajoutant au confort g\u00e9n\u00e9ral de l&rsquo;endroit. Les propri\u00e9taires sont tr\u00e8s fiers de garder l&rsquo;endroit impeccablement propre, afin que vous puissiez vous reposer et profiter de votre s\u00e9jour.<\/p><p>Le petit-d\u00e9jeuner est vraiment quelque chose de sp\u00e9cial, avec diff\u00e9rentes offres d\u00e9licieuses chaque jour. Le manoir est id\u00e9alement situ\u00e9 \u00e0 proximit\u00e9 des locations de v\u00e9los BIXI, ce qui vous permet d&rsquo;explorer facilement la ville sur deux roues. Une connexion Wi-Fi gratuite et une t\u00e9l\u00e9vision par c\u00e2ble\/en contenu sont disponibles dans chaque chambre. Si vous pr\u00e9voyez un s\u00e9jour prolong\u00e9, le Gingerbread Manor propose m\u00eame un service de blanchisserie gratuit sur demande pour les clients s\u00e9journant plus d&rsquo;une semaine.<\/p><p>L&#8217;emplacement de cet incroyable manoir est id\u00e9al, offrant un acc\u00e8s facile aux transports en commun, y compris le Vieux-Montr\u00e9al, le m\u00e9tro, les lignes d&rsquo;autobus et d&rsquo;innombrables restaurants. Si vous planifiez un voyage \u00e0 Montr\u00e9al, Gingerbread Manor est l&rsquo;endroit id\u00e9al pour s\u00e9journer et cr\u00e9er des souvenirs inoubliables.<\/p>\t\t\t\t\t\t\t\t<\/div>\n\t\t\t\t<\/div>\n\t\t\t\t<div class=\"elementor-element elementor-element-0e39637 bdt-skin-fedara-style-center elementor-widget elementor-widget-bdt-custom-gallery\" data-id=\"0e39637\" data-element_type=\"widget\" data-e-type=\"widget\" data-settings=\"{&quot;columns&quot;:&quot;3&quot;,&quot;columns_tablet&quot;:&quot;2&quot;,&quot;columns_mobile&quot;:&quot;1&quot;}\" data-widget_type=\"bdt-custom-gallery.default\">\n\t\t\t\t<div class=\"elementor-widget-container\">\n\t\t\t\t\t\t\t<div id=\"bdt-custom-gallery-0e39637\" class=\"bdt-custom-gallery bdt-skin-default bdt-grid bdt-grid-small\" data-bdt-lightbox=\"video-autoplay: true; toggle: .bdt-gallery-lightbox-item; animation:slide;\" data-settings=\"{&quot;id&quot;:&quot;#bdt-custom-gallery-0e39637&quot;,&quot;tiltShow&quot;:false}\">\n\t\t\t\t\t\t<div class=\"bdt-gallery-item bdt-transition-toggle bdt-width-1-1 bdt-width-1-2@s bdt-width-1-3@m\">\n\t\t\t\t<div class=\"bdt-custom-gallery-inner\">\n\n\t\t\t\t\t\n\t\t\t\t\t\n\t\t\t\t\t\t\n\t\t<div class=\"bdt-gallery-thumbnail\">\n\n\t\t\t<img fetchpriority=\"high\" decoding=\"async\" width=\"300\" height=\"262\" src=\"https:\/\/www.gingerbreadmanor.com\/wp-content\/uploads\/2025\/09\/GBM-Exterior-2022-300x262.webp\" class=\"attachment-medium size-medium\" alt=\"\" srcset=\"https:\/\/www.gingerbreadmanor.com\/wp-content\/uploads\/2025\/09\/GBM-Exterior-2022-300x262.webp 300w, https:\/\/www.gingerbreadmanor.com\/wp-content\/uploads\/2025\/09\/GBM-Exterior-2022-1024x895.webp 1024w, https:\/\/www.gingerbreadmanor.com\/wp-content\/uploads\/2025\/09\/GBM-Exterior-2022-768x672.webp 768w, https:\/\/www.gingerbreadmanor.com\/wp-content\/uploads\/2025\/09\/GBM-Exterior-2022-1536x1343.webp 1536w, https:\/\/www.gingerbreadmanor.com\/wp-content\/uploads\/2025\/09\/GBM-Exterior-2022-2048x1791.webp 2048w\" sizes=\"(max-width: 300px) 100vw, 300px\" \/>\n\t\t<\/div>\n\t\t\t\t<div class=\"bdt-overlay bdt-overlay-default bdt-position-cover bdt-transition-fade\">\n\t\t\t<div class=\"bdt-custom-gallery-content\">\n\t\t\t\t<div class=\"bdt-custom-gallery-content-inner\">\n\n\n\n\t\t\t\t\t\t\t\t\t\t\t<div class=\"bdt-flex-inline bdt-gallery-item-link-wrapper\">\n\t\t\t\t\t\t\t<a data-elementor-open-lightbox=\"no\" href=\"https:\/\/www.gingerbreadmanor.com\/wp-content\/uploads\/2025\/09\/GBM-Exterior-2022-scaled.webp\" class=\"bdt-gallery-item-link bdt-gallery-lightbox-item\" data-caption=\"\">\n\t\t\t\t\t\t\t\t\t\t\t\t\t\t\t\t\t<i class=\"ep-icon-plus\" aria-hidden=\"true\"><\/i>\n\t\t\t\t\t\t\t\t\t\t\t\t\t\t\t<\/a>\n\t\t\t\t\t\t<\/div>\n\t\t\t\t\t\n\t\t\t\t\t\t\t<h3 class=\"bdt-gallery-item-title\n\t\t\tbdt-transition-slide-top-small\">\n\t\t\t\t\t<\/h3>\n\t\t\t\t<div class=\"bdt-gallery-item-text bdt-transition-slide-bottom-small\">\n\t\t\t\t<\/div>\n\t\t\n\t\t\t\t<\/div>\n\t\t\t<\/div>\n\t\t<\/div>\n\t\t\n\t\t\t\t\t\t\t\t\t\t<\/div>\n\t\t\t<\/div>\n\n\t\t\t\t\t<div class=\"bdt-gallery-item bdt-transition-toggle bdt-width-1-1 bdt-width-1-2@s bdt-width-1-3@m\">\n\t\t\t\t<div class=\"bdt-custom-gallery-inner\">\n\n\t\t\t\t\t\n\t\t\t\t\t\n\t\t\t\t\t\t\n\t\t<div class=\"bdt-gallery-thumbnail\">\n\n\t\t\t<img decoding=\"async\" width=\"300\" height=\"225\" src=\"https:\/\/www.gingerbreadmanor.com\/wp-content\/uploads\/2013\/08\/CoupleOnPrinceArthur-300x225.jpg\" class=\"attachment-medium size-medium\" alt=\"\" srcset=\"https:\/\/www.gingerbreadmanor.com\/wp-content\/uploads\/2013\/08\/CoupleOnPrinceArthur-300x225.jpg 300w, https:\/\/www.gingerbreadmanor.com\/wp-content\/uploads\/2013\/08\/CoupleOnPrinceArthur-768x576.jpg 768w, https:\/\/www.gingerbreadmanor.com\/wp-content\/uploads\/2013\/08\/CoupleOnPrinceArthur-1024x768.jpg 1024w, https:\/\/www.gingerbreadmanor.com\/wp-content\/uploads\/2013\/08\/CoupleOnPrinceArthur.jpg 2048w\" sizes=\"(max-width: 300px) 100vw, 300px\" \/>\n\t\t<\/div>\n\t\t\t\t<div class=\"bdt-overlay bdt-overlay-default bdt-position-cover bdt-transition-fade\">\n\t\t\t<div class=\"bdt-custom-gallery-content\">\n\t\t\t\t<div class=\"bdt-custom-gallery-content-inner\">\n\n\n\n\t\t\t\t\t\t\t\t\t\t\t<div class=\"bdt-flex-inline bdt-gallery-item-link-wrapper\">\n\t\t\t\t\t\t\t<a data-elementor-open-lightbox=\"no\" href=\"https:\/\/www.gingerbreadmanor.com\/wp-content\/uploads\/2013\/08\/CoupleOnPrinceArthur.jpg\" class=\"bdt-gallery-item-link bdt-gallery-lightbox-item\" data-caption=\"\">\n\t\t\t\t\t\t\t\t\t\t\t\t\t\t\t\t\t<i class=\"ep-icon-plus\" aria-hidden=\"true\"><\/i>\n\t\t\t\t\t\t\t\t\t\t\t\t\t\t\t<\/a>\n\t\t\t\t\t\t<\/div>\n\t\t\t\t\t\n\t\t\t\t\t\t\t<h3 class=\"bdt-gallery-item-title\n\t\t\tbdt-transition-slide-top-small\">\n\t\t\t\t\t<\/h3>\n\t\t\t\t<div class=\"bdt-gallery-item-text bdt-transition-slide-bottom-small\">\n\t\t\t\t<\/div>\n\t\t\n\t\t\t\t<\/div>\n\t\t\t<\/div>\n\t\t<\/div>\n\t\t\n\t\t\t\t\t\t\t\t\t\t<\/div>\n\t\t\t<\/div>\n\n\t\t\t\t\t<div class=\"bdt-gallery-item bdt-transition-toggle bdt-width-1-1 bdt-width-1-2@s bdt-width-1-3@m\">\n\t\t\t\t<div class=\"bdt-custom-gallery-inner\">\n\n\t\t\t\t\t\n\t\t\t\t\t\n\t\t\t\t\t\t\n\t\t<div class=\"bdt-gallery-thumbnail\">\n\n\t\t\t<img decoding=\"async\" width=\"300\" height=\"225\" src=\"https:\/\/www.gingerbreadmanor.com\/wp-content\/uploads\/2013\/08\/carrestlouis-autumn-300x225.jpg\" class=\"attachment-medium size-medium\" alt=\"\" srcset=\"https:\/\/www.gingerbreadmanor.com\/wp-content\/uploads\/2013\/08\/carrestlouis-autumn-300x225.jpg 300w, https:\/\/www.gingerbreadmanor.com\/wp-content\/uploads\/2013\/08\/carrestlouis-autumn-1024x768.jpg 1024w, https:\/\/www.gingerbreadmanor.com\/wp-content\/uploads\/2013\/08\/carrestlouis-autumn-768x576.jpg 768w, https:\/\/www.gingerbreadmanor.com\/wp-content\/uploads\/2013\/08\/carrestlouis-autumn-1536x1152.jpg 1536w, https:\/\/www.gingerbreadmanor.com\/wp-content\/uploads\/2013\/08\/carrestlouis-autumn.jpg 2048w\" sizes=\"(max-width: 300px) 100vw, 300px\" \/>\n\t\t<\/div>\n\t\t\t\t<div class=\"bdt-overlay bdt-overlay-default bdt-position-cover bdt-transition-fade\">\n\t\t\t<div class=\"bdt-custom-gallery-content\">\n\t\t\t\t<div class=\"bdt-custom-gallery-content-inner\">\n\n\n\n\t\t\t\t\t\t\t\t\t\t\t<div class=\"bdt-flex-inline bdt-gallery-item-link-wrapper\">\n\t\t\t\t\t\t\t<a data-elementor-open-lightbox=\"no\" href=\"https:\/\/www.gingerbreadmanor.com\/wp-content\/uploads\/2013\/08\/carrestlouis-autumn.jpg\" class=\"bdt-gallery-item-link bdt-gallery-lightbox-item\" data-caption=\"\">\n\t\t\t\t\t\t\t\t\t\t\t\t\t\t\t\t\t<i class=\"ep-icon-plus\" aria-hidden=\"true\"><\/i>\n\t\t\t\t\t\t\t\t\t\t\t\t\t\t\t<\/a>\n\t\t\t\t\t\t<\/div>\n\t\t\t\t\t\n\t\t\t\t\t\t\t<h3 class=\"bdt-gallery-item-title\n\t\t\tbdt-transition-slide-top-small\">\n\t\t\t\t\t<\/h3>\n\t\t\t\t<div class=\"bdt-gallery-item-text bdt-transition-slide-bottom-small\">\n\t\t\t\t<\/div>\n\t\t\n\t\t\t\t<\/div>\n\t\t\t<\/div>\n\t\t<\/div>\n\t\t\n\t\t\t\t\t\t\t\t\t\t<\/div>\n\t\t\t<\/div>\n\n\t\t\n\t\t\t\t<\/div>\n\t\t\t\t\t\t<\/div>\n\t\t\t\t<\/div>\n\t\t\t\t<section class=\"elementor-section elementor-inner-section elementor-element elementor-element-a5bb0d4 elementor-section-boxed elementor-section-height-default elementor-section-height-default\" data-id=\"a5bb0d4\" data-element_type=\"section\" data-e-type=\"section\">\n\t\t\t\t\t\t<div class=\"elementor-container elementor-column-gap-default\">\n\t\t\t\t\t<div class=\"elementor-column elementor-col-50 elementor-inner-column elementor-element elementor-element-255444d\" data-id=\"255444d\" data-element_type=\"column\" data-e-type=\"column\">\n\t\t\t<div class=\"elementor-widget-wrap elementor-element-populated\">\n\t\t\t\t\t\t<div class=\"elementor-element elementor-element-0d65d3c elementor-widget elementor-widget-image\" data-id=\"0d65d3c\" data-element_type=\"widget\" data-e-type=\"widget\" data-widget_type=\"image.default\">\n\t\t\t\t<div class=\"elementor-widget-container\">\n\t\t\t\t\t\t\t\t\t\t\t\t\t\t\t<img loading=\"lazy\" decoding=\"async\" width=\"300\" height=\"293\" src=\"https:\/\/www.gingerbreadmanor.com\/wp-content\/uploads\/2013\/08\/PlateauMontRoyal-300x293.png\" class=\"attachment-medium size-medium wp-image-36830\" alt=\"Le Plateau Mont-Royal\" srcset=\"https:\/\/www.gingerbreadmanor.com\/wp-content\/uploads\/2013\/08\/PlateauMontRoyal-300x293.png 300w, https:\/\/www.gingerbreadmanor.com\/wp-content\/uploads\/2013\/08\/PlateauMontRoyal-36x36.png 36w, https:\/\/www.gingerbreadmanor.com\/wp-content\/uploads\/2013\/08\/PlateauMontRoyal.png 603w\" sizes=\"(max-width: 300px) 100vw, 300px\" \/>\t\t\t\t\t\t\t\t\t\t\t\t\t\t\t<\/div>\n\t\t\t\t<\/div>\n\t\t\t\t\t<\/div>\n\t\t<\/div>\n\t\t\t\t<div class=\"elementor-column elementor-col-50 elementor-inner-column elementor-element elementor-element-c8f53a9\" data-id=\"c8f53a9\" data-element_type=\"column\" data-e-type=\"column\">\n\t\t\t<div class=\"elementor-widget-wrap elementor-element-populated\">\n\t\t\t\t\t\t<div class=\"elementor-element elementor-element-8b0828d elementor-widget elementor-widget-heading\" data-id=\"8b0828d\" data-element_type=\"widget\" data-e-type=\"widget\" data-widget_type=\"heading.default\">\n\t\t\t\t<div class=\"elementor-widget-container\">\n\t\t\t\t\t<h2 class=\"elementor-heading-title elementor-size-default\">\u00c0 quelle distance se trouve le Manoir aux Pains d'\u00c9pices du Plateau Mont-Royal?<\/h2>\t\t\t\t<\/div>\n\t\t\t\t<\/div>\n\t\t\t\t<div class=\"elementor-element elementor-element-9ec4f97 elementor-widget elementor-widget-text-editor\" data-id=\"9ec4f97\" data-element_type=\"widget\" data-e-type=\"widget\" data-widget_type=\"text-editor.default\">\n\t\t\t\t<div class=\"elementor-widget-container\">\n\t\t\t\t\t\t\t\t\t<p>Gingerbread Manor est nich\u00e9 au c\u0153ur du Plateau Mont Royal, un quartier connu pour son ambiance boh\u00e8me et son architecture \u00e9poustouflante. Le manoir est situ\u00e9 sur l&rsquo;avenue Laval, r\u00e9put\u00e9e pour sa beaut\u00e9 et son charme, ce qui en fait l&rsquo;une des plus belles rues de tout Montr\u00e9al. \u00c0 deux pas du Manoir aux Pains d&rsquo;\u00c9pices se trouve le Square St-Louis, ou comme l&rsquo;appellent les locaux, le Carr\u00e9 St-Louis. Cette place a re\u00e7u les \u00e9loges du \u00ab\u00a0Project for Public Spaces\u00a0\u00bb, qui l&rsquo;a nomm\u00e9e \u00ab\u00a0&#8230; la chose la plus proche d&rsquo;une place de quartier europ\u00e9enne que vous trouverez de ce c\u00f4t\u00e9 de l&rsquo;Atlantique\u00a0\u00bb.<\/p><p>Pour ceux qui cherchent \u00e0 explorer Montr\u00e9al, la station de m\u00e9tro Sherbrooke est id\u00e9alement situ\u00e9e juste en face du parc. De plus, la ligne d&rsquo;autobus 24 longe la rue Sherbrooke, facilitant l&rsquo;acc\u00e8s au <a href=\"https:\/\/www.mbam.qc.ca\/fr\/\" target=\"_blank\" rel=\"noopener\">Mus\u00e9e des beaux-arts de Montr\u00e9al<\/a>. Le quartier est \u00e9galement un lieu de tournage populaire, avec plusieurs films et Les \u00ab\u00a0Gags\u00a0\u00bb Juste Pour Rire tourn\u00e9s dans la r\u00e9gion. Avec tant de choses \u00e0 voir et \u00e0 faire, Le Manoir aux Pains d&rsquo;\u00c9pices est le point de d\u00e9part id\u00e9al pour une aventure \u00e0 Montr\u00e9al.<\/p>\t\t\t\t\t\t\t\t<\/div>\n\t\t\t\t<\/div>\n\t\t\t\t\t<\/div>\n\t\t<\/div>\n\t\t\t\t\t<\/div>\n\t\t<\/section>\n\t\t\t\t\t<\/div>\n\t\t<\/div>\n\t\t\t\t\t<\/div>\n\t\t<\/section>\n\t\t\t\t<\/div>\n\t\t","protected":false},"excerpt":{"rendered":"<p>Plateau Mont-Royal \u00c0 propos du Plateau Mont-Royal Le Plateau Mont-Royal, situ\u00e9 \u00e0 Montr\u00e9al, Qu\u00e9bec, Canada, est r\u00e9put\u00e9 pour son standing [&hellip;]<\/p>\n","protected":false},"author":1,"featured_media":40156,"parent":0,"menu_order":2,"comment_status":"closed","ping_status":"closed","template":"elementor_header_footer","meta":{"_monsterinsights_skip_tracking":false,"_monsterinsights_sitenote_active":false,"_monsterinsights_sitenote_note":"","_monsterinsights_sitenote_category":0,"site-sidebar-layout":"default","site-content-layout":"","ast-site-content-layout":"default","site-content-style":"default","site-sidebar-style":"default","ast-global-header-display":"","ast-banner-title-visibility":"","ast-main-header-display":"","ast-hfb-above-header-display":"","ast-hfb-below-header-display":"","ast-hfb-mobile-header-display":"","site-post-title":"disabled","ast-breadcrumbs-content":"","ast-featured-img":"","footer-sml-layout":"","ast-disable-related-posts":"","theme-transparent-header-meta":"","adv-header-id-meta":"","stick-header-meta":"","header-above-stick-meta":"","header-main-stick-meta":"","header-below-stick-meta":"","astra-migrate-meta-layouts":"default","ast-page-background-enabled":"default","ast-page-background-meta":{"desktop":{"background-color":"var(--ast-global-color-5)","background-image":"","background-repeat":"repeat","background-position":"center center","background-size":"auto","background-attachment":"scroll","background-type":"","background-media":"","overlay-type":"","overlay-color":"","overlay-opacity":"","overlay-gradient":""},"tablet":{"background-color":"","background-image":"","background-repeat":"repeat","background-position":"center center","background-size":"auto","background-attachment":"scroll","background-type":"","background-media":"","overlay-type":"","overlay-color":"","overlay-opacity":"","overlay-gradient":""},"mobile":{"background-color":"","background-image":"","background-repeat":"repeat","background-position":"center center","background-size":"auto","background-attachment":"scroll","background-type":"","background-media":"","overlay-type":"","overlay-color":"","overlay-opacity":"","overlay-gradient":""}},"ast-content-background-meta":{"desktop":{"background-color":"var(--ast-global-color-4)","background-image":"","background-repeat":"repeat","background-position":"center center","background-size":"auto","background-attachment":"scroll","background-type":"","background-media":"","overlay-type":"","overlay-color":"","overlay-opacity":"","overlay-gradient":""},"tablet":{"background-color":"var(--ast-global-color-4)","background-image":"","background-repeat":"repeat","background-position":"center center","background-size":"auto","background-attachment":"scroll","background-type":"","background-media":"","overlay-type":"","overlay-color":"","overlay-opacity":"","overlay-gradient":""},"mobile":{"background-color":"var(--ast-global-color-4)","background-image":"","background-repeat":"repeat","background-position":"center center","background-size":"auto","background-attachment":"scroll","background-type":"","background-media":"","overlay-type":"","overlay-color":"","overlay-opacity":"","overlay-gradient":""}},"footnotes":""},"class_list":["post-8961","page","type-page","status-publish","has-post-thumbnail","hentry"],"_links":{"self":[{"href":"https:\/\/www.gingerbreadmanor.com\/fr\/wp-json\/wp\/v2\/pages\/8961","targetHints":{"allow":["GET"]}}],"collection":[{"href":"https:\/\/www.gingerbreadmanor.com\/fr\/wp-json\/wp\/v2\/pages"}],"about":[{"href":"https:\/\/www.gingerbreadmanor.com\/fr\/wp-json\/wp\/v2\/types\/page"}],"author":[{"embeddable":true,"href":"https:\/\/www.gingerbreadmanor.com\/fr\/wp-json\/wp\/v2\/users\/1"}],"replies":[{"embeddable":true,"href":"https:\/\/www.gingerbreadmanor.com\/fr\/wp-json\/wp\/v2\/comments?post=8961"}],"version-history":[{"count":2,"href":"https:\/\/www.gingerbreadmanor.com\/fr\/wp-json\/wp\/v2\/pages\/8961\/revisions"}],"predecessor-version":[{"id":42308,"href":"https:\/\/www.gingerbreadmanor.com\/fr\/wp-json\/wp\/v2\/pages\/8961\/revisions\/42308"}],"wp:featuredmedia":[{"embeddable":true,"href":"https:\/\/www.gingerbreadmanor.com\/fr\/wp-json\/wp\/v2\/media\/40156"}],"wp:attachment":[{"href":"https:\/\/www.gingerbreadmanor.com\/fr\/wp-json\/wp\/v2\/media?parent=8961"}],"curies":[{"name":"wp","href":"https:\/\/api.w.org\/{rel}","templated":true}]}}